{"id":4531,"date":"2025-06-13T18:01:33","date_gmt":"2025-06-14T00:01:33","guid":{"rendered":"https:\/\/camilamoda.com\/?post_type=product&#038;p=4531"},"modified":"2025-06-13T18:30:56","modified_gmt":"2025-06-14T00:30:56","slug":"sarten-del-chef-de-30cm-sin-tapadera-renaware","status":"publish","type":"product","link":"https:\/\/camilamoda.com\/index.php\/producto\/sarten-del-chef-de-30cm-sin-tapadera-renaware\/","title":{"rendered":"Sart\u00e9n del Chef de 30cm Sin Tapadera Renaware"},"content":{"rendered":"<p>Rendimiento de Cocina Inigualable<\/p>\n<p>Experimente el arte de cocinar como nunca antes con la Sart\u00e9n de Chef Renaware de 30 cm. Esta sart\u00e9n de alta calidad ha sido dise\u00f1ada para ofrecer un rendimiento excepcional,<\/p>\n<p>garantizando que cada comida se cocine a la perfecci\u00f3n. Ya sea que est\u00e9 salteando verduras, sellando carnes o preparando sus platillos favoritos, esta sart\u00e9n proporciona una distribuci\u00f3n uniforme del calor, lo que permite resultados consistentes y confiables.<\/p>\n<p>Durabilidad y Dise\u00f1o Unidos Fabricada con materiales de primera calidad, la Sart\u00e9n de Chef Renaware de 30 cm ofrece una durabilidad impresionante que resiste el paso del tiempo. Su dise\u00f1o elegante y estilizado no solo realza la est\u00e9tica de su cocina, sino que tambi\u00e9n ofrece una superficie antiadherente que simplifica la cocci\u00f3n y la limpieza.<\/p>\n<p>Puede concentrarse en crear comidas deliciosas sin la molestia de los residuos persistentes. Su mango ergon\u00f3mico proporciona un agarre c\u00f3modo, lo que facilita el manejo y la volteo de sus creaciones culinarias.<\/p>\n<p>Un utensilio esencial de cocina vers\u00e1til El tama\u00f1o de 30 cm de esta sart\u00e9n Renaware es perfecto tanto para comidas individuales como para porciones familiares, adapt\u00e1ndose a diversos m\u00e9todos de cocci\u00f3n. Desde fre\u00edr hasta asar, es un utensilio esencial de cocina vers\u00e1til que se adapta a tus necesidades culinarias.<\/p>\n<p>\u00dasala en una estufa de gas, una hornilla el\u00e9ctrica o incluso en el horno: \u00a1las posibilidades son infinitas! Mejora tu colecci\u00f3n de cocina y disfruta de una experiencia culinaria superior con la sart\u00e9n de chef Renaware de 30 cm.<\/p>\n","protected":false},"excerpt":{"rendered":"<p>Garant\u00eda vitalicia<\/p>\n<p>Material Acero Inoxidable con grado Quir\u00fargico<\/p>\n","protected":false},"featured_media":4532,"comment_status":"open","ping_status":"closed","template":"","meta":{"site-sidebar-layout":"default","site-content-layout":"","ast-site-content-layout":"default","site-content-style":"default","site-sidebar-style":"default","ast-global-header-display":"","ast-banner-title-visibility":"","ast-main-header-display":"","ast-hfb-above-header-display":"","ast-hfb-below-header-display":"","ast-hfb-mobile-header-display":"","site-post-title":"","ast-breadcrumbs-content":"","ast-featured-img":"","footer-sml-layout":"","ast-disable-related-posts":"","theme-transparent-header-meta":"default","adv-header-id-meta":"","stick-header-meta":"","header-above-stick-meta":"","header-main-stick-meta":"","header-below-stick-meta":"","astra-migrate-meta-layouts":"set","ast-page-background-enabled":"default","ast-page-background-meta":{"desktop":{"background-color":"","background-image":"","background-repeat":"repeat","background-position":"center center","background-size":"auto","background-attachment":"scroll","background-type":"","background-media":"","overlay-type":"","overlay-color":"","overlay-opacity":"","overlay-gradient":""},"tablet":{"background-color":"","background-image":"","background-repeat":"repeat","background-position":"center center","background-size":"auto","background-attachment":"scroll","background-type":"","background-media":"","overlay-type":"","overlay-color":"","overlay-opacity":"","overlay-gradient":""},"mobile":{"background-color":"","background-image":"","background-repeat":"repeat","background-position":"center center","background-size":"auto","background-attachment":"scroll","background-type":"","background-media":"","overlay-type":"","overlay-color":"","overlay-opacity":"","overlay-gradient":""}},"ast-content-background-meta":{"desktop":{"background-color":"var(--ast-global-color-5)","background-image":"","background-repeat":"repeat","background-position":"center center","background-size":"auto","background-attachment":"scroll","background-type":"","background-media":"","overlay-type":"","overlay-color":"","overlay-opacity":"","overlay-gradient":""},"tablet":{"background-color":"var(--ast-global-color-5)","background-image":"","background-repeat":"repeat","background-position":"center center","background-size":"auto","background-attachment":"scroll","background-type":"","background-media":"","overlay-type":"","overlay-color":"","overlay-opacity":"","overlay-gradient":""},"mobile":{"background-color":"var(--ast-global-color-5)","background-image":"","background-repeat":"repeat","background-position":"center center","background-size":"auto","background-attachment":"scroll","background-type":"","background-media":"","overlay-type":"","overlay-color":"","overlay-opacity":"","overlay-gradient":""}},"_joinchat":[]},"product_brand":[],"product_cat":[37,183],"product_tag":[],"class_list":{"0":"post-4531","1":"product","2":"type-product","3":"status-publish","4":"has-post-thumbnail","6":"product_cat-hogar","7":"product_cat-sartenes","8":"desktop-align-center","9":"tablet-align-left","10":"mobile-align-left","12":"first","13":"instock","14":"shipping-taxable","15":"purchasable","16":"product-type-simple"},"aioseo_notices":[],"jetpack_sharing_enabled":true,"_links":{"self":[{"href":"https:\/\/camilamoda.com\/index.php\/wp-json\/wp\/v2\/product\/4531","targetHints":{"allow":["GET"]}}],"collection":[{"href":"https:\/\/camilamoda.com\/index.php\/wp-json\/wp\/v2\/product"}],"about":[{"href":"https:\/\/camilamoda.com\/index.php\/wp-json\/wp\/v2\/types\/product"}],"replies":[{"embeddable":true,"href":"https:\/\/camilamoda.com\/index.php\/wp-json\/wp\/v2\/comments?post=4531"}],"wp:featuredmedia":[{"embeddable":true,"href":"https:\/\/camilamoda.com\/index.php\/wp-json\/wp\/v2\/media\/4532"}],"wp:attachment":[{"href":"https:\/\/camilamoda.com\/index.php\/wp-json\/wp\/v2\/media?parent=4531"}],"wp:term":[{"taxonomy":"product_brand","embeddable":true,"href":"https:\/\/camilamoda.com\/index.php\/wp-json\/wp\/v2\/product_brand?post=4531"},{"taxonomy":"product_cat","embeddable":true,"href":"https:\/\/camilamoda.com\/index.php\/wp-json\/wp\/v2\/product_cat?post=4531"},{"taxonomy":"product_tag","embeddable":true,"href":"https:\/\/camilamoda.com\/index.php\/wp-json\/wp\/v2\/product_tag?post=4531"}],"curies":[{"name":"wp","href":"https:\/\/api.w.org\/{rel}","templated":true}]}}