{"id":4421,"date":"2025-01-20T16:32:42","date_gmt":"2025-01-20T22:32:42","guid":{"rendered":"https:\/\/camilamoda.com\/?post_type=product&#038;p=4421"},"modified":"2025-01-20T16:32:42","modified_gmt":"2025-01-20T22:32:42","slug":"pulsera-gruesa-de-cadena-con-nudo-infinito","status":"publish","type":"product","link":"https:\/\/camilamoda.com\/index.php\/producto\/pulsera-gruesa-de-cadena-con-nudo-infinito\/","title":{"rendered":"Pulsera Gruesa de Cadena con Nudo Infinito"},"content":{"rendered":"<p>Es el doble de amor con la interpretaci\u00f3n \u00fanica de Pandora del s\u00edmbolo del infinito. El nudo ic\u00f3nico envuelve el centro asim\u00e9tricamente para indicar la fuerza de la conexi\u00f3n. Esta pulsera gruesa de plata de ley con nudo infinito es la representaci\u00f3n perfecta de un v\u00ednculo inquebrantable y una adici\u00f3n cl\u00e1sica a su colecci\u00f3n de pulseras. El cierre infinito se abre y se puede combinar con hasta dos dijes o colgantes colgantes de Pandora Moments.<\/p>\n","protected":false},"excerpt":{"rendered":"<p>Marca: Pandora<\/p>\n<p>Metal: Plata 925<\/p>\n","protected":false},"featured_media":4422,"comment_status":"open","ping_status":"closed","template":"","meta":{"site-sidebar-layout":"default","site-content-layout":"","ast-site-content-layout":"default","site-content-style":"default","site-sidebar-style":"default","ast-global-header-display":"","ast-banner-title-visibility":"","ast-main-header-display":"","ast-hfb-above-header-display":"","ast-hfb-below-header-display":"","ast-hfb-mobile-header-display":"","site-post-title":"","ast-breadcrumbs-content":"","ast-featured-img":"","footer-sml-layout":"","ast-disable-related-posts":"","theme-transparent-header-meta":"default","adv-header-id-meta":"","stick-header-meta":"","header-above-stick-meta":"","header-main-stick-meta":"","header-below-stick-meta":"","astra-migrate-meta-layouts":"set","ast-page-background-enabled":"default","ast-page-background-meta":{"desktop":{"background-color":"","background-image":"","background-repeat":"repeat","background-position":"center center","background-size":"auto","background-attachment":"scroll","background-type":"","background-media":"","overlay-type":"","overlay-color":"","overlay-opacity":"","overlay-gradient":""},"tablet":{"background-color":"","background-image":"","background-repeat":"repeat","background-position":"center center","background-size":"auto","background-attachment":"scroll","background-type":"","background-media":"","overlay-type":"","overlay-color":"","overlay-opacity":"","overlay-gradient":""},"mobile":{"background-color":"","background-image":"","background-repeat":"repeat","background-position":"center center","background-size":"auto","background-attachment":"scroll","background-type":"","background-media":"","overlay-type":"","overlay-color":"","overlay-opacity":"","overlay-gradient":""}},"ast-content-background-meta":{"desktop":{"background-color":"var(--ast-global-color-5)","background-image":"","background-repeat":"repeat","background-position":"center center","background-size":"auto","background-attachment":"scroll","background-type":"","background-media":"","overlay-type":"","overlay-color":"","overlay-opacity":"","overlay-gradient":""},"tablet":{"background-color":"var(--ast-global-color-5)","background-image":"","background-repeat":"repeat","background-position":"center center","background-size":"auto","background-attachment":"scroll","background-type":"","background-media":"","overlay-type":"","overlay-color":"","overlay-opacity":"","overlay-gradient":""},"mobile":{"background-color":"var(--ast-global-color-5)","background-image":"","background-repeat":"repeat","background-position":"center center","background-size":"auto","background-attachment":"scroll","background-type":"","background-media":"","overlay-type":"","overlay-color":"","overlay-opacity":"","overlay-gradient":""}},"_joinchat":[]},"product_brand":[],"product_cat":[17,82],"product_tag":[],"class_list":{"0":"post-4421","1":"product","2":"type-product","3":"status-publish","4":"has-post-thumbnail","6":"product_cat-accesorios","7":"product_cat-pulseras","8":"pa_talla-113","9":"pa_talla-50","10":"pa_talla-114","11":"pa_talla-51","12":"desktop-align-center","13":"tablet-align-left","14":"mobile-align-left","16":"first","17":"instock","18":"shipping-taxable","19":"purchasable","20":"product-type-variable"},"aioseo_notices":[],"jetpack_sharing_enabled":true,"_links":{"self":[{"href":"https:\/\/camilamoda.com\/index.php\/wp-json\/wp\/v2\/product\/4421","targetHints":{"allow":["GET"]}}],"collection":[{"href":"https:\/\/camilamoda.com\/index.php\/wp-json\/wp\/v2\/product"}],"about":[{"href":"https:\/\/camilamoda.com\/index.php\/wp-json\/wp\/v2\/types\/product"}],"replies":[{"embeddable":true,"href":"https:\/\/camilamoda.com\/index.php\/wp-json\/wp\/v2\/comments?post=4421"}],"wp:featuredmedia":[{"embeddable":true,"href":"https:\/\/camilamoda.com\/index.php\/wp-json\/wp\/v2\/media\/4422"}],"wp:attachment":[{"href":"https:\/\/camilamoda.com\/index.php\/wp-json\/wp\/v2\/media?parent=4421"}],"wp:term":[{"taxonomy":"product_brand","embeddable":true,"href":"https:\/\/camilamoda.com\/index.php\/wp-json\/wp\/v2\/product_brand?post=4421"},{"taxonomy":"product_cat","embeddable":true,"href":"https:\/\/camilamoda.com\/index.php\/wp-json\/wp\/v2\/product_cat?post=4421"},{"taxonomy":"product_tag","embeddable":true,"href":"https:\/\/camilamoda.com\/index.php\/wp-json\/wp\/v2\/product_tag?post=4421"}],"curies":[{"name":"wp","href":"https:\/\/api.w.org\/{rel}","templated":true}]}}