{"id":4377,"date":"2025-01-16T11:50:59","date_gmt":"2025-01-16T17:50:59","guid":{"rendered":"https:\/\/camilamoda.com\/?post_type=product&#038;p=4377"},"modified":"2025-01-16T11:50:59","modified_gmt":"2025-01-16T17:50:59","slug":"anillo-de-triple-banda-con-pave-cruzado","status":"publish","type":"product","link":"https:\/\/camilamoda.com\/index.php\/producto\/anillo-de-triple-banda-con-pave-cruzado\/","title":{"rendered":"Anillo de Triple Banda Con Pav\u00e9 Cruzado"},"content":{"rendered":"<p id=\"tw-target-text\" class=\"tw-data-text tw-text-large JgzqYd RES9jf tw-ta\" dir=\"ltr\" data-placeholder=\"Traducci\u00f3n\" data-ved=\"2ahUKEwjCkprp4_qKAxUXTTABHctvLRAQ3ewLegQIBBAW\" aria-label=\"Texto traducido: Opte por capas lineales con el anillo de triple banda Crossover Pav\u00e9. Este anillo de plata de ley presenta tres bandas, una de las cuales se superpone diagonalmente a las otras dos. Una banda interior tiene el logotipo de Pandora, la otra banda interior est\u00e1 pulida y la banda exterior presenta pav\u00e9 de circonita c\u00fabica transparente enmarcado por microcuentas. Las tres bandas se fusionan en la parte posterior del cuerpo del anillo. Inspirado en la estructura en espiral del sistema solar, este anillo aporta una sofisticaci\u00f3n estructural elegante a cualquier look.\"><span class=\"Y2IQFc\" lang=\"es\">Opte por capas lineales con el anillo de triple banda Crossover Pav\u00e9. Este anillo de plata\u00a0 presenta tres bandas, una de las cuales se superpone diagonalmente a las otras dos. Una banda interior tiene el logotipo de Pandora, la otra banda interior est\u00e1 pulida y la banda exterior presenta pav\u00e9 de circonita c\u00fabica transparente enmarcado por microcuentas. Las tres bandas se fusionan en la parte posterior del cuerpo del anillo. Inspirado en la estructura en espiral del sistema solar, este anillo aporta una sofisticaci\u00f3n estructural elegante a cualquier look.<\/span><\/p>\n","protected":false},"excerpt":{"rendered":"<p>Marca: Pandora<\/p>\n<p>Metal: Plata 925<\/p>\n","protected":false},"featured_media":4378,"comment_status":"open","ping_status":"closed","template":"","meta":{"site-sidebar-layout":"default","site-content-layout":"","ast-site-content-layout":"default","site-content-style":"default","site-sidebar-style":"default","ast-global-header-display":"","ast-banner-title-visibility":"","ast-main-header-display":"","ast-hfb-above-header-display":"","ast-hfb-below-header-display":"","ast-hfb-mobile-header-display":"","site-post-title":"","ast-breadcrumbs-content":"","ast-featured-img":"","footer-sml-layout":"","ast-disable-related-posts":"","theme-transparent-header-meta":"default","adv-header-id-meta":"","stick-header-meta":"","header-above-stick-meta":"","header-main-stick-meta":"","header-below-stick-meta":"","astra-migrate-meta-layouts":"set","ast-page-background-enabled":"default","ast-page-background-meta":{"desktop":{"background-color":"","background-image":"","background-repeat":"repeat","background-position":"center center","background-size":"auto","background-attachment":"scroll","background-type":"","background-media":"","overlay-type":"","overlay-color":"","overlay-opacity":"","overlay-gradient":""},"tablet":{"background-color":"","background-image":"","background-repeat":"repeat","background-position":"center center","background-size":"auto","background-attachment":"scroll","background-type":"","background-media":"","overlay-type":"","overlay-color":"","overlay-opacity":"","overlay-gradient":""},"mobile":{"background-color":"","background-image":"","background-repeat":"repeat","background-position":"center center","background-size":"auto","background-attachment":"scroll","background-type":"","background-media":"","overlay-type":"","overlay-color":"","overlay-opacity":"","overlay-gradient":""}},"ast-content-background-meta":{"desktop":{"background-color":"var(--ast-global-color-5)","background-image":"","background-repeat":"repeat","background-position":"center center","background-size":"auto","background-attachment":"scroll","background-type":"","background-media":"","overlay-type":"","overlay-color":"","overlay-opacity":"","overlay-gradient":""},"tablet":{"background-color":"var(--ast-global-color-5)","background-image":"","background-repeat":"repeat","background-position":"center center","background-size":"auto","background-attachment":"scroll","background-type":"","background-media":"","overlay-type":"","overlay-color":"","overlay-opacity":"","overlay-gradient":""},"mobile":{"background-color":"var(--ast-global-color-5)","background-image":"","background-repeat":"repeat","background-position":"center center","background-size":"auto","background-attachment":"scroll","background-type":"","background-media":"","overlay-type":"","overlay-color":"","overlay-opacity":"","overlay-gradient":""}},"_joinchat":[]},"product_brand":[],"product_cat":[17,85],"product_tag":[],"class_list":{"0":"post-4377","1":"product","2":"type-product","3":"status-publish","4":"has-post-thumbnail","6":"product_cat-accesorios","7":"product_cat-anillos","8":"pa_talla-45","9":"desktop-align-center","10":"tablet-align-left","11":"mobile-align-left","13":"first","14":"instock","15":"shipping-taxable","16":"purchasable","17":"product-type-variable"},"aioseo_notices":[],"jetpack_sharing_enabled":true,"_links":{"self":[{"href":"https:\/\/camilamoda.com\/index.php\/wp-json\/wp\/v2\/product\/4377","targetHints":{"allow":["GET"]}}],"collection":[{"href":"https:\/\/camilamoda.com\/index.php\/wp-json\/wp\/v2\/product"}],"about":[{"href":"https:\/\/camilamoda.com\/index.php\/wp-json\/wp\/v2\/types\/product"}],"replies":[{"embeddable":true,"href":"https:\/\/camilamoda.com\/index.php\/wp-json\/wp\/v2\/comments?post=4377"}],"wp:featuredmedia":[{"embeddable":true,"href":"https:\/\/camilamoda.com\/index.php\/wp-json\/wp\/v2\/media\/4378"}],"wp:attachment":[{"href":"https:\/\/camilamoda.com\/index.php\/wp-json\/wp\/v2\/media?parent=4377"}],"wp:term":[{"taxonomy":"product_brand","embeddable":true,"href":"https:\/\/camilamoda.com\/index.php\/wp-json\/wp\/v2\/product_brand?post=4377"},{"taxonomy":"product_cat","embeddable":true,"href":"https:\/\/camilamoda.com\/index.php\/wp-json\/wp\/v2\/product_cat?post=4377"},{"taxonomy":"product_tag","embeddable":true,"href":"https:\/\/camilamoda.com\/index.php\/wp-json\/wp\/v2\/product_tag?post=4377"}],"curies":[{"name":"wp","href":"https:\/\/api.w.org\/{rel}","templated":true}]}}