{"id":4042,"date":"2024-09-04T15:26:49","date_gmt":"2024-09-04T21:26:49","guid":{"rendered":"https:\/\/camilamoda.com\/?post_type=product&#038;p=4042"},"modified":"2024-11-16T08:06:31","modified_gmt":"2024-11-16T14:06:31","slug":"panales-desechables-aiwibi-australia","status":"publish","type":"product","link":"https:\/\/camilamoda.com\/index.php\/producto\/panales-desechables-aiwibi-australia\/","title":{"rendered":"Pa\u00f1ales Desechables Aiwibi Premium Australia"},"content":{"rendered":"<h2>\u00a0Pa\u00f1ales Desechables Aiwibi<\/h2>\n<p>Los pa\u00f1ales desechables Aiwibi son una opci\u00f3n popular entre los padres que buscan comodidad y eficiencia a la hora de cuidar a sus beb\u00e9s. Este producto ofrece una combinaci\u00f3n \u00fanica de caracter\u00edsticas que aseguran la comodidad del beb\u00e9 y la tranquilidad de los padres.<\/p>\n<h2>Caracter\u00edsticas Principales<\/h2>\n<p>Los pa\u00f1ales desechables Aiwibi se destacan por su alta absorci\u00f3n, que mantiene la piel del beb\u00e9 seca por m\u00e1s tiempo. Adem\u00e1s, est\u00e1n dise\u00f1ados con materiales suaves y transpirables que evitan irritaciones y proporcionan una experiencia c\u00f3moda para tu peque\u00f1o.<\/p>\n<h2>Beneficios para los Padres<\/h2>\n<p>Estos pa\u00f1ales no solo son beneficiosos para los beb\u00e9s, sino tambi\u00e9n para los padres. La f\u00e1cil utilizaci\u00f3n y la efectiva protecci\u00f3n contra fugas hacen de los pa\u00f1ales desechables Aiwibi una opci\u00f3n conveniente y confiable.<\/p>\n<p>\u2460 Indicador de humedad:<\/p>\n<p>Se vuelve verde cuando est\u00e1 mojado para recordarle que debe cambiar los pa\u00f1ales de manera oportuna.<\/p>\n<p>\u2461 Cinta frontal:<\/p>\n<p>P\u00e9galo por ambos lados con cinta m\u00e1gica tantas veces como quieras.<\/p>\n<p>\u2462 Cintura el\u00e1stica:<\/p>\n<p>Cintura el\u00e1stica para evitar fugas por la parte trasera y dar comodidad a los beb\u00e9s.<\/p>\n<p>\u2463 Hoja superior:<\/p>\n<p>Tela no tejida s\u00faper suave con un toque final tierno para brindar la mayor comodidad a los beb\u00e9s.<\/p>\n<p>\u2464 Cintas m\u00e1gicas de dos lados reajustables de 3M:<\/p>\n<p>Para pegar firmemente a la cinta frontal para pa\u00f1ales de beb\u00e9 ajustados.<\/p>\n<p><span style=\"font-size: 16px;\">\u2465 Protector contra fugas 3D:<\/span><\/p>\n<p>Para evitar p\u00e9rdidas de orina por ambos lados del pa\u00f1al.<\/p>\n","protected":false},"excerpt":{"rendered":"<p>Marca: Aiwibi Australia<\/p>\n<p>Los mejores pa\u00f1ales para tu beb\u00e9 suaves algod\u00f3n transpirables comprobados por nuestras mam\u00e1s <span style=\"font-size: 16px;\">\u00a0pruebalos y te encantar\u00e1n AIWIBI AUSTRALIA<\/span><\/p>\n","protected":false},"featured_media":4057,"comment_status":"open","ping_status":"closed","template":"","meta":{"site-sidebar-layout":"default","site-content-layout":"","ast-site-content-layout":"default","site-content-style":"default","site-sidebar-style":"default","ast-global-header-display":"","ast-banner-title-visibility":"","ast-main-header-display":"","ast-hfb-above-header-display":"","ast-hfb-below-header-display":"","ast-hfb-mobile-header-display":"","site-post-title":"","ast-breadcrumbs-content":"","ast-featured-img":"","footer-sml-layout":"","ast-disable-related-posts":"","theme-transparent-header-meta":"default","adv-header-id-meta":"","stick-header-meta":"","header-above-stick-meta":"","header-main-stick-meta":"","header-below-stick-meta":"","astra-migrate-meta-layouts":"set","ast-page-background-enabled":"default","ast-page-background-meta":{"desktop":{"background-color":"","background-image":"","background-repeat":"repeat","background-position":"center center","background-size":"auto","background-attachment":"scroll","background-type":"","background-media":"","overlay-type":"","overlay-color":"","overlay-opacity":"","overlay-gradient":""},"tablet":{"background-color":"","background-image":"","background-repeat":"repeat","background-position":"center center","background-size":"auto","background-attachment":"scroll","background-type":"","background-media":"","overlay-type":"","overlay-color":"","overlay-opacity":"","overlay-gradient":""},"mobile":{"background-color":"","background-image":"","background-repeat":"repeat","background-position":"center center","background-size":"auto","background-attachment":"scroll","background-type":"","background-media":"","overlay-type":"","overlay-color":"","overlay-opacity":"","overlay-gradient":""}},"ast-content-background-meta":{"desktop":{"background-color":"var(--ast-global-color-5)","background-image":"","background-repeat":"repeat","background-position":"center center","background-size":"auto","background-attachment":"scroll","background-type":"","background-media":"","overlay-type":"","overlay-color":"","overlay-opacity":"","overlay-gradient":""},"tablet":{"background-color":"var(--ast-global-color-5)","background-image":"","background-repeat":"repeat","background-position":"center center","background-size":"auto","background-attachment":"scroll","background-type":"","background-media":"","overlay-type":"","overlay-color":"","overlay-opacity":"","overlay-gradient":""},"mobile":{"background-color":"var(--ast-global-color-5)","background-image":"","background-repeat":"repeat","background-position":"center center","background-size":"auto","background-attachment":"scroll","background-type":"","background-media":"","overlay-type":"","overlay-color":"","overlay-opacity":"","overlay-gradient":""}},"_joinchat":[]},"product_brand":[],"product_cat":[167,168],"product_tag":[],"class_list":{"0":"post-4042","1":"product","2":"type-product","3":"status-publish","4":"has-post-thumbnail","6":"product_cat-ninos","7":"product_cat-panales-desechables","8":"pa_talla-l","9":"pa_talla-m","10":"pa_talla-s","11":"pa_talla-xl","12":"desktop-align-center","13":"tablet-align-left","14":"mobile-align-left","16":"first","17":"instock","18":"shipping-taxable","19":"product-type-variable"},"aioseo_notices":[],"jetpack_sharing_enabled":true,"_links":{"self":[{"href":"https:\/\/camilamoda.com\/index.php\/wp-json\/wp\/v2\/product\/4042","targetHints":{"allow":["GET"]}}],"collection":[{"href":"https:\/\/camilamoda.com\/index.php\/wp-json\/wp\/v2\/product"}],"about":[{"href":"https:\/\/camilamoda.com\/index.php\/wp-json\/wp\/v2\/types\/product"}],"replies":[{"embeddable":true,"href":"https:\/\/camilamoda.com\/index.php\/wp-json\/wp\/v2\/comments?post=4042"}],"wp:featuredmedia":[{"embeddable":true,"href":"https:\/\/camilamoda.com\/index.php\/wp-json\/wp\/v2\/media\/4057"}],"wp:attachment":[{"href":"https:\/\/camilamoda.com\/index.php\/wp-json\/wp\/v2\/media?parent=4042"}],"wp:term":[{"taxonomy":"product_brand","embeddable":true,"href":"https:\/\/camilamoda.com\/index.php\/wp-json\/wp\/v2\/product_brand?post=4042"},{"taxonomy":"product_cat","embeddable":true,"href":"https:\/\/camilamoda.com\/index.php\/wp-json\/wp\/v2\/product_cat?post=4042"},{"taxonomy":"product_tag","embeddable":true,"href":"https:\/\/camilamoda.com\/index.php\/wp-json\/wp\/v2\/product_tag?post=4042"}],"curies":[{"name":"wp","href":"https:\/\/api.w.org\/{rel}","templated":true}]}}