{"id":3908,"date":"2024-07-19T12:23:37","date_gmt":"2024-07-19T18:23:37","guid":{"rendered":"http:\/\/camilamoda.com\/?post_type=product&#038;p=3908"},"modified":"2024-11-15T15:56:56","modified_gmt":"2024-11-15T21:56:56","slug":"pasta-de-dientes-multiaccion-con-fluoruro-50-g-amway","status":"publish","type":"product","link":"https:\/\/camilamoda.com\/index.php\/producto\/pasta-de-dientes-multiaccion-con-fluoruro-50-g-amway\/","title":{"rendered":"Pasta de Dientes Multiacci\u00f3n con Fluoruro 50 g Amway"},"content":{"rendered":"<p>Ingrediente activo: Fluoruro de Sodio 0.21%.<br \/>\nLa pasta de dientes Glister ayuda a eliminar la placa, limpia eficazmente y ayuda a disminuir las manchas por consumo de caf\u00e9, t\u00e9 y tabaco.<br \/>\nContiene nuestra exclusiva f\u00f3rmula REMINACT que promueve la remineralizaci\u00f3n ayudando a depositar minerales nuevamente en el esmalte para fortalecer los dientes y hacerlos m\u00e1s resistentes a las caries.<br \/>\nContiene fluoruro que ayuda a fortalecer el esmalte de los dientes y a prevenir las caries.<br \/>\nF\u00f3rmula actualizada con Plant-Based Goodness que incluye una mezcla mejorada de sabor a menta certificada por Nutrilite.<br \/>\nF\u00f3rmula libre de parabenos, sin alcohol, sin per\u00f3xido, sin az\u00facar y libre de ingredientes derivados de animales.<br \/>\nAyuda a promover la higiene de las enc\u00edas y mejora la salud bucal en general cuando se usa como parte del Sistema de cuidado bucal Glister.<br \/>\nApoya el equilibrio de tu microbioma oral<\/p>\n","protected":false},"excerpt":{"rendered":"<p>SIEMPRE SUAVE Y EFECTIVA, AHORA LIBRE DE PARABENOS Y CON PLANT-BASED GOODNESS<\/p>\n","protected":false},"featured_media":3909,"comment_status":"open","ping_status":"closed","template":"","meta":{"site-sidebar-layout":"default","site-content-layout":"","ast-site-content-layout":"default","site-content-style":"default","site-sidebar-style":"default","ast-global-header-display":"","ast-banner-title-visibility":"","ast-main-header-display":"","ast-hfb-above-header-display":"","ast-hfb-below-header-display":"","ast-hfb-mobile-header-display":"","site-post-title":"","ast-breadcrumbs-content":"","ast-featured-img":"","footer-sml-layout":"","ast-disable-related-posts":"","theme-transparent-header-meta":"default","adv-header-id-meta":"","stick-header-meta":"","header-above-stick-meta":"","header-main-stick-meta":"","header-below-stick-meta":"","astra-migrate-meta-layouts":"set","ast-page-background-enabled":"default","ast-page-background-meta":{"desktop":{"background-color":"","background-image":"","background-repeat":"repeat","background-position":"center center","background-size":"auto","background-attachment":"scroll","background-type":"","background-media":"","overlay-type":"","overlay-color":"","overlay-opacity":"","overlay-gradient":""},"tablet":{"background-color":"","background-image":"","background-repeat":"repeat","background-position":"center center","background-size":"auto","background-attachment":"scroll","background-type":"","background-media":"","overlay-type":"","overlay-color":"","overlay-opacity":"","overlay-gradient":""},"mobile":{"background-color":"","background-image":"","background-repeat":"repeat","background-position":"center center","background-size":"auto","background-attachment":"scroll","background-type":"","background-media":"","overlay-type":"","overlay-color":"","overlay-opacity":"","overlay-gradient":""}},"ast-content-background-meta":{"desktop":{"background-color":"var(--ast-global-color-5)","background-image":"","background-repeat":"repeat","background-position":"center center","background-size":"auto","background-attachment":"scroll","background-type":"","background-media":"","overlay-type":"","overlay-color":"","overlay-opacity":"","overlay-gradient":""},"tablet":{"background-color":"var(--ast-global-color-5)","background-image":"","background-repeat":"repeat","background-position":"center center","background-size":"auto","background-attachment":"scroll","background-type":"","background-media":"","overlay-type":"","overlay-color":"","overlay-opacity":"","overlay-gradient":""},"mobile":{"background-color":"var(--ast-global-color-5)","background-image":"","background-repeat":"repeat","background-position":"center center","background-size":"auto","background-attachment":"scroll","background-type":"","background-media":"","overlay-type":"","overlay-color":"","overlay-opacity":"","overlay-gradient":""}},"_joinchat":[]},"product_brand":[],"product_cat":[166,164],"product_tag":[],"class_list":{"0":"post-3908","1":"product","2":"type-product","3":"status-publish","4":"has-post-thumbnail","6":"product_cat-cuidado-oral","7":"product_cat-cuidado-personal","8":"desktop-align-center","9":"tablet-align-left","10":"mobile-align-left","12":"first","13":"instock","14":"shipping-taxable","15":"product-type-simple"},"aioseo_notices":[],"jetpack_sharing_enabled":true,"_links":{"self":[{"href":"https:\/\/camilamoda.com\/index.php\/wp-json\/wp\/v2\/product\/3908","targetHints":{"allow":["GET"]}}],"collection":[{"href":"https:\/\/camilamoda.com\/index.php\/wp-json\/wp\/v2\/product"}],"about":[{"href":"https:\/\/camilamoda.com\/index.php\/wp-json\/wp\/v2\/types\/product"}],"replies":[{"embeddable":true,"href":"https:\/\/camilamoda.com\/index.php\/wp-json\/wp\/v2\/comments?post=3908"}],"wp:featuredmedia":[{"embeddable":true,"href":"https:\/\/camilamoda.com\/index.php\/wp-json\/wp\/v2\/media\/3909"}],"wp:attachment":[{"href":"https:\/\/camilamoda.com\/index.php\/wp-json\/wp\/v2\/media?parent=3908"}],"wp:term":[{"taxonomy":"product_brand","embeddable":true,"href":"https:\/\/camilamoda.com\/index.php\/wp-json\/wp\/v2\/product_brand?post=3908"},{"taxonomy":"product_cat","embeddable":true,"href":"https:\/\/camilamoda.com\/index.php\/wp-json\/wp\/v2\/product_cat?post=3908"},{"taxonomy":"product_tag","embeddable":true,"href":"https:\/\/camilamoda.com\/index.php\/wp-json\/wp\/v2\/product_tag?post=3908"}],"curies":[{"name":"wp","href":"https:\/\/api.w.org\/{rel}","templated":true}]}}