{"id":3904,"date":"2024-07-19T12:11:00","date_gmt":"2024-07-19T18:11:00","guid":{"rendered":"http:\/\/camilamoda.com\/?post_type=product&#038;p=3904"},"modified":"2024-11-15T15:58:11","modified_gmt":"2024-11-15T21:58:11","slug":"desodorante-y-antitranspirante-roll-on-amway","status":"publish","type":"product","link":"https:\/\/camilamoda.com\/index.php\/producto\/desodorante-y-antitranspirante-roll-on-amway\/","title":{"rendered":"Desodorante y Antitranspirante Roll-On Amway"},"content":{"rendered":"<p>Desodorante Antitranspirante roll-on unisex que proporciona hasta 48 horas de protecci\u00f3n contra el olor y la humedad.<\/p>\n<p>Contiene bisabolol y jengibre para ayudar a mantener el equilibrio de la piel de tus axilas<\/p>\n<p>Con extracto de romero para ayudar a suavizar la piel.<\/p>\n<p>Ayuda a mantener la barrera de humedad natural de la piel y el equilibrio de su hidrataci\u00f3n.<\/p>\n<p>No deja manchas blancas en la piel ni en la ropa.<\/p>\n<p>Fragancia de larga duraci\u00f3n con notas de bergamota, lim\u00f3n, salvia y eucalipto. F\u00f3rmula vegana registrada en la Sociedad Vegana.<\/p>\n<p>No probado en animales.<\/p>\n<p>Adecuado para todo tipo de piel<\/p>\n<p>Probado dermatol\u00f3gicamente. Probado contra reacciones al\u00e9rgicas.<\/p>\n<p><span style=\"font-size: 16px;\">INGREDIENTES PLANT-BASED GOODNESS La f\u00f3rmula con Plant-Based Goodness incluye fitonutrientes respaldados por la huella fitoqu\u00edmica<\/span><\/p>\n<p><span style=\"font-size: 16px;\">AGUA DERIVADA DE PLANTAS: Con agua de complejo de centella asi\u00e1tica y glicerina de origen vegetal que ayuda a hidratar la piel.<\/span><\/p>\n<p>INGREDIENTES DERIVADOS DE PLANTAS: Extracto de t\u00e9 verde que ofrece protecci\u00f3n antioxidante y extracto de romero que ayuda a relajar la piel.<\/p>\n<p>ESENCIALES DERIVADOS DE PLANTAS: Con prebi\u00f3ticos que proporciona una fuente de energ\u00eda para microbios beneficiosos.<\/p>\n<p><span style=\"font-size: 16px;\">F\u00d3RMULAS LIMPIAS Y LIBRES DE:<\/span><\/p>\n<p>Surfactantes sulfatados<\/p>\n<p>Colorantes artificiales<\/p>\n<p>Aceite mineral<\/p>\n<p>Ftalatos<\/p>\n<p>Parabenos<\/p>\n<p>Alcohol<\/p>\n<p><span style=\"font-size: 16px;\">En las pruebas a consumidores del Desodorante y Antitranspirante Roll-On los resultados fueron:<\/span><\/p>\n<p>88% No deja residuos blancos en la ropa.<\/p>\n<p>**Estudios basados<\/p>\n<p>en percepci\u00f3n del consumidor.<\/p>\n<p><strong>Instrucciones de uso:<\/strong><\/p>\n<p>Agitar antes de usar. Aplica solo en las axilas limpias y secas. Deja que la piel se seque.<\/p>\n","protected":false},"excerpt":{"rendered":"<p>HASTA 48 HORAS DE PROTECCI\u00d3N.<\/p>\n","protected":false},"featured_media":3905,"comment_status":"open","ping_status":"closed","template":"","meta":{"site-sidebar-layout":"default","site-content-layout":"","ast-site-content-layout":"default","site-content-style":"default","site-sidebar-style":"default","ast-global-header-display":"","ast-banner-title-visibility":"","ast-main-header-display":"","ast-hfb-above-header-display":"","ast-hfb-below-header-display":"","ast-hfb-mobile-header-display":"","site-post-title":"","ast-breadcrumbs-content":"","ast-featured-img":"","footer-sml-layout":"","ast-disable-related-posts":"","theme-transparent-header-meta":"default","adv-header-id-meta":"","stick-header-meta":"","header-above-stick-meta":"","header-main-stick-meta":"","header-below-stick-meta":"","astra-migrate-meta-layouts":"set","ast-page-background-enabled":"default","ast-page-background-meta":{"desktop":{"background-color":"","background-image":"","background-repeat":"repeat","background-position":"center center","background-size":"auto","background-attachment":"scroll","background-type":"","background-media":"","overlay-type":"","overlay-color":"","overlay-opacity":"","overlay-gradient":""},"tablet":{"background-color":"","background-image":"","background-repeat":"repeat","background-position":"center center","background-size":"auto","background-attachment":"scroll","background-type":"","background-media":"","overlay-type":"","overlay-color":"","overlay-opacity":"","overlay-gradient":""},"mobile":{"background-color":"","background-image":"","background-repeat":"repeat","background-position":"center center","background-size":"auto","background-attachment":"scroll","background-type":"","background-media":"","overlay-type":"","overlay-color":"","overlay-opacity":"","overlay-gradient":""}},"ast-content-background-meta":{"desktop":{"background-color":"var(--ast-global-color-5)","background-image":"","background-repeat":"repeat","background-position":"center center","background-size":"auto","background-attachment":"scroll","background-type":"","background-media":"","overlay-type":"","overlay-color":"","overlay-opacity":"","overlay-gradient":""},"tablet":{"background-color":"var(--ast-global-color-5)","background-image":"","background-repeat":"repeat","background-position":"center center","background-size":"auto","background-attachment":"scroll","background-type":"","background-media":"","overlay-type":"","overlay-color":"","overlay-opacity":"","overlay-gradient":""},"mobile":{"background-color":"var(--ast-global-color-5)","background-image":"","background-repeat":"repeat","background-position":"center center","background-size":"auto","background-attachment":"scroll","background-type":"","background-media":"","overlay-type":"","overlay-color":"","overlay-opacity":"","overlay-gradient":""}},"_joinchat":[]},"product_brand":[],"product_cat":[164,165],"product_tag":[],"class_list":{"0":"post-3904","1":"product","2":"type-product","3":"status-publish","4":"has-post-thumbnail","6":"product_cat-cuidado-personal","7":"product_cat-desodorantes","8":"desktop-align-center","9":"tablet-align-left","10":"mobile-align-left","12":"first","13":"instock","14":"shipping-taxable","15":"product-type-simple"},"aioseo_notices":[],"jetpack_sharing_enabled":true,"_links":{"self":[{"href":"https:\/\/camilamoda.com\/index.php\/wp-json\/wp\/v2\/product\/3904","targetHints":{"allow":["GET"]}}],"collection":[{"href":"https:\/\/camilamoda.com\/index.php\/wp-json\/wp\/v2\/product"}],"about":[{"href":"https:\/\/camilamoda.com\/index.php\/wp-json\/wp\/v2\/types\/product"}],"replies":[{"embeddable":true,"href":"https:\/\/camilamoda.com\/index.php\/wp-json\/wp\/v2\/comments?post=3904"}],"wp:featuredmedia":[{"embeddable":true,"href":"https:\/\/camilamoda.com\/index.php\/wp-json\/wp\/v2\/media\/3905"}],"wp:attachment":[{"href":"https:\/\/camilamoda.com\/index.php\/wp-json\/wp\/v2\/media?parent=3904"}],"wp:term":[{"taxonomy":"product_brand","embeddable":true,"href":"https:\/\/camilamoda.com\/index.php\/wp-json\/wp\/v2\/product_brand?post=3904"},{"taxonomy":"product_cat","embeddable":true,"href":"https:\/\/camilamoda.com\/index.php\/wp-json\/wp\/v2\/product_cat?post=3904"},{"taxonomy":"product_tag","embeddable":true,"href":"https:\/\/camilamoda.com\/index.php\/wp-json\/wp\/v2\/product_tag?post=3904"}],"curies":[{"name":"wp","href":"https:\/\/api.w.org\/{rel}","templated":true}]}}