{"id":3897,"date":"2024-07-19T10:29:34","date_gmt":"2024-07-19T16:29:34","guid":{"rendered":"http:\/\/camilamoda.com\/?post_type=product&#038;p=3897"},"modified":"2024-11-15T15:59:48","modified_gmt":"2024-11-15T21:59:48","slug":"shake-plus-sabor-vainilla-nutrilite-amway","status":"publish","type":"product","link":"https:\/\/camilamoda.com\/index.php\/producto\/shake-plus-sabor-vainilla-nutrilite-amway\/","title":{"rendered":"Shake Plus Sabor Vainilla Nutrilite Amway"},"content":{"rendered":"<p>-Su f\u00f3rmula aporta 12 vitaminas y 13 minerales a tu organismo, con 12 gramos de prote\u00edna vegetal, (ideal para complementar la alimentaci\u00f3n.<br \/>\n-Contiene ingredientes que aportan fibra y carbohidratos simples y complejos, con grasas esenciales, lo que lo hace una bebida que complementa tu alimentaci\u00f3n.<br \/>\n-La prote\u00edna es conocida por sus beneficios en el desarrollo y mantenimiento muscular, y adem\u00e1s brinda sensaci\u00f3n de saciedad.<br \/>\n-Cuenta con ingredientes de origen natural.<br \/>\n-No contiene cafe\u00edna, y es libre de colorantes, saborizantes ni preservantes artificiales.<\/p>\n<p><strong>Instrucciones de uso:<\/strong><\/p>\n<p>Preparar diariamente una porci\u00f3n: Servir 240 ml (vaso de 8 oz aprox.) de agua, leche entera, leche baja en grasa o bebidas vegetales (almendras, coco, soya, entre otros) en un vaso. Posteriormente agregar gradualmente 2 cucharadas rasas con la medidora incluida (26g) \u00f3 3 cucharadas completas de BodyKey Shake Plus Vainilla (26 g) y agitar hasta disolver.<\/p>\n<p>Seg\u00fan la bebida de elecci\u00f3n el aporte cal\u00f3rico y nutricional puede variar.<\/p>\n","protected":false},"excerpt":{"rendered":"<p>PR\u00c1CTICA Y DELICIOSA BEBIDA NUTRITIVA BAJA EN GRASAS, SABOR A VAINILLA<\/p>\n","protected":false},"featured_media":3898,"comment_status":"open","ping_status":"closed","template":"","meta":{"site-sidebar-layout":"default","site-content-layout":"","ast-site-content-layout":"default","site-content-style":"default","site-sidebar-style":"default","ast-global-header-display":"","ast-banner-title-visibility":"","ast-main-header-display":"","ast-hfb-above-header-display":"","ast-hfb-below-header-display":"","ast-hfb-mobile-header-display":"","site-post-title":"","ast-breadcrumbs-content":"","ast-featured-img":"","footer-sml-layout":"","ast-disable-related-posts":"","theme-transparent-header-meta":"default","adv-header-id-meta":"","stick-header-meta":"","header-above-stick-meta":"","header-main-stick-meta":"","header-below-stick-meta":"","astra-migrate-meta-layouts":"set","ast-page-background-enabled":"default","ast-page-background-meta":{"desktop":{"background-color":"","background-image":"","background-repeat":"repeat","background-position":"center center","background-size":"auto","background-attachment":"scroll","background-type":"","background-media":"","overlay-type":"","overlay-color":"","overlay-opacity":"","overlay-gradient":""},"tablet":{"background-color":"","background-image":"","background-repeat":"repeat","background-position":"center center","background-size":"auto","background-attachment":"scroll","background-type":"","background-media":"","overlay-type":"","overlay-color":"","overlay-opacity":"","overlay-gradient":""},"mobile":{"background-color":"","background-image":"","background-repeat":"repeat","background-position":"center center","background-size":"auto","background-attachment":"scroll","background-type":"","background-media":"","overlay-type":"","overlay-color":"","overlay-opacity":"","overlay-gradient":""}},"ast-content-background-meta":{"desktop":{"background-color":"var(--ast-global-color-5)","background-image":"","background-repeat":"repeat","background-position":"center center","background-size":"auto","background-attachment":"scroll","background-type":"","background-media":"","overlay-type":"","overlay-color":"","overlay-opacity":"","overlay-gradient":""},"tablet":{"background-color":"var(--ast-global-color-5)","background-image":"","background-repeat":"repeat","background-position":"center center","background-size":"auto","background-attachment":"scroll","background-type":"","background-media":"","overlay-type":"","overlay-color":"","overlay-opacity":"","overlay-gradient":""},"mobile":{"background-color":"var(--ast-global-color-5)","background-image":"","background-repeat":"repeat","background-position":"center center","background-size":"auto","background-attachment":"scroll","background-type":"","background-media":"","overlay-type":"","overlay-color":"","overlay-opacity":"","overlay-gradient":""}},"_joinchat":[]},"product_brand":[],"product_cat":[150,149],"product_tag":[],"class_list":{"0":"post-3897","1":"product","2":"type-product","3":"status-publish","4":"has-post-thumbnail","6":"product_cat-nutricion","7":"product_cat-salud-y-bienestar","8":"desktop-align-center","9":"tablet-align-left","10":"mobile-align-left","12":"first","13":"instock","14":"shipping-taxable","15":"product-type-simple"},"aioseo_notices":[],"jetpack_sharing_enabled":true,"_links":{"self":[{"href":"https:\/\/camilamoda.com\/index.php\/wp-json\/wp\/v2\/product\/3897","targetHints":{"allow":["GET"]}}],"collection":[{"href":"https:\/\/camilamoda.com\/index.php\/wp-json\/wp\/v2\/product"}],"about":[{"href":"https:\/\/camilamoda.com\/index.php\/wp-json\/wp\/v2\/types\/product"}],"replies":[{"embeddable":true,"href":"https:\/\/camilamoda.com\/index.php\/wp-json\/wp\/v2\/comments?post=3897"}],"wp:featuredmedia":[{"embeddable":true,"href":"https:\/\/camilamoda.com\/index.php\/wp-json\/wp\/v2\/media\/3898"}],"wp:attachment":[{"href":"https:\/\/camilamoda.com\/index.php\/wp-json\/wp\/v2\/media?parent=3897"}],"wp:term":[{"taxonomy":"product_brand","embeddable":true,"href":"https:\/\/camilamoda.com\/index.php\/wp-json\/wp\/v2\/product_brand?post=3897"},{"taxonomy":"product_cat","embeddable":true,"href":"https:\/\/camilamoda.com\/index.php\/wp-json\/wp\/v2\/product_cat?post=3897"},{"taxonomy":"product_tag","embeddable":true,"href":"https:\/\/camilamoda.com\/index.php\/wp-json\/wp\/v2\/product_tag?post=3897"}],"curies":[{"name":"wp","href":"https:\/\/api.w.org\/{rel}","templated":true}]}}