{"id":3894,"date":"2024-07-19T10:21:57","date_gmt":"2024-07-19T16:21:57","guid":{"rendered":"http:\/\/camilamoda.com\/?post_type=product&#038;p=3894"},"modified":"2024-11-15T16:00:45","modified_gmt":"2024-11-15T22:00:45","slug":"suplemento-a-base-de-te-verde-nutrilite-amway","status":"publish","type":"product","link":"https:\/\/camilamoda.com\/index.php\/producto\/suplemento-a-base-de-te-verde-nutrilite-amway\/","title":{"rendered":"Suplemento a base de T\u00e9 Verde Nutrilite Amway"},"content":{"rendered":"<div class=\"kb0PBd cvP2Ce ieodic\" data-snf=\"nke7rc\" data-sncf=\"1\">\n<div class=\"VwiC3b tZESfb r025kc hJNv6b Hdw6tb\">Este suplemento nutricional con un extracto de t\u00e9 verde sin cafe\u00edna es ideal para complementar la dieta.<\/div>\n<div>APOYO BASADO EN PLANTAS PARA LOS ESFUERZOS DE P\u00c9RDIDA DE PESO \u2013Apoya los esfuerzos de p\u00e9rdida de peso con el suplemento nutricional a base de t\u00e9 verde de Nutrilite\u2122. Estas convenientes tabletas pueden potenciar la p\u00e9rdida de peso y ayudarte a mantener una cintura saludable cuando se combinan con una rutina de buena dieta y ejercicio. Cada porci\u00f3n contiene 150 mg de extracto de t\u00e9 verde sin cafe\u00edna GreenSelect\u00ae* Phytosome.<\/div>\n<div><strong style=\"font-size: 16px;\">Informaci\u00f3n del suplemento<\/strong><\/div>\n<div><\/div>\n<div>CANTIDAD POR PORCI\u00d3N % DEL VALOR DIARIO*<\/div>\n<div>GreenSelect\u00ae Phytosome\u2122 150 mg<\/div>\n<div>Fosfatidilcolina 100 mg<\/div>\n<div>Extracto de t\u00e9 verde (hoja de camellia sinensis) 50 mg (20 mg de EGCG)<\/div>\n<\/div>\n<div class=\"kb0PBd cvP2Ce LnCrMe\" data-snf=\"Vjbam\" data-sncf=\"1,2\">\n<div class=\"uhHOwf ez24Df\" aria-hidden=\"true\">\n<div class=\"LqkKtf\" data-sr=\"\"><\/div>\n<\/div>\n<\/div>\n<div class=\"kb0PBd cvP2Ce ieodic\" data-snf=\"mCCBcf\" data-sncf=\"2\"><\/div>\n","protected":false},"excerpt":{"rendered":"<p>Suplemento a base de T\u00e9 Verde<\/p>\n<p>Contenido: 60 Tabletas<\/p>\n<p>Consumir un comprimido dos veces al d\u00eda con las comidas.<\/p>\n","protected":false},"featured_media":3896,"comment_status":"open","ping_status":"closed","template":"","meta":{"site-sidebar-layout":"default","site-content-layout":"","ast-site-content-layout":"default","site-content-style":"default","site-sidebar-style":"default","ast-global-header-display":"","ast-banner-title-visibility":"","ast-main-header-display":"","ast-hfb-above-header-display":"","ast-hfb-below-header-display":"","ast-hfb-mobile-header-display":"","site-post-title":"","ast-breadcrumbs-content":"","ast-featured-img":"","footer-sml-layout":"","ast-disable-related-posts":"","theme-transparent-header-meta":"default","adv-header-id-meta":"","stick-header-meta":"","header-above-stick-meta":"","header-main-stick-meta":"","header-below-stick-meta":"","astra-migrate-meta-layouts":"set","ast-page-background-enabled":"default","ast-page-background-meta":{"desktop":{"background-color":"","background-image":"","background-repeat":"repeat","background-position":"center center","background-size":"auto","background-attachment":"scroll","background-type":"","background-media":"","overlay-type":"","overlay-color":"","overlay-opacity":"","overlay-gradient":""},"tablet":{"background-color":"","background-image":"","background-repeat":"repeat","background-position":"center center","background-size":"auto","background-attachment":"scroll","background-type":"","background-media":"","overlay-type":"","overlay-color":"","overlay-opacity":"","overlay-gradient":""},"mobile":{"background-color":"","background-image":"","background-repeat":"repeat","background-position":"center center","background-size":"auto","background-attachment":"scroll","background-type":"","background-media":"","overlay-type":"","overlay-color":"","overlay-opacity":"","overlay-gradient":""}},"ast-content-background-meta":{"desktop":{"background-color":"var(--ast-global-color-5)","background-image":"","background-repeat":"repeat","background-position":"center center","background-size":"auto","background-attachment":"scroll","background-type":"","background-media":"","overlay-type":"","overlay-color":"","overlay-opacity":"","overlay-gradient":""},"tablet":{"background-color":"var(--ast-global-color-5)","background-image":"","background-repeat":"repeat","background-position":"center center","background-size":"auto","background-attachment":"scroll","background-type":"","background-media":"","overlay-type":"","overlay-color":"","overlay-opacity":"","overlay-gradient":""},"mobile":{"background-color":"var(--ast-global-color-5)","background-image":"","background-repeat":"repeat","background-position":"center center","background-size":"auto","background-attachment":"scroll","background-type":"","background-media":"","overlay-type":"","overlay-color":"","overlay-opacity":"","overlay-gradient":""}},"_joinchat":[]},"product_brand":[],"product_cat":[150,149],"product_tag":[],"class_list":{"0":"post-3894","1":"product","2":"type-product","3":"status-publish","4":"has-post-thumbnail","6":"product_cat-nutricion","7":"product_cat-salud-y-bienestar","8":"desktop-align-center","9":"tablet-align-left","10":"mobile-align-left","12":"first","13":"instock","14":"shipping-taxable","15":"product-type-simple"},"aioseo_notices":[],"jetpack_sharing_enabled":true,"_links":{"self":[{"href":"https:\/\/camilamoda.com\/index.php\/wp-json\/wp\/v2\/product\/3894","targetHints":{"allow":["GET"]}}],"collection":[{"href":"https:\/\/camilamoda.com\/index.php\/wp-json\/wp\/v2\/product"}],"about":[{"href":"https:\/\/camilamoda.com\/index.php\/wp-json\/wp\/v2\/types\/product"}],"replies":[{"embeddable":true,"href":"https:\/\/camilamoda.com\/index.php\/wp-json\/wp\/v2\/comments?post=3894"}],"wp:featuredmedia":[{"embeddable":true,"href":"https:\/\/camilamoda.com\/index.php\/wp-json\/wp\/v2\/media\/3896"}],"wp:attachment":[{"href":"https:\/\/camilamoda.com\/index.php\/wp-json\/wp\/v2\/media?parent=3894"}],"wp:term":[{"taxonomy":"product_brand","embeddable":true,"href":"https:\/\/camilamoda.com\/index.php\/wp-json\/wp\/v2\/product_brand?post=3894"},{"taxonomy":"product_cat","embeddable":true,"href":"https:\/\/camilamoda.com\/index.php\/wp-json\/wp\/v2\/product_cat?post=3894"},{"taxonomy":"product_tag","embeddable":true,"href":"https:\/\/camilamoda.com\/index.php\/wp-json\/wp\/v2\/product_tag?post=3894"}],"curies":[{"name":"wp","href":"https:\/\/api.w.org\/{rel}","templated":true}]}}