{"id":3876,"date":"2024-07-18T16:10:14","date_gmt":"2024-07-18T22:10:14","guid":{"rendered":"http:\/\/camilamoda.com\/?post_type=product&#038;p=3876"},"modified":"2024-11-15T16:12:53","modified_gmt":"2024-11-15T22:12:53","slug":"vitamina-d-nutrilite-amway","status":"publish","type":"product","link":"https:\/\/camilamoda.com\/index.php\/producto\/vitamina-d-nutrilite-amway\/","title":{"rendered":"Vitamina D Nutrilite Amway"},"content":{"rendered":"<p>Apoya tus huesos y articulaciones con vitamina D basada en plantas. La vitamina D ayuda a mantener los niveles de calcio y fosfato en la sangre, lo que cumple una funci\u00f3n clave en la formaci\u00f3n de huesos fuertes. Tambi\u00e9n contribuye a tu salud inmunol\u00f3gica general.<\/p>\n<p>Si eres una de las muchas personas que necesitan m\u00e1s de esta vitamina esencial, la Vitamina D Nutrilite\u2122 le brinda a tus huesos y articulaciones (y a todo lo dem\u00e1s) una dosis suplementaria de 2,000 UI de vitamina D de plantas, incluidos champi\u00f1ones (una de las fuentes bot\u00e1nicas de vitamina D m\u00e1s concentradas de la naturaleza). Esa es la misma cantidad que obtendr\u00edas de 16 tazas de leche fortificada. Con el apoyo adicional de la vitamina K2 para ayudar con la absorci\u00f3n de vitamina D y llevar el calcio del torrente sangu\u00edneo a tus huesos, este suplemento trabaja arduamente para ayudar a realizar lo siguiente:<\/p>\n<p>\u2713 Promover la salud de huesos y articulaciones<\/p>\n<p>\u2713 Apoyar la salud del coraz\u00f3n, dientes y sistema inmunol\u00f3gico\u2020.\u2020<\/p>\n<p>Para qui\u00e9n es:<\/p>\n<p><span style=\"font-size: 16px;\">Cualquier persona que busque apoyo suplementario para sus huesos y articulaciones en una conveniente tableta de una vez al d\u00eda.\u00a0\u00a0<\/span><\/p>\n","protected":false},"excerpt":{"rendered":"<p>90 tabletas<\/p>\n<p><span style=\"font-size: 16px;\">Apoya tus huesos y articulaciones con vitamina D basada en plantas.<\/span><\/p>\n","protected":false},"featured_media":3877,"comment_status":"open","ping_status":"closed","template":"","meta":{"site-sidebar-layout":"default","site-content-layout":"","ast-site-content-layout":"default","site-content-style":"default","site-sidebar-style":"default","ast-global-header-display":"","ast-banner-title-visibility":"","ast-main-header-display":"","ast-hfb-above-header-display":"","ast-hfb-below-header-display":"","ast-hfb-mobile-header-display":"","site-post-title":"","ast-breadcrumbs-content":"","ast-featured-img":"","footer-sml-layout":"","ast-disable-related-posts":"","theme-transparent-header-meta":"default","adv-header-id-meta":"","stick-header-meta":"","header-above-stick-meta":"","header-main-stick-meta":"","header-below-stick-meta":"","astra-migrate-meta-layouts":"set","ast-page-background-enabled":"default","ast-page-background-meta":{"desktop":{"background-color":"","background-image":"","background-repeat":"repeat","background-position":"center center","background-size":"auto","background-attachment":"scroll","background-type":"","background-media":"","overlay-type":"","overlay-color":"","overlay-opacity":"","overlay-gradient":""},"tablet":{"background-color":"","background-image":"","background-repeat":"repeat","background-position":"center center","background-size":"auto","background-attachment":"scroll","background-type":"","background-media":"","overlay-type":"","overlay-color":"","overlay-opacity":"","overlay-gradient":""},"mobile":{"background-color":"","background-image":"","background-repeat":"repeat","background-position":"center center","background-size":"auto","background-attachment":"scroll","background-type":"","background-media":"","overlay-type":"","overlay-color":"","overlay-opacity":"","overlay-gradient":""}},"ast-content-background-meta":{"desktop":{"background-color":"var(--ast-global-color-5)","background-image":"","background-repeat":"repeat","background-position":"center center","background-size":"auto","background-attachment":"scroll","background-type":"","background-media":"","overlay-type":"","overlay-color":"","overlay-opacity":"","overlay-gradient":""},"tablet":{"background-color":"var(--ast-global-color-5)","background-image":"","background-repeat":"repeat","background-position":"center center","background-size":"auto","background-attachment":"scroll","background-type":"","background-media":"","overlay-type":"","overlay-color":"","overlay-opacity":"","overlay-gradient":""},"mobile":{"background-color":"var(--ast-global-color-5)","background-image":"","background-repeat":"repeat","background-position":"center center","background-size":"auto","background-attachment":"scroll","background-type":"","background-media":"","overlay-type":"","overlay-color":"","overlay-opacity":"","overlay-gradient":""}},"_joinchat":[]},"product_brand":[],"product_cat":[150,149],"product_tag":[],"class_list":{"0":"post-3876","1":"product","2":"type-product","3":"status-publish","4":"has-post-thumbnail","6":"product_cat-nutricion","7":"product_cat-salud-y-bienestar","8":"desktop-align-center","9":"tablet-align-left","10":"mobile-align-left","12":"first","13":"instock","14":"shipping-taxable","15":"product-type-simple"},"aioseo_notices":[],"jetpack_sharing_enabled":true,"_links":{"self":[{"href":"https:\/\/camilamoda.com\/index.php\/wp-json\/wp\/v2\/product\/3876","targetHints":{"allow":["GET"]}}],"collection":[{"href":"https:\/\/camilamoda.com\/index.php\/wp-json\/wp\/v2\/product"}],"about":[{"href":"https:\/\/camilamoda.com\/index.php\/wp-json\/wp\/v2\/types\/product"}],"replies":[{"embeddable":true,"href":"https:\/\/camilamoda.com\/index.php\/wp-json\/wp\/v2\/comments?post=3876"}],"wp:featuredmedia":[{"embeddable":true,"href":"https:\/\/camilamoda.com\/index.php\/wp-json\/wp\/v2\/media\/3877"}],"wp:attachment":[{"href":"https:\/\/camilamoda.com\/index.php\/wp-json\/wp\/v2\/media?parent=3876"}],"wp:term":[{"taxonomy":"product_brand","embeddable":true,"href":"https:\/\/camilamoda.com\/index.php\/wp-json\/wp\/v2\/product_brand?post=3876"},{"taxonomy":"product_cat","embeddable":true,"href":"https:\/\/camilamoda.com\/index.php\/wp-json\/wp\/v2\/product_cat?post=3876"},{"taxonomy":"product_tag","embeddable":true,"href":"https:\/\/camilamoda.com\/index.php\/wp-json\/wp\/v2\/product_tag?post=3876"}],"curies":[{"name":"wp","href":"https:\/\/api.w.org\/{rel}","templated":true}]}}