{"id":3843,"date":"2024-07-11T00:41:45","date_gmt":"2024-07-11T06:41:45","guid":{"rendered":"http:\/\/camilamoda.com\/?post_type=product&#038;p=3843"},"modified":"2024-07-11T00:41:45","modified_gmt":"2024-07-11T06:41:45","slug":"agua-micellar-mk","status":"publish","type":"product","link":"https:\/\/camilamoda.com\/index.php\/producto\/agua-micellar-mk\/","title":{"rendered":"AGUA MICELLAR MK"},"content":{"rendered":"<p>Mary Kay\u00ae Micellar Water<\/p>\n<p>Dale al cutis una refrescante limpieza r\u00e1pida sin tener que enjuagarlo. Elimina el maquillaje y las impurezas con esta agua micelar, una f\u00f3rmula que limpia la piel de manera suave pero eficaz. Ya sea que est\u00e9s teniendo una ma\u00f1ana dif\u00edcil o simplemente necesitas refrescarte el rostro, puedes eliminar las impurezas con una almohadilla de algod\u00f3n y esta agua micelar. \u00a1Esto quiere decir que no hay ninguna excusa para no limpiarte el cutis! Cuando necesites una limpieza facial m\u00e1s profunda, usa esta agua micelar como el primer paso en una rutina de limpieza doble. Ahora tienes una manera port\u00e1til y vers\u00e1til de limpiarte el rostro, \u00a1incluso cuando no tienes agua para enjuag\u00e1rtelo!<\/p>\n<p><span style=\"font-size: 16px;\">\u00bfQu\u00e9 es agua micelar?<\/span><\/p>\n<p><span style=\"font-size: 16px;\">El agua micelar es un producto conveniente para limpiar la piel. La f\u00f3rmula est\u00e1 elaborada con agua purificada y concentraciones bajas de emulsionantes (o surfactantes) suaves que se agrupan para formar peque\u00f1as esferas que se llaman micelas. Las micelas act\u00faan como imanes para atraer y eliminar las impurezas que se acumulan en la piel.<\/span><\/p>\n<p><span style=\"font-size: 16px;\">Atributos de la f\u00f3rmula<\/span><\/p>\n<p><span style=\"font-size: 16px;\">No es necesario enjuagarte la cara.<\/span><\/p>\n<p>Suave pero eficaz.<\/p>\n<p>Manera vers\u00e1til de limpiar el cutis.<\/p>\n","protected":false},"excerpt":{"rendered":"<p>Limpiar tu piel ahora es m\u00e1s f\u00e1cil que nunca. Con una almohadilla de algod\u00f3n y esta f\u00f3rmula s\u00faper eficaz, eliminar\u00e1s las impurezas sin necesidad de tallar ni enjuagarte el cutis. Las micelas act\u00faan como imanes que atraen y eliminan las impurezas que se acumulan en la piel, dejando el cutis con una sensaci\u00f3n limpia sin necesidad de enjuag\u00e1rtelo.<\/p>\n","protected":false},"featured_media":3844,"comment_status":"open","ping_status":"closed","template":"","meta":{"site-sidebar-layout":"default","site-content-layout":"","ast-site-content-layout":"default","site-content-style":"default","site-sidebar-style":"default","ast-global-header-display":"","ast-banner-title-visibility":"","ast-main-header-display":"","ast-hfb-above-header-display":"","ast-hfb-below-header-display":"","ast-hfb-mobile-header-display":"","site-post-title":"","ast-breadcrumbs-content":"","ast-featured-img":"","footer-sml-layout":"","ast-disable-related-posts":"","theme-transparent-header-meta":"default","adv-header-id-meta":"","stick-header-meta":"","header-above-stick-meta":"","header-main-stick-meta":"","header-below-stick-meta":"","astra-migrate-meta-layouts":"set","ast-page-background-enabled":"default","ast-page-background-meta":{"desktop":{"background-color":"","background-image":"","background-repeat":"repeat","background-position":"center center","background-size":"auto","background-attachment":"scroll","background-type":"","background-media":"","overlay-type":"","overlay-color":"","overlay-opacity":"","overlay-gradient":""},"tablet":{"background-color":"","background-image":"","background-repeat":"repeat","background-position":"center center","background-size":"auto","background-attachment":"scroll","background-type":"","background-media":"","overlay-type":"","overlay-color":"","overlay-opacity":"","overlay-gradient":""},"mobile":{"background-color":"","background-image":"","background-repeat":"repeat","background-position":"center center","background-size":"auto","background-attachment":"scroll","background-type":"","background-media":"","overlay-type":"","overlay-color":"","overlay-opacity":"","overlay-gradient":""}},"ast-content-background-meta":{"desktop":{"background-color":"var(--ast-global-color-5)","background-image":"","background-repeat":"repeat","background-position":"center center","background-size":"auto","background-attachment":"scroll","background-type":"","background-media":"","overlay-type":"","overlay-color":"","overlay-opacity":"","overlay-gradient":""},"tablet":{"background-color":"var(--ast-global-color-5)","background-image":"","background-repeat":"repeat","background-position":"center center","background-size":"auto","background-attachment":"scroll","background-type":"","background-media":"","overlay-type":"","overlay-color":"","overlay-opacity":"","overlay-gradient":""},"mobile":{"background-color":"var(--ast-global-color-5)","background-image":"","background-repeat":"repeat","background-position":"center center","background-size":"auto","background-attachment":"scroll","background-type":"","background-media":"","overlay-type":"","overlay-color":"","overlay-opacity":"","overlay-gradient":""}},"_joinchat":[]},"product_brand":[],"product_cat":[139,136],"product_tag":[],"class_list":{"0":"post-3843","1":"product","2":"type-product","3":"status-publish","4":"has-post-thumbnail","6":"product_cat-limpiadoras","7":"product_cat-mary-kay","8":"desktop-align-center","9":"tablet-align-left","10":"mobile-align-left","12":"first","13":"instock","14":"shipping-taxable","15":"purchasable","16":"product-type-simple"},"aioseo_notices":[],"jetpack_sharing_enabled":true,"_links":{"self":[{"href":"https:\/\/camilamoda.com\/index.php\/wp-json\/wp\/v2\/product\/3843","targetHints":{"allow":["GET"]}}],"collection":[{"href":"https:\/\/camilamoda.com\/index.php\/wp-json\/wp\/v2\/product"}],"about":[{"href":"https:\/\/camilamoda.com\/index.php\/wp-json\/wp\/v2\/types\/product"}],"replies":[{"embeddable":true,"href":"https:\/\/camilamoda.com\/index.php\/wp-json\/wp\/v2\/comments?post=3843"}],"wp:featuredmedia":[{"embeddable":true,"href":"https:\/\/camilamoda.com\/index.php\/wp-json\/wp\/v2\/media\/3844"}],"wp:attachment":[{"href":"https:\/\/camilamoda.com\/index.php\/wp-json\/wp\/v2\/media?parent=3843"}],"wp:term":[{"taxonomy":"product_brand","embeddable":true,"href":"https:\/\/camilamoda.com\/index.php\/wp-json\/wp\/v2\/product_brand?post=3843"},{"taxonomy":"product_cat","embeddable":true,"href":"https:\/\/camilamoda.com\/index.php\/wp-json\/wp\/v2\/product_cat?post=3843"},{"taxonomy":"product_tag","embeddable":true,"href":"https:\/\/camilamoda.com\/index.php\/wp-json\/wp\/v2\/product_tag?post=3843"}],"curies":[{"name":"wp","href":"https:\/\/api.w.org\/{rel}","templated":true}]}}