{"id":3841,"date":"2024-07-11T00:34:46","date_gmt":"2024-07-11T06:34:46","guid":{"rendered":"http:\/\/camilamoda.com\/?post_type=product&#038;p=3841"},"modified":"2024-11-16T08:08:30","modified_gmt":"2024-11-16T14:08:30","slug":"fijador-de-maquillaje-en-spray-mary-kay","status":"publish","type":"product","link":"https:\/\/camilamoda.com\/index.php\/producto\/fijador-de-maquillaje-en-spray-mary-kay\/","title":{"rendered":"Fijador de Maquillaje en Spray Mary Kay\u00ae"},"content":{"rendered":"<p>Los fijadores en spray mantienen a las artistas luciendo impecables mucho despu\u00e9s que dejan la silla del maquillista. Y ahora, Mary Kay\u00ae se unido a Skindin\u00e4via, la marca principal de este producto favorito de las celebridades, para brindarte tu propia y exclusiva f\u00f3rmula probada por consumidoras.<\/p>\n<h3>C\u00f3mo aplicar:<\/h3>\n<ul>\n<li>Agitar bien la botella.<\/li>\n<li>Cierra los ojos y sost\u00e9n la botella de 8 a 10 pulgadas de tu cara.<\/li>\n<li>Roc\u00eda la cara de 2 a 4 veces haciendo la forma de una \u00abX\u00bb y una \u00abT\u00bb.<\/li>\n<li>Se seca r\u00e1pidamente y ayuda a que el maquillaje dure todo el d\u00eda.<\/li>\n<\/ul>\n","protected":false},"excerpt":{"rendered":"<p>Fija tu look para belleza de larga duraci\u00f3n! Cuando el maquillaje desvanecido no es una opci\u00f3n, dale el poder de fijaci\u00f3n para que dure hasta 16 horas.<\/p>\n<p><span style=\"font-size: 16px;\">Como \u00faltimo paso, ayuda a que el maquillaje luzca fresco y reci\u00e9n aplicado por muchas horas.<\/span><\/p>\n<p>Tambi\u00e9n funciona como refrescante a cualquier hora del d\u00eda.<\/p>\n<p>Se seca r\u00e1pidamente y se limpia f\u00e1cilmente.<\/p>\n<p>Para cualquier tipo de piel, incluso la piel grasa.<\/p>\n","protected":false},"featured_media":3842,"comment_status":"open","ping_status":"closed","template":"","meta":{"site-sidebar-layout":"default","site-content-layout":"","ast-site-content-layout":"default","site-content-style":"default","site-sidebar-style":"default","ast-global-header-display":"","ast-banner-title-visibility":"","ast-main-header-display":"","ast-hfb-above-header-display":"","ast-hfb-below-header-display":"","ast-hfb-mobile-header-display":"","site-post-title":"","ast-breadcrumbs-content":"","ast-featured-img":"","footer-sml-layout":"","ast-disable-related-posts":"","theme-transparent-header-meta":"default","adv-header-id-meta":"","stick-header-meta":"","header-above-stick-meta":"","header-main-stick-meta":"","header-below-stick-meta":"","astra-migrate-meta-layouts":"set","ast-page-background-enabled":"default","ast-page-background-meta":{"desktop":{"background-color":"","background-image":"","background-repeat":"repeat","background-position":"center center","background-size":"auto","background-attachment":"scroll","background-type":"","background-media":"","overlay-type":"","overlay-color":"","overlay-opacity":"","overlay-gradient":""},"tablet":{"background-color":"","background-image":"","background-repeat":"repeat","background-position":"center center","background-size":"auto","background-attachment":"scroll","background-type":"","background-media":"","overlay-type":"","overlay-color":"","overlay-opacity":"","overlay-gradient":""},"mobile":{"background-color":"","background-image":"","background-repeat":"repeat","background-position":"center center","background-size":"auto","background-attachment":"scroll","background-type":"","background-media":"","overlay-type":"","overlay-color":"","overlay-opacity":"","overlay-gradient":""}},"ast-content-background-meta":{"desktop":{"background-color":"var(--ast-global-color-5)","background-image":"","background-repeat":"repeat","background-position":"center center","background-size":"auto","background-attachment":"scroll","background-type":"","background-media":"","overlay-type":"","overlay-color":"","overlay-opacity":"","overlay-gradient":""},"tablet":{"background-color":"var(--ast-global-color-5)","background-image":"","background-repeat":"repeat","background-position":"center center","background-size":"auto","background-attachment":"scroll","background-type":"","background-media":"","overlay-type":"","overlay-color":"","overlay-opacity":"","overlay-gradient":""},"mobile":{"background-color":"var(--ast-global-color-5)","background-image":"","background-repeat":"repeat","background-position":"center center","background-size":"auto","background-attachment":"scroll","background-type":"","background-media":"","overlay-type":"","overlay-color":"","overlay-opacity":"","overlay-gradient":""}},"_joinchat":[]},"product_brand":[],"product_cat":[163,136],"product_tag":[],"class_list":{"0":"post-3841","1":"product","2":"type-product","3":"status-publish","4":"has-post-thumbnail","6":"product_cat-fijador-de-maquillaje","7":"product_cat-mary-kay","8":"desktop-align-center","9":"tablet-align-left","10":"mobile-align-left","12":"first","13":"instock","14":"shipping-taxable","15":"product-type-simple"},"aioseo_notices":[],"jetpack_sharing_enabled":true,"_links":{"self":[{"href":"https:\/\/camilamoda.com\/index.php\/wp-json\/wp\/v2\/product\/3841","targetHints":{"allow":["GET"]}}],"collection":[{"href":"https:\/\/camilamoda.com\/index.php\/wp-json\/wp\/v2\/product"}],"about":[{"href":"https:\/\/camilamoda.com\/index.php\/wp-json\/wp\/v2\/types\/product"}],"replies":[{"embeddable":true,"href":"https:\/\/camilamoda.com\/index.php\/wp-json\/wp\/v2\/comments?post=3841"}],"wp:featuredmedia":[{"embeddable":true,"href":"https:\/\/camilamoda.com\/index.php\/wp-json\/wp\/v2\/media\/3842"}],"wp:attachment":[{"href":"https:\/\/camilamoda.com\/index.php\/wp-json\/wp\/v2\/media?parent=3841"}],"wp:term":[{"taxonomy":"product_brand","embeddable":true,"href":"https:\/\/camilamoda.com\/index.php\/wp-json\/wp\/v2\/product_brand?post=3841"},{"taxonomy":"product_cat","embeddable":true,"href":"https:\/\/camilamoda.com\/index.php\/wp-json\/wp\/v2\/product_cat?post=3841"},{"taxonomy":"product_tag","embeddable":true,"href":"https:\/\/camilamoda.com\/index.php\/wp-json\/wp\/v2\/product_tag?post=3841"}],"curies":[{"name":"wp","href":"https:\/\/api.w.org\/{rel}","templated":true}]}}