{"id":3677,"date":"2024-05-30T15:37:07","date_gmt":"2024-05-30T21:37:07","guid":{"rendered":"http:\/\/camilamoda.com\/?post_type=product&#038;p=3677"},"modified":"2024-05-30T15:45:54","modified_gmt":"2024-05-30T21:45:54","slug":"anillo-luna-celestial-azul","status":"publish","type":"product","link":"https:\/\/camilamoda.com\/index.php\/producto\/anillo-luna-celestial-azul\/","title":{"rendered":"Anillo Luna Celestial Azul Pandora"},"content":{"rendered":"<p>Irradia energ\u00eda lunar con el Anillo Luna Celestial Azul. Este anillo acabado a mano se ha creado en brillante plata de primera ley y se presenta con el motivo de una luna creciente en el centro embellecida con pav\u00e9 de un color azul intenso. Las estrellas brillantes rodean el lado exterior de la media luna. Ll\u00e9valo solo como s\u00edmbolo de iluminaci\u00f3n, esperanza y divina feminidad, o comb\u00ednalo con su compa\u00f1ero, el Anillo Sol Celestial. Los dos anillos encajan a la perfecci\u00f3n y representan la dualidad y la armon\u00eda en la naturaleza y en nuestro interior.<\/p>\n","protected":false},"excerpt":{"rendered":"<p>Marca: Pandora<\/p>\n<p>Metal: Plata 925<\/p>\n","protected":false},"featured_media":3680,"comment_status":"open","ping_status":"closed","template":"","meta":{"site-sidebar-layout":"default","site-content-layout":"","ast-site-content-layout":"default","site-content-style":"default","site-sidebar-style":"default","ast-global-header-display":"","ast-banner-title-visibility":"","ast-main-header-display":"","ast-hfb-above-header-display":"","ast-hfb-below-header-display":"","ast-hfb-mobile-header-display":"","site-post-title":"","ast-breadcrumbs-content":"","ast-featured-img":"","footer-sml-layout":"","ast-disable-related-posts":"","theme-transparent-header-meta":"default","adv-header-id-meta":"","stick-header-meta":"","header-above-stick-meta":"","header-main-stick-meta":"","header-below-stick-meta":"","astra-migrate-meta-layouts":"set","ast-page-background-enabled":"default","ast-page-background-meta":{"desktop":{"background-color":"","background-image":"","background-repeat":"repeat","background-position":"center center","background-size":"auto","background-attachment":"scroll","background-type":"","background-media":"","overlay-type":"","overlay-color":"","overlay-opacity":"","overlay-gradient":""},"tablet":{"background-color":"","background-image":"","background-repeat":"repeat","background-position":"center center","background-size":"auto","background-attachment":"scroll","background-type":"","background-media":"","overlay-type":"","overlay-color":"","overlay-opacity":"","overlay-gradient":""},"mobile":{"background-color":"","background-image":"","background-repeat":"repeat","background-position":"center center","background-size":"auto","background-attachment":"scroll","background-type":"","background-media":"","overlay-type":"","overlay-color":"","overlay-opacity":"","overlay-gradient":""}},"ast-content-background-meta":{"desktop":{"background-color":"var(--ast-global-color-5)","background-image":"","background-repeat":"repeat","background-position":"center center","background-size":"auto","background-attachment":"scroll","background-type":"","background-media":"","overlay-type":"","overlay-color":"","overlay-opacity":"","overlay-gradient":""},"tablet":{"background-color":"var(--ast-global-color-5)","background-image":"","background-repeat":"repeat","background-position":"center center","background-size":"auto","background-attachment":"scroll","background-type":"","background-media":"","overlay-type":"","overlay-color":"","overlay-opacity":"","overlay-gradient":""},"mobile":{"background-color":"var(--ast-global-color-5)","background-image":"","background-repeat":"repeat","background-position":"center center","background-size":"auto","background-attachment":"scroll","background-type":"","background-media":"","overlay-type":"","overlay-color":"","overlay-opacity":"","overlay-gradient":""}},"_joinchat":[]},"product_brand":[],"product_cat":[17,85,16],"product_tag":[],"class_list":{"0":"post-3677","1":"product","2":"type-product","3":"status-publish","4":"has-post-thumbnail","6":"product_cat-accesorios","7":"product_cat-anillos","8":"product_cat-damas","9":"pa_talla-47","10":"pa_talla-44","11":"pa_talla-45","12":"pa_talla-46","13":"desktop-align-center","14":"tablet-align-left","15":"mobile-align-left","17":"first","18":"instock","19":"shipping-taxable","20":"purchasable","21":"product-type-variable"},"aioseo_notices":[],"jetpack_sharing_enabled":true,"_links":{"self":[{"href":"https:\/\/camilamoda.com\/index.php\/wp-json\/wp\/v2\/product\/3677","targetHints":{"allow":["GET"]}}],"collection":[{"href":"https:\/\/camilamoda.com\/index.php\/wp-json\/wp\/v2\/product"}],"about":[{"href":"https:\/\/camilamoda.com\/index.php\/wp-json\/wp\/v2\/types\/product"}],"replies":[{"embeddable":true,"href":"https:\/\/camilamoda.com\/index.php\/wp-json\/wp\/v2\/comments?post=3677"}],"wp:featuredmedia":[{"embeddable":true,"href":"https:\/\/camilamoda.com\/index.php\/wp-json\/wp\/v2\/media\/3680"}],"wp:attachment":[{"href":"https:\/\/camilamoda.com\/index.php\/wp-json\/wp\/v2\/media?parent=3677"}],"wp:term":[{"taxonomy":"product_brand","embeddable":true,"href":"https:\/\/camilamoda.com\/index.php\/wp-json\/wp\/v2\/product_brand?post=3677"},{"taxonomy":"product_cat","embeddable":true,"href":"https:\/\/camilamoda.com\/index.php\/wp-json\/wp\/v2\/product_cat?post=3677"},{"taxonomy":"product_tag","embeddable":true,"href":"https:\/\/camilamoda.com\/index.php\/wp-json\/wp\/v2\/product_tag?post=3677"}],"curies":[{"name":"wp","href":"https:\/\/api.w.org\/{rel}","templated":true}]}}