{"id":3387,"date":"2024-03-13T10:23:52","date_gmt":"2024-03-13T16:23:52","guid":{"rendered":"http:\/\/camilamoda.com\/?post_type=product&#038;p=3387"},"modified":"2024-03-13T10:23:52","modified_gmt":"2024-03-13T16:23:52","slug":"bolso-mediano-lady-d-joy","status":"publish","type":"product","link":"https:\/\/camilamoda.com\/index.php\/producto\/bolso-mediano-lady-d-joy\/","title":{"rendered":"Bolso mediano Lady D-Joy"},"content":{"rendered":"<div class=\"multiline-text ProductDescriptionTab_description__dCjzZ\">Este bolso Lady D-Joy refleja la visi\u00f3n de la elegancia y la belleza de la Maison, y adopta la est\u00e9tica minimalista de la l\u00ednea Lady Dior. Se ha elaborado en piel de cordero negra y se ha realzado con tachuelas de mariposa de metal dorado que acent\u00faan las costuras Cannage, as\u00ed como con charms D.I.O.R. sublimados con un charm de mariposa de metal dorado p\u00e1lido con un abalorio de resina blanco que ilumina la silueta. El bolso mediano Lady D-Joy cuenta con una correa de cadena extra\u00edble y una bandolera ajustable y extra\u00edble de piel, lo que permite llevar este compa\u00f1ero de diario en la mano, colgado del hombro o cruzado.<\/div>\n<div data-is-expanded=\"true\">\n<div class=\"ProductDescriptionTab_collapsed-container__H27ii\">\n<ul class=\"ProductDescriptionTab_list__x3mEJ\">\n<li>Correa de cadena extra\u00edble<\/li>\n<li>Bandolera de piel ajustable y extra\u00edble<\/li>\n<li>Bolsillo de parche interior<\/li>\n<li>Viene con funda protectora<\/li>\n<li>Fabricado en Italia.<\/li>\n<\/ul>\n<div class=\"accordion--summary\" tabindex=\"0\" role=\"button\" aria-expanded=\"true\">\n<p>Talla y corte<\/p>\n<\/div>\n<div class=\"accordion--content\" data-is-expanded=\"true\">\n<div class=\"ProductDetailsTabs_pdp-accordion__a417q\">\n<section class=\"ProductSizeAndFitTab_size-and-fit__H9Uy_\">\n<ul>\n<li>Dimensiones: 26\u00a0x\u00a013,5\u00a0x\u00a05\u00a0cm (largo\u00a0x\u00a0alto\u00a0x\u00a0ancho)<\/li>\n<li>Tama\u00f1o ideal para un tel\u00e9fono, un tarjetero, unas gafas de sol y un pintalabios<\/li>\n<li>Longitud de la correa: 110-120\u00a0cm<\/li>\n<li>Longitud de la ca\u00edda de la correa: 56-58\u00a0cm<\/li>\n<li>Longitud del asa: 28-55\u00a0cm<\/li>\n<\/ul>\n<\/section>\n<\/div>\n<\/div>\n<\/div>\n<\/div>\n","protected":false},"excerpt":{"rendered":"<p>Elaborada en: Piel de cordero Cannage negra con tachuelas de mariposa doradas.<\/p>\n","protected":false},"featured_media":3390,"comment_status":"open","ping_status":"closed","template":"","meta":{"site-sidebar-layout":"default","site-content-layout":"","ast-site-content-layout":"default","site-content-style":"default","site-sidebar-style":"default","ast-global-header-display":"","ast-banner-title-visibility":"","ast-main-header-display":"","ast-hfb-above-header-display":"","ast-hfb-below-header-display":"","ast-hfb-mobile-header-display":"","site-post-title":"","ast-breadcrumbs-content":"","ast-featured-img":"","footer-sml-layout":"","ast-disable-related-posts":"","theme-transparent-header-meta":"default","adv-header-id-meta":"","stick-header-meta":"","header-above-stick-meta":"","header-main-stick-meta":"","header-below-stick-meta":"","astra-migrate-meta-layouts":"set","ast-page-background-enabled":"default","ast-page-background-meta":{"desktop":{"background-color":"","background-image":"","background-repeat":"repeat","background-position":"center center","background-size":"auto","background-attachment":"scroll","background-type":"","background-media":"","overlay-type":"","overlay-color":"","overlay-opacity":"","overlay-gradient":""},"tablet":{"background-color":"","background-image":"","background-repeat":"repeat","background-position":"center center","background-size":"auto","background-attachment":"scroll","background-type":"","background-media":"","overlay-type":"","overlay-color":"","overlay-opacity":"","overlay-gradient":""},"mobile":{"background-color":"","background-image":"","background-repeat":"repeat","background-position":"center center","background-size":"auto","background-attachment":"scroll","background-type":"","background-media":"","overlay-type":"","overlay-color":"","overlay-opacity":"","overlay-gradient":""}},"ast-content-background-meta":{"desktop":{"background-color":"var(--ast-global-color-5)","background-image":"","background-repeat":"repeat","background-position":"center center","background-size":"auto","background-attachment":"scroll","background-type":"","background-media":"","overlay-type":"","overlay-color":"","overlay-opacity":"","overlay-gradient":""},"tablet":{"background-color":"var(--ast-global-color-5)","background-image":"","background-repeat":"repeat","background-position":"center center","background-size":"auto","background-attachment":"scroll","background-type":"","background-media":"","overlay-type":"","overlay-color":"","overlay-opacity":"","overlay-gradient":""},"mobile":{"background-color":"var(--ast-global-color-5)","background-image":"","background-repeat":"repeat","background-position":"center center","background-size":"auto","background-attachment":"scroll","background-type":"","background-media":"","overlay-type":"","overlay-color":"","overlay-opacity":"","overlay-gradient":""}},"_joinchat":[]},"product_brand":[],"product_cat":[17,16],"product_tag":[],"class_list":{"0":"post-3387","1":"product","2":"type-product","3":"status-publish","4":"has-post-thumbnail","6":"product_cat-accesorios","7":"product_cat-damas","8":"desktop-align-center","9":"tablet-align-left","10":"mobile-align-left","12":"first","13":"instock","14":"sale","15":"shipping-taxable","16":"purchasable","17":"product-type-simple"},"aioseo_notices":[],"jetpack_sharing_enabled":true,"_links":{"self":[{"href":"https:\/\/camilamoda.com\/index.php\/wp-json\/wp\/v2\/product\/3387","targetHints":{"allow":["GET"]}}],"collection":[{"href":"https:\/\/camilamoda.com\/index.php\/wp-json\/wp\/v2\/product"}],"about":[{"href":"https:\/\/camilamoda.com\/index.php\/wp-json\/wp\/v2\/types\/product"}],"replies":[{"embeddable":true,"href":"https:\/\/camilamoda.com\/index.php\/wp-json\/wp\/v2\/comments?post=3387"}],"wp:featuredmedia":[{"embeddable":true,"href":"https:\/\/camilamoda.com\/index.php\/wp-json\/wp\/v2\/media\/3390"}],"wp:attachment":[{"href":"https:\/\/camilamoda.com\/index.php\/wp-json\/wp\/v2\/media?parent=3387"}],"wp:term":[{"taxonomy":"product_brand","embeddable":true,"href":"https:\/\/camilamoda.com\/index.php\/wp-json\/wp\/v2\/product_brand?post=3387"},{"taxonomy":"product_cat","embeddable":true,"href":"https:\/\/camilamoda.com\/index.php\/wp-json\/wp\/v2\/product_cat?post=3387"},{"taxonomy":"product_tag","embeddable":true,"href":"https:\/\/camilamoda.com\/index.php\/wp-json\/wp\/v2\/product_tag?post=3387"}],"curies":[{"name":"wp","href":"https:\/\/api.w.org\/{rel}","templated":true}]}}