{"id":3319,"date":"2024-02-20T11:52:18","date_gmt":"2024-02-20T17:52:18","guid":{"rendered":"http:\/\/camilamoda.com\/?post_type=product&#038;p=3319"},"modified":"2024-02-20T11:52:18","modified_gmt":"2024-02-20T17:52:18","slug":"gel-facial-de-recuperacion-nocturna-timewise","status":"publish","type":"product","link":"https:\/\/camilamoda.com\/index.php\/producto\/gel-facial-de-recuperacion-nocturna-timewise\/","title":{"rendered":"Gel Facial de Recuperacion Nocturna TimeWise\u00ae"},"content":{"rendered":"<div class=\"woocommerce-tabs wc-tabs-wrapper\">\n<div id=\"tab-description\" class=\"woocommerce-Tabs-panel woocommerce-Tabs-panel--description panel entry-content wc-tab\" role=\"tabpanel\" aria-labelledby=\"tab-title-description\">\n<div class=\"row\">\n<div class=\"row\">\n<p>TimeWise\u00ae Nighttime Recovery<\/p>\n<p>El TimeWise\u00ae Nighttime Recovery act\u00faa cuando la piel tiene m\u00e1s capacidad de recuperar lo que puede perder durante el d\u00eda. Con un refuerzo adicional de antioxidantes gracias al extracto de manzanilla, este eficaz ingrediente nocturno es conocido por ayudar a aportar una placidez relajante\u2020 a la piel mientras duermes. Despierta con una piel que luce descansada y se siente renovada, ya que las l\u00edneas de expresi\u00f3n lucen alisadas y se reduce el aspecto de las arrugas. Los dos tipos de esferas especiales NutriBeads\u00ae suspendidas en la f\u00f3rmula contienen resveratrol (perlas blancas) y una mezcla de derivados vitam\u00ednicos (perlas rosas). Estas perlas de celulosa se revientan cuando pasan por el dispensador para liberar los ingredientes en tu piel. Descansa tranquila con otra infusi\u00f3n del Complejo TimeWise 3D\u00ae que act\u00faa durante la noche para reducir los factores que estresan a la piel cuando se usa con TimeWise\u00ae Antioxidant Moisturizer. Adecuada para todo tipo de piel, esta f\u00f3rmula ligera y fresca calma la piel y la deja sinti\u00e9ndose rejuvenecida en la ma\u00f1ana.<\/p>\n<p><span style=\"font-size: 16px;\">Por la noche es cuando el proceso de reparaci\u00f3n y producci\u00f3n de la piel alcanza su punto m\u00e1ximo*, por lo que puede ser un momento eficaz para los productos. La f\u00f3rmula hidratante de esta dosis nocturna de ingredientes utiliza el d\u00fao especial de Nutribeads\u00ae que se revienta al ser dosificado, aportando los ingredientes frescos a la piel. El extracto de manzanilla es reconocido por ayudar a calmar la piel\u2020, y este paso durante la noche es adecuado para todo tipo de piel. Tenla seguridad de que este respaldo al proceso de reposici\u00f3n natural de la piel la deja con una sensaci\u00f3n de rejuvenecimiento por la ma\u00f1ana.<\/span><\/p>\n<p><strong>Atributos de la f\u00f3rmula<\/strong><\/p>\n<ul>\n<li>Sin aceites ni fragancia.<\/li>\n<li>Dermatol\u00f3gicamente evaluada.<\/li>\n<li>Evaluada para irritaci\u00f3n de la piel y alergias.<\/li>\n<li>No comedog\u00e9nica.<\/li>\n<li>Adecuada para piel sensible.<\/li>\n<\/ul>\n<\/div>\n<div class=\"row\"><strong>Ingredientes clave<\/strong><\/div>\n<div class=\"row\">\n<p>El Complejo\u00a0<em>TimeWise 3D<\/em>\u00ae, cient\u00edficamente comprobado y patentado, potencia a cada uno de los productos del\u00a0<em>Juego Milagroso<\/em>\u2122\u00a0<em>TimeWise<\/em>\u00ae con tres dimensiones cr\u00edticas de apoyo a la piel. Consid\u00e9ralo como el A, B, C para la piel: Antioxidantes, brillo y col\u00e1geno.<\/p>\n<ol>\n<li>Los antioxidantes combaten los radicales libres que se conocen por acelerar el proceso de envejecimiento y son causados por factores ambientales como los rayos UV, luz azul, contaminaci\u00f3n (esmog, holl\u00edn, material particulado), falta de sue\u00f1o, estr\u00e9s, fumar e incluso la dieta. Entre m\u00e1s da\u00f1o acumule tu piel de parte de estos agresores, aparece m\u00e1s el envejecimiento prematuro. Si bien tu piel tiene defensas naturales, el d\u00eda a d\u00eda puede ser m\u00e1s de lo que puede aguantar. As\u00ed que es importante reforzar y reponer la piel con una protecci\u00f3n antioxidante poderosa.<\/li>\n<\/ol>\n<\/div>\n<p><strong>Fuente del complejo<\/strong><\/p>\n<p><span style=\"font-size: 16px;\">El Resveratrol encapsulado proporciona el triple de beneficios antioxidantes. Ha demostrado que:<\/span><\/p>\n<p>Neutraliza los efectos negativos ocasionados por los radicales libres en la piel\u2020.<\/p>\n<p>Aumenta los antioxidantes protectores naturales\u2020.<\/p>\n<p>Trabaja en armon\u00eda con los antioxidantes naturales\u2020 para ayudar a brindar apoyo a la barrera protectora de la piel.<\/p>\n<p>La vitamina B3 aporta una protecci\u00f3n antioxidante adicional.<\/p>\n<p>El brillo o luminosidad muchas veces disminuye cuando la piel no est\u00e1 saludable o cuando la piel ha sufrido da\u00f1o solar que se puede ver en manchas oscuras. Para ayudar a reforzar una apariencia radiante, de tono m\u00e1s uniforme, el uso de FPS y el cuidado de la piel apropiado son indispensables.<\/p>\n<p><strong>Fuente del complejo<\/strong><\/p>\n<ul>\n<li>La\u00a0<strong>vitamina B3\u00a0<\/strong>combate el tono desigual de la piel. La vitamina B3, del complejo B que incluye niacina, es soluble en agua y es un conocido iluminador s\u00faper poderoso.<\/li>\n<li>El resveratrol encapsulado ayuda a promover un tono de piel m\u00e1s uniforme\u2020.<\/li>\n<\/ul>\n<ol start=\"3\">\n<li>El\u00a0<strong>col\u00e1geno<\/strong> comienza a agotarse a medida que envejecemos. A partir de los 20 a\u00f1os, produces aproximadamente un 1% menos de col\u00e1geno en la piel cada a\u00f1o\u2026 a\u00f1o tras a\u00f1o, para siempre. Al respaldar el col\u00e1geno natural de la piel, est\u00e1s reforzando uno de los componentes fundamentales de la piel que ayudan a mantenerla rellena y resistente.<\/li>\n<\/ol>\n<p><strong>Fuente del complejo<\/strong><\/p>\n<ul>\n<li>El\u00a0<strong>p\u00e9ptido que desaf\u00eda la edad<\/strong>\u00a0apoya el col\u00e1geno y la elastina naturales de la piel\u2020. Se compone de cuatro amino\u00e1cidos vinculados que contribuyen a rejuvenecer la piel<sup>\u2020<\/sup>.<\/li>\n<li>El\u00a0<strong>resveratrol encapsulado<\/strong> apoya el col\u00e1geno\u2020 natural de la piel para ayudar a mejorar la apariencia de las l\u00edneas de expresi\u00f3n y arrugas.<\/li>\n<\/ul>\n<\/div>\n<\/div>\n<\/div>\n<p>&nbsp;<\/p>\n","protected":false},"excerpt":{"rendered":"<p>Tal como la mente y el cuerpo, la piel tiene la oportunidad de recuperarse y reponerse por la noche. Es entonces cuando el proceso de producci\u00f3n y reparaci\u00f3n de la piel est\u00e1 en su apogeo*. Por lo tanto, la noche puede ser especialmente eficaz para los productos de tratamiento porque pueden ayudar a reponer las reservas de la piel en armon\u00eda con el ciclo natural de rejuvenecimiento. Al promover la calma y reforzar la habilidad de neutralizar los factores agresores, la piel puede tener un mayor potencial para recuperarse y mantener la apariencia del envejecimiento prematuro bajo control.<\/p>\n","protected":false},"featured_media":3320,"comment_status":"open","ping_status":"closed","template":"","meta":{"site-sidebar-layout":"default","site-content-layout":"","ast-site-content-layout":"default","site-content-style":"default","site-sidebar-style":"default","ast-global-header-display":"","ast-banner-title-visibility":"","ast-main-header-display":"","ast-hfb-above-header-display":"","ast-hfb-below-header-display":"","ast-hfb-mobile-header-display":"","site-post-title":"","ast-breadcrumbs-content":"","ast-featured-img":"","footer-sml-layout":"","ast-disable-related-posts":"","theme-transparent-header-meta":"default","adv-header-id-meta":"","stick-header-meta":"","header-above-stick-meta":"","header-main-stick-meta":"","header-below-stick-meta":"","astra-migrate-meta-layouts":"set","ast-page-background-enabled":"default","ast-page-background-meta":{"desktop":{"background-color":"","background-image":"","background-repeat":"repeat","background-position":"center center","background-size":"auto","background-attachment":"scroll","background-type":"","background-media":"","overlay-type":"","overlay-color":"","overlay-opacity":"","overlay-gradient":""},"tablet":{"background-color":"","background-image":"","background-repeat":"repeat","background-position":"center center","background-size":"auto","background-attachment":"scroll","background-type":"","background-media":"","overlay-type":"","overlay-color":"","overlay-opacity":"","overlay-gradient":""},"mobile":{"background-color":"","background-image":"","background-repeat":"repeat","background-position":"center center","background-size":"auto","background-attachment":"scroll","background-type":"","background-media":"","overlay-type":"","overlay-color":"","overlay-opacity":"","overlay-gradient":""}},"ast-content-background-meta":{"desktop":{"background-color":"var(--ast-global-color-5)","background-image":"","background-repeat":"repeat","background-position":"center center","background-size":"auto","background-attachment":"scroll","background-type":"","background-media":"","overlay-type":"","overlay-color":"","overlay-opacity":"","overlay-gradient":""},"tablet":{"background-color":"var(--ast-global-color-5)","background-image":"","background-repeat":"repeat","background-position":"center center","background-size":"auto","background-attachment":"scroll","background-type":"","background-media":"","overlay-type":"","overlay-color":"","overlay-opacity":"","overlay-gradient":""},"mobile":{"background-color":"var(--ast-global-color-5)","background-image":"","background-repeat":"repeat","background-position":"center center","background-size":"auto","background-attachment":"scroll","background-type":"","background-media":"","overlay-type":"","overlay-color":"","overlay-opacity":"","overlay-gradient":""}},"_joinchat":[]},"product_brand":[],"product_cat":[137,136],"product_tag":[],"class_list":{"0":"post-3319","1":"product","2":"type-product","3":"status-publish","4":"has-post-thumbnail","6":"product_cat-cuidado-de-la-piel","7":"product_cat-mary-kay","8":"desktop-align-center","9":"tablet-align-left","10":"mobile-align-left","12":"first","13":"instock","14":"shipping-taxable","15":"purchasable","16":"product-type-simple"},"aioseo_notices":[],"jetpack_sharing_enabled":true,"_links":{"self":[{"href":"https:\/\/camilamoda.com\/index.php\/wp-json\/wp\/v2\/product\/3319","targetHints":{"allow":["GET"]}}],"collection":[{"href":"https:\/\/camilamoda.com\/index.php\/wp-json\/wp\/v2\/product"}],"about":[{"href":"https:\/\/camilamoda.com\/index.php\/wp-json\/wp\/v2\/types\/product"}],"replies":[{"embeddable":true,"href":"https:\/\/camilamoda.com\/index.php\/wp-json\/wp\/v2\/comments?post=3319"}],"wp:featuredmedia":[{"embeddable":true,"href":"https:\/\/camilamoda.com\/index.php\/wp-json\/wp\/v2\/media\/3320"}],"wp:attachment":[{"href":"https:\/\/camilamoda.com\/index.php\/wp-json\/wp\/v2\/media?parent=3319"}],"wp:term":[{"taxonomy":"product_brand","embeddable":true,"href":"https:\/\/camilamoda.com\/index.php\/wp-json\/wp\/v2\/product_brand?post=3319"},{"taxonomy":"product_cat","embeddable":true,"href":"https:\/\/camilamoda.com\/index.php\/wp-json\/wp\/v2\/product_cat?post=3319"},{"taxonomy":"product_tag","embeddable":true,"href":"https:\/\/camilamoda.com\/index.php\/wp-json\/wp\/v2\/product_tag?post=3319"}],"curies":[{"name":"wp","href":"https:\/\/api.w.org\/{rel}","templated":true}]}}