{"id":3317,"date":"2024-02-19T19:19:41","date_gmt":"2024-02-20T01:19:41","guid":{"rendered":"http:\/\/camilamoda.com\/?post_type=product&#038;p=3317"},"modified":"2024-02-19T19:19:41","modified_gmt":"2024-02-20T01:19:41","slug":"timewise-daytime-defender-sunscreen-broad-spectrum-spf-30","status":"publish","type":"product","link":"https:\/\/camilamoda.com\/index.php\/producto\/timewise-daytime-defender-sunscreen-broad-spectrum-spf-30\/","title":{"rendered":"TimeWise\u00ae Daytime Defender Sunscreen Broad Spectrum SPF 30"},"content":{"rendered":"<p>l\u00a0<strong>brillo<\/strong>\u00a0o la luminosidad muchas veces disminuye cuando la piel no est\u00e1 saludable o cuando la piel ha sufrido da\u00f1o solar que se puede ver en manchas oscuras. Para ayudar a reforzar un\u00a0<em>look<\/em>\u00a0radiante, de tono m\u00e1s uniforme, el uso de FPS y el cuidado de la piel apropiado son indispensables.<\/p>\n<p><strong>Fuente del complejo:<\/strong><\/p>\n<ul>\n<li>La\u00a0<strong>vitamina B3\u00a0<\/strong>combate el aspecto del tono disparejo de la piel. La vitamina B3, del complejo B que incluye niacina, es soluble en agua y es un conocido iluminador s\u00faper poderoso.<\/li>\n<li>El\u00a0<strong>resveratrol encapsulado<\/strong>\u00a0ayuda a promover un tono de piel m\u00e1s uniforme*.<\/li>\n<\/ul>\n<p>El\u00a0<strong>col\u00e1geno<\/strong>\u00a0comienza a agotarse a medida que envejecemos. A partir de los 20 a\u00f1os, produces aproximadamente 1% menos de col\u00e1geno en la piel cada a\u00f1o\u2026 a\u00f1o tras a\u00f1o, para siempre. Al apoyar el col\u00e1geno natural de la piel, refuerzas uno de los componentes fundamentales de la piel que ayudan a mantenerla rellena y resistente.<br \/>\n<strong>Fuente del complejo:<\/strong><\/p>\n<ul>\n<li>El\u00a0<strong>p\u00e9ptido que desaf\u00eda la edad<\/strong>\u00a0apoya el col\u00e1geno y la elastina naturales de la piel*. Est\u00e1 compuesto de cuatro amino\u00e1cidos entrelazados que contribuyen para tener una piel de apariencia m\u00e1s joven*.<\/li>\n<li>El\u00a0<strong>resveratrol encapsulado<\/strong>\u00a0apoya el col\u00e1geno* natural de la piel para ayudar a mejorar la apariencia de las l\u00edneas de expresi\u00f3n y arrugas.<\/li>\n<\/ul>\n","protected":false},"excerpt":{"rendered":"<p>Ayuda a demorar las se\u00f1ales visibles del envejecimiento de la piel con protecci\u00f3n de amplio espectro, protecci\u00f3n para el d\u00eda. Tambi\u00e9n incluye extracto de nopal para ayudar a fortalecer* la barrera de humectaci\u00f3n de la piel, fundamental para conservar lo bueno dentro de la piel y rechazar lo malo. Cuando se usa el patentado\u00a0<strong><em>TimeWise 3D<\/em><\/strong>\u00ae\u00a0<strong><em>Complex\u00a0<\/em><\/strong>en capas con el\u00a0<strong><em>TimeWise<\/em><\/strong>\u00ae\u00a0<strong><em>Antioxidant Moisturizer<\/em><\/strong>, resulta en una infusi\u00f3n de rostro completo, y ayuda a que la piel luzca m\u00e1s vibrante a lo largo del d\u00eda mientras que mejora el aspecto del tono disparejo. Protege tu piel de los rayos UVA y UVB con esta f\u00f3rmula de r\u00e1pida absorci\u00f3n que mejora el aspecto general de la piel y le ayuda a sentirse m\u00e1s resistente.<\/p>\n","protected":false},"featured_media":3318,"comment_status":"open","ping_status":"closed","template":"","meta":{"site-sidebar-layout":"default","site-content-layout":"","ast-site-content-layout":"default","site-content-style":"default","site-sidebar-style":"default","ast-global-header-display":"","ast-banner-title-visibility":"","ast-main-header-display":"","ast-hfb-above-header-display":"","ast-hfb-below-header-display":"","ast-hfb-mobile-header-display":"","site-post-title":"","ast-breadcrumbs-content":"","ast-featured-img":"","footer-sml-layout":"","ast-disable-related-posts":"","theme-transparent-header-meta":"default","adv-header-id-meta":"","stick-header-meta":"","header-above-stick-meta":"","header-main-stick-meta":"","header-below-stick-meta":"","astra-migrate-meta-layouts":"set","ast-page-background-enabled":"default","ast-page-background-meta":{"desktop":{"background-color":"","background-image":"","background-repeat":"repeat","background-position":"center center","background-size":"auto","background-attachment":"scroll","background-type":"","background-media":"","overlay-type":"","overlay-color":"","overlay-opacity":"","overlay-gradient":""},"tablet":{"background-color":"","background-image":"","background-repeat":"repeat","background-position":"center center","background-size":"auto","background-attachment":"scroll","background-type":"","background-media":"","overlay-type":"","overlay-color":"","overlay-opacity":"","overlay-gradient":""},"mobile":{"background-color":"","background-image":"","background-repeat":"repeat","background-position":"center center","background-size":"auto","background-attachment":"scroll","background-type":"","background-media":"","overlay-type":"","overlay-color":"","overlay-opacity":"","overlay-gradient":""}},"ast-content-background-meta":{"desktop":{"background-color":"var(--ast-global-color-5)","background-image":"","background-repeat":"repeat","background-position":"center center","background-size":"auto","background-attachment":"scroll","background-type":"","background-media":"","overlay-type":"","overlay-color":"","overlay-opacity":"","overlay-gradient":""},"tablet":{"background-color":"var(--ast-global-color-5)","background-image":"","background-repeat":"repeat","background-position":"center center","background-size":"auto","background-attachment":"scroll","background-type":"","background-media":"","overlay-type":"","overlay-color":"","overlay-opacity":"","overlay-gradient":""},"mobile":{"background-color":"var(--ast-global-color-5)","background-image":"","background-repeat":"repeat","background-position":"center center","background-size":"auto","background-attachment":"scroll","background-type":"","background-media":"","overlay-type":"","overlay-color":"","overlay-opacity":"","overlay-gradient":""}},"_joinchat":[]},"product_brand":[],"product_cat":[137,136],"product_tag":[],"class_list":{"0":"post-3317","1":"product","2":"type-product","3":"status-publish","4":"has-post-thumbnail","6":"product_cat-cuidado-de-la-piel","7":"product_cat-mary-kay","8":"desktop-align-center","9":"tablet-align-left","10":"mobile-align-left","12":"first","13":"instock","14":"shipping-taxable","15":"purchasable","16":"product-type-simple"},"aioseo_notices":[],"jetpack_sharing_enabled":true,"_links":{"self":[{"href":"https:\/\/camilamoda.com\/index.php\/wp-json\/wp\/v2\/product\/3317","targetHints":{"allow":["GET"]}}],"collection":[{"href":"https:\/\/camilamoda.com\/index.php\/wp-json\/wp\/v2\/product"}],"about":[{"href":"https:\/\/camilamoda.com\/index.php\/wp-json\/wp\/v2\/types\/product"}],"replies":[{"embeddable":true,"href":"https:\/\/camilamoda.com\/index.php\/wp-json\/wp\/v2\/comments?post=3317"}],"wp:featuredmedia":[{"embeddable":true,"href":"https:\/\/camilamoda.com\/index.php\/wp-json\/wp\/v2\/media\/3318"}],"wp:attachment":[{"href":"https:\/\/camilamoda.com\/index.php\/wp-json\/wp\/v2\/media?parent=3317"}],"wp:term":[{"taxonomy":"product_brand","embeddable":true,"href":"https:\/\/camilamoda.com\/index.php\/wp-json\/wp\/v2\/product_brand?post=3317"},{"taxonomy":"product_cat","embeddable":true,"href":"https:\/\/camilamoda.com\/index.php\/wp-json\/wp\/v2\/product_cat?post=3317"},{"taxonomy":"product_tag","embeddable":true,"href":"https:\/\/camilamoda.com\/index.php\/wp-json\/wp\/v2\/product_tag?post=3317"}],"curies":[{"name":"wp","href":"https:\/\/api.w.org\/{rel}","templated":true}]}}