{"id":3315,"date":"2024-02-19T19:15:50","date_gmt":"2024-02-20T01:15:50","guid":{"rendered":"http:\/\/camilamoda.com\/?post_type=product&#038;p=3315"},"modified":"2024-02-19T19:15:51","modified_gmt":"2024-02-20T01:15:51","slug":"timewise-antioxidant-moisturizer-normal-seco","status":"publish","type":"product","link":"https:\/\/camilamoda.com\/index.php\/producto\/timewise-antioxidant-moisturizer-normal-seco\/","title":{"rendered":"TimeWise\u00ae Antioxidant Moisturizer Normal\/Seco"},"content":{"rendered":"<ul>\n<li>La vitamina B3, del complejo B que incluye niacina, es soluble en agua y es un conocido iluminador s\u00faper poderoso.<\/li>\n<li>El\u00a0<strong>resveratrol encapsulado<\/strong>\u00a0ayuda a promover un tono de piel m\u00e1s uniforme*.<\/li>\n<\/ul>\n<ol start=\"3\">\n<li>El\u00a0<strong>col\u00e1geno<\/strong>\u00a0comienza a agotarse a medida que envejeces. A partir de los 20 a\u00f1os, produces aproximadamente un 1% menos de col\u00e1geno en la piel cada a\u00f1o\u2026 a\u00f1o tras a\u00f1o, para siempre. Al respaldar el col\u00e1geno natural de la piel, est\u00e1s reforzando uno de los componentes fundamentales de la piel que ayudan a mantenerla rellena y resistente.<\/li>\n<\/ol>\n<p><strong>Fuente del complejo<\/strong><\/p>\n<ul>\n<li>El\u00a0<strong>P\u00e9ptido que desaf\u00eda la edad<\/strong>, apoya el col\u00e1geno y la elastina naturales de la piel*. Est\u00e1 compuesto de cuatro amino\u00e1cidos entrelazados que contribuyen para tener una piel de apariencia m\u00e1s joven*.<\/li>\n<li>El resveratrol encapsulado respalda el col\u00e1geno* natural de la piel para ayudar a mejorar la apariencia de las l\u00edneas de expresi\u00f3n y las arrugas.<\/li>\n<\/ul>\n","protected":false},"excerpt":{"rendered":"<p style=\"text-align: left;\">El TimeWise\u00ae Antioxidant Moisturizer revitaliza la luminosidad de la piel mientras estimula la hidrataci\u00f3n por 12 horas*. La f\u00f3rmula ligera se absorbe r\u00e1pidamente y deja la piel sinti\u00e9ndose suave, tersa<\/p>\n","protected":false},"featured_media":3316,"comment_status":"open","ping_status":"closed","template":"","meta":{"site-sidebar-layout":"default","site-content-layout":"","ast-site-content-layout":"default","site-content-style":"default","site-sidebar-style":"default","ast-global-header-display":"","ast-banner-title-visibility":"","ast-main-header-display":"","ast-hfb-above-header-display":"","ast-hfb-below-header-display":"","ast-hfb-mobile-header-display":"","site-post-title":"","ast-breadcrumbs-content":"","ast-featured-img":"","footer-sml-layout":"","ast-disable-related-posts":"","theme-transparent-header-meta":"default","adv-header-id-meta":"","stick-header-meta":"","header-above-stick-meta":"","header-main-stick-meta":"","header-below-stick-meta":"","astra-migrate-meta-layouts":"set","ast-page-background-enabled":"default","ast-page-background-meta":{"desktop":{"background-color":"","background-image":"","background-repeat":"repeat","background-position":"center center","background-size":"auto","background-attachment":"scroll","background-type":"","background-media":"","overlay-type":"","overlay-color":"","overlay-opacity":"","overlay-gradient":""},"tablet":{"background-color":"","background-image":"","background-repeat":"repeat","background-position":"center center","background-size":"auto","background-attachment":"scroll","background-type":"","background-media":"","overlay-type":"","overlay-color":"","overlay-opacity":"","overlay-gradient":""},"mobile":{"background-color":"","background-image":"","background-repeat":"repeat","background-position":"center center","background-size":"auto","background-attachment":"scroll","background-type":"","background-media":"","overlay-type":"","overlay-color":"","overlay-opacity":"","overlay-gradient":""}},"ast-content-background-meta":{"desktop":{"background-color":"var(--ast-global-color-5)","background-image":"","background-repeat":"repeat","background-position":"center center","background-size":"auto","background-attachment":"scroll","background-type":"","background-media":"","overlay-type":"","overlay-color":"","overlay-opacity":"","overlay-gradient":""},"tablet":{"background-color":"var(--ast-global-color-5)","background-image":"","background-repeat":"repeat","background-position":"center center","background-size":"auto","background-attachment":"scroll","background-type":"","background-media":"","overlay-type":"","overlay-color":"","overlay-opacity":"","overlay-gradient":""},"mobile":{"background-color":"var(--ast-global-color-5)","background-image":"","background-repeat":"repeat","background-position":"center center","background-size":"auto","background-attachment":"scroll","background-type":"","background-media":"","overlay-type":"","overlay-color":"","overlay-opacity":"","overlay-gradient":""}},"_joinchat":[]},"product_brand":[],"product_cat":[137,136],"product_tag":[],"class_list":{"0":"post-3315","1":"product","2":"type-product","3":"status-publish","4":"has-post-thumbnail","6":"product_cat-cuidado-de-la-piel","7":"product_cat-mary-kay","8":"desktop-align-center","9":"tablet-align-left","10":"mobile-align-left","12":"first","13":"instock","14":"shipping-taxable","15":"purchasable","16":"product-type-simple"},"aioseo_notices":[],"jetpack_sharing_enabled":true,"_links":{"self":[{"href":"https:\/\/camilamoda.com\/index.php\/wp-json\/wp\/v2\/product\/3315","targetHints":{"allow":["GET"]}}],"collection":[{"href":"https:\/\/camilamoda.com\/index.php\/wp-json\/wp\/v2\/product"}],"about":[{"href":"https:\/\/camilamoda.com\/index.php\/wp-json\/wp\/v2\/types\/product"}],"replies":[{"embeddable":true,"href":"https:\/\/camilamoda.com\/index.php\/wp-json\/wp\/v2\/comments?post=3315"}],"wp:featuredmedia":[{"embeddable":true,"href":"https:\/\/camilamoda.com\/index.php\/wp-json\/wp\/v2\/media\/3316"}],"wp:attachment":[{"href":"https:\/\/camilamoda.com\/index.php\/wp-json\/wp\/v2\/media?parent=3315"}],"wp:term":[{"taxonomy":"product_brand","embeddable":true,"href":"https:\/\/camilamoda.com\/index.php\/wp-json\/wp\/v2\/product_brand?post=3315"},{"taxonomy":"product_cat","embeddable":true,"href":"https:\/\/camilamoda.com\/index.php\/wp-json\/wp\/v2\/product_cat?post=3315"},{"taxonomy":"product_tag","embeddable":true,"href":"https:\/\/camilamoda.com\/index.php\/wp-json\/wp\/v2\/product_tag?post=3315"}],"curies":[{"name":"wp","href":"https:\/\/api.w.org\/{rel}","templated":true}]}}