{"id":3300,"date":"2024-02-19T17:24:42","date_gmt":"2024-02-19T23:24:42","guid":{"rendered":"http:\/\/camilamoda.com\/?post_type=product&#038;p=3300"},"modified":"2024-02-19T17:24:42","modified_gmt":"2024-02-19T23:24:42","slug":"crema-de-accion-renovadora-para-el-contorno-de-ojos-timewise-repair-volu-firm-mary-kay","status":"publish","type":"product","link":"https:\/\/camilamoda.com\/index.php\/producto\/crema-de-accion-renovadora-para-el-contorno-de-ojos-timewise-repair-volu-firm-mary-kay\/","title":{"rendered":"Crema de Acci\u00f3n Renovadora para el Contorno de Ojos TimeWise\u00ae Repair\u00ae Volu Firm\u00ae Mary Kay\u00ae"},"content":{"rendered":"<p>Ahora una crema para ojos se enfoca en las l\u00edneas profundas, las ojeras, las bolsas y los p\u00e1rpados ca\u00eddos.<\/p>\n<p>Toda una vida de expresiones faciales \u2013como re\u00edr, sonre\u00edr y fruncir el ce\u00f1o\u2013 verdaderamente tienen un gran impacto en la fr\u00e1gil \u00e1rea de los ojos. Y cuando tomas en consideraci\u00f3n los a\u00f1os de exposici\u00f3n al sol y las veces que entrecierras los ojos, el resultado puede ser unos ojos que te hacen lucir m\u00e1s cansada y vieja de lo que te sientes.<\/p>\n<p>Pero ahora\u00a0la\u00a0<em>Crema de Acci\u00f3n Renovadora para el Contorno de los Ojos TimeWise<sup>\u00ae<\/sup>\u00a0Repair<sup>\u00ae<\/sup><\/em>\u00a0viene al rescate con una combinaci\u00f3n patentada de ingredientes que ayuda a combatir en las se\u00f1ales de envejecimiento avanzado en el \u00e1rea de los ojos. Esta crema consentidora est\u00e1 formulada para ofrecer beneficios que se enfocan en ayudar a los ojos a tener una apariencia m\u00e1s juvenil, como reducir la apariencia de la piel fl\u00e1cida y rugosa, lo cual ayuda a minimizar la hinchaz\u00f3n debajo de los ojos y a reducir la apariencia de ojeras. Adem\u00e1s, debido a que la piel alrededor de los ojos es m\u00e1s delgada y tiene pocas gl\u00e1ndulas seb\u00e1ceas para mantenerla humectada naturalmente, la hidrataci\u00f3n es un asunto cr\u00edtico.\u00a0La\u00a0<em>Crema de Acci\u00f3n Renovadora para el Contorno de los Ojos TimeWise Repair<sup>\u00ae<\/sup><\/em>\u00a0ayuda a la piel a retener preciada humectaci\u00f3n. \u00a1De hecho, esta rica crema consentidora no s\u00f3lo duplica inmediatamente la hidrataci\u00f3n de la piel sino que mantiene los niveles de humectaci\u00f3n significativamente elevados incluso despu\u00e9s de 12 horas!<\/p>\n<p>Tambi\u00e9n cuenta con un sistema de entrega de cristal l\u00edquido que ayuda a mejorar su efectividad. Este innovador sistema de entrega fue seleccionado porque los cristales l\u00edquidos son estructuralmente similares a la barrera de la piel y esto puede ayudar a la piel a estar m\u00e1s receptiva a los beneficios del producto. Tambi\u00e9n ha sido demostrado que este sistema de entrega ayuda a apoyar la barrera de la piel y puede ayudar a proteger esta fr\u00e1gil \u00e1rea contra factores estresantes en el ambiente. Adem\u00e1s, los cristales l\u00edquidos pueden ayudar a reflejar la luz, lo cual a su vez puede ayudar a crear una apariencia luminosa. \u00bfNo es de esperarse entonces que durante un estudio independiente con consumidoras ocho de cada 10 acordaron con que el \u00e1rea de sus ojos luc\u00eda m\u00e1s radiante con s\u00f3lo dos semanas de uso?<\/p>\n<p>Y debido a que la experiencia que tengas con un producto puede ser tan significativa como los beneficios, un aplicador personalizado coloca esta crema entre productos de belleza de m\u00e1s alto nivel. Perfectamente moldeada para ajustarse a la forma de los ojos, la punta de metal est\u00e1 dise\u00f1ada para ayudar a impactar la microcirculaci\u00f3n al ofrecerle un suave masaje al \u00e1rea debajo de los ojos y ayudar a reducir la hinchaz\u00f3n. Cuando el suave metal toca tu piel, el efecto es una sensaci\u00f3n fr\u00eda y a la vez refrescante. \u00bfCrees que ese es un lujo con el que puedes consentirte a diario?<\/p>\n","protected":false},"excerpt":{"rendered":"<p><span style=\"font-size: 16px;\">Reaviva los ojos cansados y les da una apariencia elevada.<\/span><\/p>\n<ul>\n<li>Se enfoca en las l\u00edneas y arrugas profundas, y en la piel fl\u00e1cida.<\/li>\n<li>Se enfoca en las bolsas, la hinchaz\u00f3n y las ojeras debajo de los ojos.<\/li>\n<li>Se enfoca en la piel rugosa y reseca.<\/li>\n<li>Incrementa la humectaci\u00f3n de la piel durante 12 horas.<\/li>\n<li>Cuenta con una innovadora tecnolog\u00eda de cristal l\u00edquido que mejora su efectividad.<\/li>\n<li>Contiene los beneficios de\u00a0<em>Volu-Firm<\/em>\u00ae<em>Complex<\/em>.<\/li>\n<\/ul>\n","protected":false},"featured_media":3301,"comment_status":"open","ping_status":"closed","template":"","meta":{"site-sidebar-layout":"default","site-content-layout":"","ast-site-content-layout":"default","site-content-style":"default","site-sidebar-style":"default","ast-global-header-display":"","ast-banner-title-visibility":"","ast-main-header-display":"","ast-hfb-above-header-display":"","ast-hfb-below-header-display":"","ast-hfb-mobile-header-display":"","site-post-title":"","ast-breadcrumbs-content":"","ast-featured-img":"","footer-sml-layout":"","ast-disable-related-posts":"","theme-transparent-header-meta":"default","adv-header-id-meta":"","stick-header-meta":"","header-above-stick-meta":"","header-main-stick-meta":"","header-below-stick-meta":"","astra-migrate-meta-layouts":"set","ast-page-background-enabled":"default","ast-page-background-meta":{"desktop":{"background-color":"","background-image":"","background-repeat":"repeat","background-position":"center center","background-size":"auto","background-attachment":"scroll","background-type":"","background-media":"","overlay-type":"","overlay-color":"","overlay-opacity":"","overlay-gradient":""},"tablet":{"background-color":"","background-image":"","background-repeat":"repeat","background-position":"center center","background-size":"auto","background-attachment":"scroll","background-type":"","background-media":"","overlay-type":"","overlay-color":"","overlay-opacity":"","overlay-gradient":""},"mobile":{"background-color":"","background-image":"","background-repeat":"repeat","background-position":"center center","background-size":"auto","background-attachment":"scroll","background-type":"","background-media":"","overlay-type":"","overlay-color":"","overlay-opacity":"","overlay-gradient":""}},"ast-content-background-meta":{"desktop":{"background-color":"var(--ast-global-color-5)","background-image":"","background-repeat":"repeat","background-position":"center center","background-size":"auto","background-attachment":"scroll","background-type":"","background-media":"","overlay-type":"","overlay-color":"","overlay-opacity":"","overlay-gradient":""},"tablet":{"background-color":"var(--ast-global-color-5)","background-image":"","background-repeat":"repeat","background-position":"center center","background-size":"auto","background-attachment":"scroll","background-type":"","background-media":"","overlay-type":"","overlay-color":"","overlay-opacity":"","overlay-gradient":""},"mobile":{"background-color":"var(--ast-global-color-5)","background-image":"","background-repeat":"repeat","background-position":"center center","background-size":"auto","background-attachment":"scroll","background-type":"","background-media":"","overlay-type":"","overlay-color":"","overlay-opacity":"","overlay-gradient":""}},"_joinchat":[]},"product_brand":[],"product_cat":[137,136],"product_tag":[],"class_list":{"0":"post-3300","1":"product","2":"type-product","3":"status-publish","4":"has-post-thumbnail","6":"product_cat-cuidado-de-la-piel","7":"product_cat-mary-kay","8":"desktop-align-center","9":"tablet-align-left","10":"mobile-align-left","12":"first","13":"instock","14":"shipping-taxable","15":"purchasable","16":"product-type-simple"},"aioseo_notices":[],"jetpack_sharing_enabled":true,"_links":{"self":[{"href":"https:\/\/camilamoda.com\/index.php\/wp-json\/wp\/v2\/product\/3300","targetHints":{"allow":["GET"]}}],"collection":[{"href":"https:\/\/camilamoda.com\/index.php\/wp-json\/wp\/v2\/product"}],"about":[{"href":"https:\/\/camilamoda.com\/index.php\/wp-json\/wp\/v2\/types\/product"}],"replies":[{"embeddable":true,"href":"https:\/\/camilamoda.com\/index.php\/wp-json\/wp\/v2\/comments?post=3300"}],"wp:featuredmedia":[{"embeddable":true,"href":"https:\/\/camilamoda.com\/index.php\/wp-json\/wp\/v2\/media\/3301"}],"wp:attachment":[{"href":"https:\/\/camilamoda.com\/index.php\/wp-json\/wp\/v2\/media?parent=3300"}],"wp:term":[{"taxonomy":"product_brand","embeddable":true,"href":"https:\/\/camilamoda.com\/index.php\/wp-json\/wp\/v2\/product_brand?post=3300"},{"taxonomy":"product_cat","embeddable":true,"href":"https:\/\/camilamoda.com\/index.php\/wp-json\/wp\/v2\/product_cat?post=3300"},{"taxonomy":"product_tag","embeddable":true,"href":"https:\/\/camilamoda.com\/index.php\/wp-json\/wp\/v2\/product_tag?post=3300"}],"curies":[{"name":"wp","href":"https:\/\/api.w.org\/{rel}","templated":true}]}}