{"id":3298,"date":"2024-02-19T17:18:52","date_gmt":"2024-02-19T23:18:52","guid":{"rendered":"http:\/\/camilamoda.com\/?post_type=product&#038;p=3298"},"modified":"2024-11-15T21:59:37","modified_gmt":"2024-11-16T03:59:37","slug":"limpiadora-facial-4-en-1-timewise-3d-mary-kay","status":"publish","type":"product","link":"https:\/\/camilamoda.com\/index.php\/producto\/limpiadora-facial-4-en-1-timewise-3d-mary-kay\/","title":{"rendered":"Limpiadora Facial 4 en 1 TimeWise 3D\u00ae Mary Kay\u00ae"},"content":{"rendered":"<p><strong>Limpiadora Facial 4-1 TimeWise<sup>\u00ae<\/sup>\u00a0Age Minimize 3D<sup>\u00ae<\/sup><\/strong><\/p>\n<p>Esta limpiadora multifuncional elimina las impurezas que opacan el cutis y deja la piel sinti\u00e9ndose limpia, exfoliada y con una apariencia m\u00e1s clara. Resalta la apariencia natural juvenil y prepara la piel para los beneficios de tu pr\u00f3ximo paso del cuidado de la piel. Esta f\u00f3rmula para piel de normal a reseca calma mientras limpia.<\/p>\n<ul>\n<li>Sin fragancia<\/li>\n<li>Sin aceites<\/li>\n<li>No comedog\u00e9nica<\/li>\n<li>Adecuada para piel sensible<\/li>\n<li>Dermatol\u00f3gicamente probada<\/li>\n<li>Cl\u00ednicamente probada para irritaci\u00f3n de la piel y alergias<\/li>\n<\/ul>\n","protected":false},"excerpt":{"rendered":"<p>Esta limpiadora multifuncional elimina las impurezas que opacan el cutis y deja la piel sinti\u00e9ndose limpia, exfoliada y con una apariencia m\u00e1s clara.<\/p>\n<p><span style=\"font-size: 16px;\">Beneficios Adicionales<\/span><\/p>\n<p><span style=\"font-size: 16px;\">Limpia profundamente sin despojar la piel de su humedad natural<\/span><\/p>\n<p>Incluye nuestro complejo Age Minimize 3D\u2122 pendiente de patente<\/p>\n<p>Suficientemente suave para usarla dos veces al d\u00eda y deja la piel sinti\u00e9ndose suave y c\u00f3moda<\/p>\n","protected":false},"featured_media":3299,"comment_status":"open","ping_status":"closed","template":"","meta":{"site-sidebar-layout":"default","site-content-layout":"","ast-site-content-layout":"default","site-content-style":"default","site-sidebar-style":"default","ast-global-header-display":"","ast-banner-title-visibility":"","ast-main-header-display":"","ast-hfb-above-header-display":"","ast-hfb-below-header-display":"","ast-hfb-mobile-header-display":"","site-post-title":"","ast-breadcrumbs-content":"","ast-featured-img":"","footer-sml-layout":"","ast-disable-related-posts":"","theme-transparent-header-meta":"default","adv-header-id-meta":"","stick-header-meta":"","header-above-stick-meta":"","header-main-stick-meta":"","header-below-stick-meta":"","astra-migrate-meta-layouts":"set","ast-page-background-enabled":"default","ast-page-background-meta":{"desktop":{"background-color":"","background-image":"","background-repeat":"repeat","background-position":"center center","background-size":"auto","background-attachment":"scroll","background-type":"","background-media":"","overlay-type":"","overlay-color":"","overlay-opacity":"","overlay-gradient":""},"tablet":{"background-color":"","background-image":"","background-repeat":"repeat","background-position":"center center","background-size":"auto","background-attachment":"scroll","background-type":"","background-media":"","overlay-type":"","overlay-color":"","overlay-opacity":"","overlay-gradient":""},"mobile":{"background-color":"","background-image":"","background-repeat":"repeat","background-position":"center center","background-size":"auto","background-attachment":"scroll","background-type":"","background-media":"","overlay-type":"","overlay-color":"","overlay-opacity":"","overlay-gradient":""}},"ast-content-background-meta":{"desktop":{"background-color":"var(--ast-global-color-5)","background-image":"","background-repeat":"repeat","background-position":"center center","background-size":"auto","background-attachment":"scroll","background-type":"","background-media":"","overlay-type":"","overlay-color":"","overlay-opacity":"","overlay-gradient":""},"tablet":{"background-color":"var(--ast-global-color-5)","background-image":"","background-repeat":"repeat","background-position":"center center","background-size":"auto","background-attachment":"scroll","background-type":"","background-media":"","overlay-type":"","overlay-color":"","overlay-opacity":"","overlay-gradient":""},"mobile":{"background-color":"var(--ast-global-color-5)","background-image":"","background-repeat":"repeat","background-position":"center center","background-size":"auto","background-attachment":"scroll","background-type":"","background-media":"","overlay-type":"","overlay-color":"","overlay-opacity":"","overlay-gradient":""}},"_joinchat":[]},"product_brand":[],"product_cat":[137,136],"product_tag":[],"class_list":{"0":"post-3298","1":"product","2":"type-product","3":"status-publish","4":"has-post-thumbnail","6":"product_cat-cuidado-de-la-piel","7":"product_cat-mary-kay","8":"desktop-align-center","9":"tablet-align-left","10":"mobile-align-left","12":"first","13":"instock","14":"shipping-taxable","15":"product-type-simple"},"aioseo_notices":[],"jetpack_sharing_enabled":true,"_links":{"self":[{"href":"https:\/\/camilamoda.com\/index.php\/wp-json\/wp\/v2\/product\/3298","targetHints":{"allow":["GET"]}}],"collection":[{"href":"https:\/\/camilamoda.com\/index.php\/wp-json\/wp\/v2\/product"}],"about":[{"href":"https:\/\/camilamoda.com\/index.php\/wp-json\/wp\/v2\/types\/product"}],"replies":[{"embeddable":true,"href":"https:\/\/camilamoda.com\/index.php\/wp-json\/wp\/v2\/comments?post=3298"}],"wp:featuredmedia":[{"embeddable":true,"href":"https:\/\/camilamoda.com\/index.php\/wp-json\/wp\/v2\/media\/3299"}],"wp:attachment":[{"href":"https:\/\/camilamoda.com\/index.php\/wp-json\/wp\/v2\/media?parent=3298"}],"wp:term":[{"taxonomy":"product_brand","embeddable":true,"href":"https:\/\/camilamoda.com\/index.php\/wp-json\/wp\/v2\/product_brand?post=3298"},{"taxonomy":"product_cat","embeddable":true,"href":"https:\/\/camilamoda.com\/index.php\/wp-json\/wp\/v2\/product_cat?post=3298"},{"taxonomy":"product_tag","embeddable":true,"href":"https:\/\/camilamoda.com\/index.php\/wp-json\/wp\/v2\/product_tag?post=3298"}],"curies":[{"name":"wp","href":"https:\/\/api.w.org\/{rel}","templated":true}]}}