{"id":3295,"date":"2024-02-19T17:07:51","date_gmt":"2024-02-19T23:07:51","guid":{"rendered":"http:\/\/camilamoda.com\/?post_type=product&#038;p=3295"},"modified":"2024-02-19T17:07:51","modified_gmt":"2024-02-19T23:07:51","slug":"crema-contorno-de-ojos-timewise-3d-mary-kay","status":"publish","type":"product","link":"https:\/\/camilamoda.com\/index.php\/producto\/crema-contorno-de-ojos-timewise-3d-mary-kay\/","title":{"rendered":"Crema Contorno de Ojos TimeWise\u00ae 3D\u2122 Mary Kay\u00ae"},"content":{"rendered":"<p>Esta crema para ojos ayuda a mejorar las m\u00faltiples se\u00f1ales visibles del envejecimiento y cansancio, como la apariencia de ojeras, hinchaz\u00f3n debajo de los ojos, l\u00edneas finas y arrugas. La piel luce m\u00e1s firme ya que esta crema se absorbe r\u00e1pidamente, mientras humecta e ilumina el \u00e1rea de los ojos de inmediato. Adem\u00e1s, mantiene el \u00e1rea de los ojos humectada por 12 horas. Observar\u00e1s una mejora en el aspecto de la piel en general para una apariencia m\u00e1s descansada y juvenil.<\/p>\n<ul>\n<li>Oftalmol\u00f3gicamente probada<\/li>\n<li>Apropiada para ojos sensibles<\/li>\n<li>Adecuada para usuarias de lentes de contacto<\/li>\n<\/ul>\n","protected":false},"excerpt":{"rendered":"<p>La <span style=\"font-size: 16px;\">piel luce m\u00e1s firme ya que esta crema se absorbe r\u00e1pidamente mientras ilumina el \u00e1rea de los ojos y humecta por 12 horas.<\/span><\/p>\n<p><strong>Beneficios Adicionales<\/strong><\/p>\n<ul>\n<li>Incluye nuestro complejo<em>Age Minimize 3D<\/em>\u2122 pendiente de patente<\/li>\n<li>La piel se siente intensamente humectada<\/li>\n<li>Suaviza la piel y mejora su textura<\/li>\n<li>Requiere poco tiempo de espera para aplicar maquillaje<\/li>\n<\/ul>\n<p>\u00dasala dos veces al d\u00eda para 24 horas de humectaci\u00f3n.<\/p>\n","protected":false},"featured_media":3296,"comment_status":"open","ping_status":"closed","template":"","meta":{"site-sidebar-layout":"default","site-content-layout":"","ast-site-content-layout":"default","site-content-style":"default","site-sidebar-style":"default","ast-global-header-display":"","ast-banner-title-visibility":"","ast-main-header-display":"","ast-hfb-above-header-display":"","ast-hfb-below-header-display":"","ast-hfb-mobile-header-display":"","site-post-title":"","ast-breadcrumbs-content":"","ast-featured-img":"","footer-sml-layout":"","ast-disable-related-posts":"","theme-transparent-header-meta":"default","adv-header-id-meta":"","stick-header-meta":"","header-above-stick-meta":"","header-main-stick-meta":"","header-below-stick-meta":"","astra-migrate-meta-layouts":"set","ast-page-background-enabled":"default","ast-page-background-meta":{"desktop":{"background-color":"","background-image":"","background-repeat":"repeat","background-position":"center center","background-size":"auto","background-attachment":"scroll","background-type":"","background-media":"","overlay-type":"","overlay-color":"","overlay-opacity":"","overlay-gradient":""},"tablet":{"background-color":"","background-image":"","background-repeat":"repeat","background-position":"center center","background-size":"auto","background-attachment":"scroll","background-type":"","background-media":"","overlay-type":"","overlay-color":"","overlay-opacity":"","overlay-gradient":""},"mobile":{"background-color":"","background-image":"","background-repeat":"repeat","background-position":"center center","background-size":"auto","background-attachment":"scroll","background-type":"","background-media":"","overlay-type":"","overlay-color":"","overlay-opacity":"","overlay-gradient":""}},"ast-content-background-meta":{"desktop":{"background-color":"var(--ast-global-color-5)","background-image":"","background-repeat":"repeat","background-position":"center center","background-size":"auto","background-attachment":"scroll","background-type":"","background-media":"","overlay-type":"","overlay-color":"","overlay-opacity":"","overlay-gradient":""},"tablet":{"background-color":"var(--ast-global-color-5)","background-image":"","background-repeat":"repeat","background-position":"center center","background-size":"auto","background-attachment":"scroll","background-type":"","background-media":"","overlay-type":"","overlay-color":"","overlay-opacity":"","overlay-gradient":""},"mobile":{"background-color":"var(--ast-global-color-5)","background-image":"","background-repeat":"repeat","background-position":"center center","background-size":"auto","background-attachment":"scroll","background-type":"","background-media":"","overlay-type":"","overlay-color":"","overlay-opacity":"","overlay-gradient":""}},"_joinchat":[]},"product_brand":[],"product_cat":[137,136],"product_tag":[],"class_list":{"0":"post-3295","1":"product","2":"type-product","3":"status-publish","4":"has-post-thumbnail","6":"product_cat-cuidado-de-la-piel","7":"product_cat-mary-kay","8":"desktop-align-center","9":"tablet-align-left","10":"mobile-align-left","12":"first","13":"instock","14":"shipping-taxable","15":"purchasable","16":"product-type-simple"},"aioseo_notices":[],"jetpack_sharing_enabled":true,"_links":{"self":[{"href":"https:\/\/camilamoda.com\/index.php\/wp-json\/wp\/v2\/product\/3295","targetHints":{"allow":["GET"]}}],"collection":[{"href":"https:\/\/camilamoda.com\/index.php\/wp-json\/wp\/v2\/product"}],"about":[{"href":"https:\/\/camilamoda.com\/index.php\/wp-json\/wp\/v2\/types\/product"}],"replies":[{"embeddable":true,"href":"https:\/\/camilamoda.com\/index.php\/wp-json\/wp\/v2\/comments?post=3295"}],"wp:featuredmedia":[{"embeddable":true,"href":"https:\/\/camilamoda.com\/index.php\/wp-json\/wp\/v2\/media\/3296"}],"wp:attachment":[{"href":"https:\/\/camilamoda.com\/index.php\/wp-json\/wp\/v2\/media?parent=3295"}],"wp:term":[{"taxonomy":"product_brand","embeddable":true,"href":"https:\/\/camilamoda.com\/index.php\/wp-json\/wp\/v2\/product_brand?post=3295"},{"taxonomy":"product_cat","embeddable":true,"href":"https:\/\/camilamoda.com\/index.php\/wp-json\/wp\/v2\/product_cat?post=3295"},{"taxonomy":"product_tag","embeddable":true,"href":"https:\/\/camilamoda.com\/index.php\/wp-json\/wp\/v2\/product_tag?post=3295"}],"curies":[{"name":"wp","href":"https:\/\/api.w.org\/{rel}","templated":true}]}}