{"id":3277,"date":"2024-02-14T15:50:55","date_gmt":"2024-02-14T21:50:55","guid":{"rendered":"http:\/\/camilamoda.com\/?post_type=product&#038;p=3277"},"modified":"2024-11-15T22:01:49","modified_gmt":"2024-11-16T04:01:49","slug":"base-mate-timewise-3d-mary-kay","status":"publish","type":"product","link":"https:\/\/camilamoda.com\/index.php\/producto\/base-mate-timewise-3d-mary-kay\/","title":{"rendered":"Base Mate TimeWise\u00ae 3D\u2122 Mary Kay\u00ae"},"content":{"rendered":"<p>Encuentra tu tono ideal en f\u00f3rmula mate dise\u00f1ada con nuestra exclusiva Tecnolog\u00eda\u00a0<em>IntelliMatch<\/em>\u2122. Luego disfruta el desempe\u00f1o de 12 horas en f\u00f3rmula ligera de una base que luce natural y se siente c\u00f3moda todo el d\u00eda. Esta f\u00f3rmula, que incluye nuestro Complejo\u00a0<em>Age Minimize 3D<\/em><sup>\u00ae<\/sup>\u00a0ayuda a defender, demorar y demostrar resultados hermosos. Logra un cutis impecable y de apariencia m\u00e1s juvenil con una f\u00f3rmula que absorbe la grasa y se difumina de manera uniforme para brindar una cobertura en capas de intermedia a completa.<\/p>\n<p>Atributos de la f\u00f3rmula:<\/p>\n<ul>\n<li>No comedog\u00e9nica.<\/li>\n<li>Libre de fragancia y aceite.<\/li>\n<li>Adecuado para piel sensible.<\/li>\n<li>Dermatol\u00f3gicamente probada.<\/li>\n<li>Cl\u00ednicamente probado para irritaci\u00f3n de la piel y alergias.<\/li>\n<li>Adecuado para ojos sensibles y usuarias de lentes de contacto.<\/li>\n<\/ul>\n","protected":false},"excerpt":{"rendered":"<p>Mary Kay<\/p>\n","protected":false},"featured_media":3290,"comment_status":"open","ping_status":"closed","template":"","meta":{"site-sidebar-layout":"default","site-content-layout":"","ast-site-content-layout":"default","site-content-style":"default","site-sidebar-style":"default","ast-global-header-display":"","ast-banner-title-visibility":"","ast-main-header-display":"","ast-hfb-above-header-display":"","ast-hfb-below-header-display":"","ast-hfb-mobile-header-display":"","site-post-title":"","ast-breadcrumbs-content":"","ast-featured-img":"","footer-sml-layout":"","ast-disable-related-posts":"","theme-transparent-header-meta":"default","adv-header-id-meta":"","stick-header-meta":"","header-above-stick-meta":"","header-main-stick-meta":"","header-below-stick-meta":"","astra-migrate-meta-layouts":"set","ast-page-background-enabled":"default","ast-page-background-meta":{"desktop":{"background-color":"","background-image":"","background-repeat":"repeat","background-position":"center center","background-size":"auto","background-attachment":"scroll","background-type":"","background-media":"","overlay-type":"","overlay-color":"","overlay-opacity":"","overlay-gradient":""},"tablet":{"background-color":"","background-image":"","background-repeat":"repeat","background-position":"center center","background-size":"auto","background-attachment":"scroll","background-type":"","background-media":"","overlay-type":"","overlay-color":"","overlay-opacity":"","overlay-gradient":""},"mobile":{"background-color":"","background-image":"","background-repeat":"repeat","background-position":"center center","background-size":"auto","background-attachment":"scroll","background-type":"","background-media":"","overlay-type":"","overlay-color":"","overlay-opacity":"","overlay-gradient":""}},"ast-content-background-meta":{"desktop":{"background-color":"var(--ast-global-color-5)","background-image":"","background-repeat":"repeat","background-position":"center center","background-size":"auto","background-attachment":"scroll","background-type":"","background-media":"","overlay-type":"","overlay-color":"","overlay-opacity":"","overlay-gradient":""},"tablet":{"background-color":"var(--ast-global-color-5)","background-image":"","background-repeat":"repeat","background-position":"center center","background-size":"auto","background-attachment":"scroll","background-type":"","background-media":"","overlay-type":"","overlay-color":"","overlay-opacity":"","overlay-gradient":""},"mobile":{"background-color":"var(--ast-global-color-5)","background-image":"","background-repeat":"repeat","background-position":"center center","background-size":"auto","background-attachment":"scroll","background-type":"","background-media":"","overlay-type":"","overlay-color":"","overlay-opacity":"","overlay-gradient":""}},"_joinchat":[]},"product_brand":[],"product_cat":[141,136],"product_tag":[],"class_list":{"0":"post-3277","1":"product","2":"type-product","3":"status-publish","4":"has-post-thumbnail","6":"product_cat-base-liquida","7":"product_cat-mary-kay","8":"desktop-align-center","9":"tablet-align-left","10":"mobile-align-left","12":"first","13":"instock","14":"shipping-taxable","15":"product-type-variable"},"aioseo_notices":[],"jetpack_sharing_enabled":true,"_links":{"self":[{"href":"https:\/\/camilamoda.com\/index.php\/wp-json\/wp\/v2\/product\/3277","targetHints":{"allow":["GET"]}}],"collection":[{"href":"https:\/\/camilamoda.com\/index.php\/wp-json\/wp\/v2\/product"}],"about":[{"href":"https:\/\/camilamoda.com\/index.php\/wp-json\/wp\/v2\/types\/product"}],"replies":[{"embeddable":true,"href":"https:\/\/camilamoda.com\/index.php\/wp-json\/wp\/v2\/comments?post=3277"}],"wp:featuredmedia":[{"embeddable":true,"href":"https:\/\/camilamoda.com\/index.php\/wp-json\/wp\/v2\/media\/3290"}],"wp:attachment":[{"href":"https:\/\/camilamoda.com\/index.php\/wp-json\/wp\/v2\/media?parent=3277"}],"wp:term":[{"taxonomy":"product_brand","embeddable":true,"href":"https:\/\/camilamoda.com\/index.php\/wp-json\/wp\/v2\/product_brand?post=3277"},{"taxonomy":"product_cat","embeddable":true,"href":"https:\/\/camilamoda.com\/index.php\/wp-json\/wp\/v2\/product_cat?post=3277"},{"taxonomy":"product_tag","embeddable":true,"href":"https:\/\/camilamoda.com\/index.php\/wp-json\/wp\/v2\/product_tag?post=3277"}],"curies":[{"name":"wp","href":"https:\/\/api.w.org\/{rel}","templated":true}]}}