{"id":2993,"date":"2024-01-24T17:21:32","date_gmt":"2024-01-24T23:21:32","guid":{"rendered":"http:\/\/camilamoda.com\/?post_type=product&#038;p=2993"},"modified":"2024-01-24T17:21:32","modified_gmt":"2024-01-24T23:21:32","slug":"charm-colgante-doble-corazones-infinitos-entrelazados","status":"publish","type":"product","link":"https:\/\/camilamoda.com\/index.php\/producto\/charm-colgante-doble-corazones-infinitos-entrelazados\/","title":{"rendered":"Charm Colgante Doble Corazones Infinitos Entrelazados"},"content":{"rendered":"<p>Duplica el amor que sientes hacia tu madre con el Charm Colgante Doble Corazones Infinitos Entrelazados. Un coraz\u00f3n con un recubrimiento electrol\u00edtico de oro rosa de segunda ley de 14k decorado con cristales artificiales de color rosa brillan junto a un coraz\u00f3n de plata de primera ley embellecido con la inscripci\u00f3n: \u00abYou are the heart of our family\u00bb (Eres el coraz\u00f3n de la familia) La anilla se presenta con gemas de color rosa y transparente engastadas en pav\u00e9. Este es el regalo perfecto para alguien que siempre ocupa un lugar especial en tu coraz\u00f3n.<\/p>\n","protected":false},"excerpt":{"rendered":"<p>Marca: Pandora<\/p>\n<p>Metal: Plata 925<\/p>\n","protected":false},"featured_media":2994,"comment_status":"open","ping_status":"closed","template":"","meta":{"site-sidebar-layout":"default","site-content-layout":"","ast-site-content-layout":"default","site-content-style":"default","site-sidebar-style":"default","ast-global-header-display":"","ast-banner-title-visibility":"","ast-main-header-display":"","ast-hfb-above-header-display":"","ast-hfb-below-header-display":"","ast-hfb-mobile-header-display":"","site-post-title":"","ast-breadcrumbs-content":"","ast-featured-img":"","footer-sml-layout":"","ast-disable-related-posts":"","theme-transparent-header-meta":"default","adv-header-id-meta":"","stick-header-meta":"","header-above-stick-meta":"","header-main-stick-meta":"","header-below-stick-meta":"","astra-migrate-meta-layouts":"set","ast-page-background-enabled":"default","ast-page-background-meta":{"desktop":{"background-color":"","background-image":"","background-repeat":"repeat","background-position":"center center","background-size":"auto","background-attachment":"scroll","background-type":"","background-media":"","overlay-type":"","overlay-color":"","overlay-opacity":"","overlay-gradient":""},"tablet":{"background-color":"","background-image":"","background-repeat":"repeat","background-position":"center center","background-size":"auto","background-attachment":"scroll","background-type":"","background-media":"","overlay-type":"","overlay-color":"","overlay-opacity":"","overlay-gradient":""},"mobile":{"background-color":"","background-image":"","background-repeat":"repeat","background-position":"center center","background-size":"auto","background-attachment":"scroll","background-type":"","background-media":"","overlay-type":"","overlay-color":"","overlay-opacity":"","overlay-gradient":""}},"ast-content-background-meta":{"desktop":{"background-color":"var(--ast-global-color-5)","background-image":"","background-repeat":"repeat","background-position":"center center","background-size":"auto","background-attachment":"scroll","background-type":"","background-media":"","overlay-type":"","overlay-color":"","overlay-opacity":"","overlay-gradient":""},"tablet":{"background-color":"var(--ast-global-color-5)","background-image":"","background-repeat":"repeat","background-position":"center center","background-size":"auto","background-attachment":"scroll","background-type":"","background-media":"","overlay-type":"","overlay-color":"","overlay-opacity":"","overlay-gradient":""},"mobile":{"background-color":"var(--ast-global-color-5)","background-image":"","background-repeat":"repeat","background-position":"center center","background-size":"auto","background-attachment":"scroll","background-type":"","background-media":"","overlay-type":"","overlay-color":"","overlay-opacity":"","overlay-gradient":""}},"_joinchat":[]},"product_brand":[],"product_cat":[17,67],"product_tag":[],"class_list":{"0":"post-2993","1":"product","2":"type-product","3":"status-publish","4":"has-post-thumbnail","6":"product_cat-accesorios","7":"product_cat-charm","8":"desktop-align-center","9":"tablet-align-left","10":"mobile-align-left","12":"first","13":"instock","14":"shipping-taxable","15":"purchasable","16":"product-type-simple"},"aioseo_notices":[],"jetpack_sharing_enabled":true,"_links":{"self":[{"href":"https:\/\/camilamoda.com\/index.php\/wp-json\/wp\/v2\/product\/2993","targetHints":{"allow":["GET"]}}],"collection":[{"href":"https:\/\/camilamoda.com\/index.php\/wp-json\/wp\/v2\/product"}],"about":[{"href":"https:\/\/camilamoda.com\/index.php\/wp-json\/wp\/v2\/types\/product"}],"replies":[{"embeddable":true,"href":"https:\/\/camilamoda.com\/index.php\/wp-json\/wp\/v2\/comments?post=2993"}],"wp:featuredmedia":[{"embeddable":true,"href":"https:\/\/camilamoda.com\/index.php\/wp-json\/wp\/v2\/media\/2994"}],"wp:attachment":[{"href":"https:\/\/camilamoda.com\/index.php\/wp-json\/wp\/v2\/media?parent=2993"}],"wp:term":[{"taxonomy":"product_brand","embeddable":true,"href":"https:\/\/camilamoda.com\/index.php\/wp-json\/wp\/v2\/product_brand?post=2993"},{"taxonomy":"product_cat","embeddable":true,"href":"https:\/\/camilamoda.com\/index.php\/wp-json\/wp\/v2\/product_cat?post=2993"},{"taxonomy":"product_tag","embeddable":true,"href":"https:\/\/camilamoda.com\/index.php\/wp-json\/wp\/v2\/product_tag?post=2993"}],"curies":[{"name":"wp","href":"https:\/\/api.w.org\/{rel}","templated":true}]}}