{"id":2879,"date":"2024-01-16T15:25:21","date_gmt":"2024-01-16T21:25:21","guid":{"rendered":"http:\/\/camilamoda.com\/?post_type=product&#038;p=2879"},"modified":"2024-01-16T15:32:33","modified_gmt":"2024-01-16T21:32:33","slug":"maidenform-boyshorts-moldeadores-de-cintura-alta-y-control-firme-para-mujer","status":"publish","type":"product","link":"https:\/\/camilamoda.com\/index.php\/producto\/maidenform-boyshorts-moldeadores-de-cintura-alta-y-control-firme-para-mujer\/","title":{"rendered":"Maidenform Boyshorts Moldeadores de Cintura Alta y Control Firme Para Mujer"},"content":{"rendered":"<p>Tipo de f\u00e1brica<\/p>\n<p>70% nailon, 30% elastano<\/p>\n<p>Absorci\u00f3n de Humedad<\/p>\n<p>Instrucciones de cuidado<\/p>\n<p>Lavar a mano \u00fanicamente<\/p>\n<p>Origen<\/p>\n<p>Importado<\/p>\n<p>Acerca de este art\u00edculo<\/p>\n<p>Dale la forma que deseas: las prendas moldeadoras de control firme esculpen tu figura desde justo debajo del sost\u00e9n hasta la parte superior de los muslos.<\/p>\n<p>TONIFICACI\u00d3N OBJETIVO: apunte a su barriga y cintura con un dise\u00f1o de cintura alta que cuenta con una banda moldeadora extra ancha y un forro de malla el\u00e9ctrica de dos capas para un alisado efectivo.<\/p>\n<p>NO SE ENROLLA: la cintura ancha se mantiene en su sitio y est\u00e1 dise\u00f1ada para evitar que se enrollen molestos.<\/p>\n<p>Afronta tu d\u00eda con confianza: este moldeador de abdomen\u00a0 ofrece la combinaci\u00f3n perfecta de cobertura de est\u00f3mago, cadera y trasero.<\/p>\n<p>COMODIDAD TAMBI\u00c9N: la tela de microfibra suave est\u00e1 hecha para moverse cuando lo haces.<\/p>\n<p>COBERTURA QUE NECESITAS: este moldeador de abdomen\u00a0 proporciona la cantidad justa de cobertura para el est\u00f3mago, la cadera y la parte trasera para brindar confianza y comodidad.<\/p>\n","protected":false},"excerpt":{"rendered":"<p>Marca: Maidenform<\/p>\n","protected":false},"featured_media":2882,"comment_status":"open","ping_status":"closed","template":"","meta":{"site-sidebar-layout":"default","site-content-layout":"","ast-site-content-layout":"default","site-content-style":"default","site-sidebar-style":"default","ast-global-header-display":"","ast-banner-title-visibility":"","ast-main-header-display":"","ast-hfb-above-header-display":"","ast-hfb-below-header-display":"","ast-hfb-mobile-header-display":"","site-post-title":"","ast-breadcrumbs-content":"","ast-featured-img":"","footer-sml-layout":"","ast-disable-related-posts":"","theme-transparent-header-meta":"default","adv-header-id-meta":"","stick-header-meta":"","header-above-stick-meta":"","header-main-stick-meta":"","header-below-stick-meta":"","astra-migrate-meta-layouts":"set","ast-page-background-enabled":"default","ast-page-background-meta":{"desktop":{"background-color":"","background-image":"","background-repeat":"repeat","background-position":"center center","background-size":"auto","background-attachment":"scroll","background-type":"","background-media":"","overlay-type":"","overlay-color":"","overlay-opacity":"","overlay-gradient":""},"tablet":{"background-color":"","background-image":"","background-repeat":"repeat","background-position":"center center","background-size":"auto","background-attachment":"scroll","background-type":"","background-media":"","overlay-type":"","overlay-color":"","overlay-opacity":"","overlay-gradient":""},"mobile":{"background-color":"","background-image":"","background-repeat":"repeat","background-position":"center center","background-size":"auto","background-attachment":"scroll","background-type":"","background-media":"","overlay-type":"","overlay-color":"","overlay-opacity":"","overlay-gradient":""}},"ast-content-background-meta":{"desktop":{"background-color":"var(--ast-global-color-5)","background-image":"","background-repeat":"repeat","background-position":"center center","background-size":"auto","background-attachment":"scroll","background-type":"","background-media":"","overlay-type":"","overlay-color":"","overlay-opacity":"","overlay-gradient":""},"tablet":{"background-color":"var(--ast-global-color-5)","background-image":"","background-repeat":"repeat","background-position":"center center","background-size":"auto","background-attachment":"scroll","background-type":"","background-media":"","overlay-type":"","overlay-color":"","overlay-opacity":"","overlay-gradient":""},"mobile":{"background-color":"var(--ast-global-color-5)","background-image":"","background-repeat":"repeat","background-position":"center center","background-size":"auto","background-attachment":"scroll","background-type":"","background-media":"","overlay-type":"","overlay-color":"","overlay-opacity":"","overlay-gradient":""}},"_joinchat":[]},"product_brand":[],"product_cat":[16,31],"product_tag":[],"class_list":{"0":"post-2879","1":"product","2":"type-product","3":"status-publish","4":"has-post-thumbnail","6":"product_cat-damas","7":"product_cat-ropa-interior","8":"pa_color-beige","9":"pa_color-negro","10":"pa_talla-m","11":"pa_talla-s","12":"desktop-align-center","13":"tablet-align-left","14":"mobile-align-left","16":"first","17":"instock","18":"shipping-taxable","19":"purchasable","20":"product-type-variable"},"aioseo_notices":[],"jetpack_sharing_enabled":true,"_links":{"self":[{"href":"https:\/\/camilamoda.com\/index.php\/wp-json\/wp\/v2\/product\/2879","targetHints":{"allow":["GET"]}}],"collection":[{"href":"https:\/\/camilamoda.com\/index.php\/wp-json\/wp\/v2\/product"}],"about":[{"href":"https:\/\/camilamoda.com\/index.php\/wp-json\/wp\/v2\/types\/product"}],"replies":[{"embeddable":true,"href":"https:\/\/camilamoda.com\/index.php\/wp-json\/wp\/v2\/comments?post=2879"}],"wp:featuredmedia":[{"embeddable":true,"href":"https:\/\/camilamoda.com\/index.php\/wp-json\/wp\/v2\/media\/2882"}],"wp:attachment":[{"href":"https:\/\/camilamoda.com\/index.php\/wp-json\/wp\/v2\/media?parent=2879"}],"wp:term":[{"taxonomy":"product_brand","embeddable":true,"href":"https:\/\/camilamoda.com\/index.php\/wp-json\/wp\/v2\/product_brand?post=2879"},{"taxonomy":"product_cat","embeddable":true,"href":"https:\/\/camilamoda.com\/index.php\/wp-json\/wp\/v2\/product_cat?post=2879"},{"taxonomy":"product_tag","embeddable":true,"href":"https:\/\/camilamoda.com\/index.php\/wp-json\/wp\/v2\/product_tag?post=2879"}],"curies":[{"name":"wp","href":"https:\/\/api.w.org\/{rel}","templated":true}]}}