{"id":2600,"date":"2023-12-14T00:29:38","date_gmt":"2023-12-14T06:29:38","guid":{"rendered":"http:\/\/camilamoda.com\/?post_type=product&#038;p=2600"},"modified":"2023-12-14T00:29:39","modified_gmt":"2023-12-14T06:29:39","slug":"escada-celebrate-n-o-w-eua-de-parfum-80ml","status":"publish","type":"product","link":"https:\/\/camilamoda.com\/index.php\/producto\/escada-celebrate-n-o-w-eua-de-parfum-80ml\/","title":{"rendered":"Escada Celebrate N.O.W. Eua de Parfum 80ml"},"content":{"rendered":"<div class=\"hero-section\">\n<div class=\"grid-container text--center\">\n<div class=\"\">\n<div class=\"grid-x hero hero-full-block hero-full-block--horizontal\">\n<div class=\"cell hero-full-block__content align-middle flex-container hero-full-block__content--secondary large-8\">\n<div class=\"hero-full-block__content-box\">\n<h1 class=\"heading hero__heading hero-full-block__heading\" data-test=\"hero-content-heading\">DESCUBRA EL AROMA<\/h1>\n<p class=\"hero__text hero-full-block__text\" data-test=\"hero-content-description\">La mujer Celebrate N.O.W, inteligente, sofisticada y siempre curiosa, sabe que hay que aprovechar cada d\u00eda.<\/p>\n<p class=\"hero__text hero-full-block__text\" data-test=\"hero-content-description\"><span style=\"font-size: 16px;\">ESCADA Celebrate N.O.W., inesperada, optimista y extraordinariamente femenina, te proporciona la energ\u00eda y la confianza que necesitas para conquistarlo todo. Y para que lo hagas con gracia y armon\u00eda.<\/span><\/p>\n<\/div>\n<\/div>\n<\/div>\n<\/div>\n<\/div>\n<\/div>\n<div class=\"hero-section\">\n<div class=\"grid-container text--center\">\n<div class=\"\">\n<div class=\"grid-x hero hero-full-block hero-full-block--horizontal\">\n<div class=\"cell hero-full-block__content align-middle flex-container hero-full-block__content--secondary large-8\">\n<div class=\"hero-full-block__content-box\">\n<h1 class=\"heading hero__heading hero-full-block__heading\" data-test=\"hero-content-heading\">LA FRAGANCIA<\/h1>\n<p class=\"hero__text hero-full-block__text\" data-test=\"hero-content-description\">La fragancia, una fusi\u00f3n din\u00e1mica de acordes naturales, nace de un fondo c\u00e1lido de canela y haba tonka con su caracter\u00edstico toque terrenal tierno y nost\u00e1lgico. En su coraz\u00f3n florece la magnolia, un antiguo s\u00edmbolo de generosidad y perseverancia que a\u00f1ade un toque de fuerza y suntuosidad. Y su nota de salida es un toque de especiado jengibre, un estimulante instant\u00e1neo para los sentidos y el alma.<\/p>\n<\/div>\n<\/div>\n<\/div>\n<\/div>\n<\/div>\n<\/div>\n","protected":false},"excerpt":{"rendered":"<p>Marca: Escada<\/p>\n<p>Contenido 80ml<\/p>\n","protected":false},"featured_media":2601,"comment_status":"open","ping_status":"closed","template":"","meta":{"site-sidebar-layout":"default","site-content-layout":"","ast-site-content-layout":"default","site-content-style":"default","site-sidebar-style":"default","ast-global-header-display":"","ast-banner-title-visibility":"","ast-main-header-display":"","ast-hfb-above-header-display":"","ast-hfb-below-header-display":"","ast-hfb-mobile-header-display":"","site-post-title":"","ast-breadcrumbs-content":"","ast-featured-img":"","footer-sml-layout":"","ast-disable-related-posts":"","theme-transparent-header-meta":"default","adv-header-id-meta":"","stick-header-meta":"","header-above-stick-meta":"","header-main-stick-meta":"","header-below-stick-meta":"","astra-migrate-meta-layouts":"set","ast-page-background-enabled":"default","ast-page-background-meta":{"desktop":{"background-color":"","background-image":"","background-repeat":"repeat","background-position":"center center","background-size":"auto","background-attachment":"scroll","background-type":"","background-media":"","overlay-type":"","overlay-color":"","overlay-opacity":"","overlay-gradient":""},"tablet":{"background-color":"","background-image":"","background-repeat":"repeat","background-position":"center center","background-size":"auto","background-attachment":"scroll","background-type":"","background-media":"","overlay-type":"","overlay-color":"","overlay-opacity":"","overlay-gradient":""},"mobile":{"background-color":"","background-image":"","background-repeat":"repeat","background-position":"center center","background-size":"auto","background-attachment":"scroll","background-type":"","background-media":"","overlay-type":"","overlay-color":"","overlay-opacity":"","overlay-gradient":""}},"ast-content-background-meta":{"desktop":{"background-color":"var(--ast-global-color-5)","background-image":"","background-repeat":"repeat","background-position":"center center","background-size":"auto","background-attachment":"scroll","background-type":"","background-media":"","overlay-type":"","overlay-color":"","overlay-opacity":"","overlay-gradient":""},"tablet":{"background-color":"var(--ast-global-color-5)","background-image":"","background-repeat":"repeat","background-position":"center center","background-size":"auto","background-attachment":"scroll","background-type":"","background-media":"","overlay-type":"","overlay-color":"","overlay-opacity":"","overlay-gradient":""},"mobile":{"background-color":"var(--ast-global-color-5)","background-image":"","background-repeat":"repeat","background-position":"center center","background-size":"auto","background-attachment":"scroll","background-type":"","background-media":"","overlay-type":"","overlay-color":"","overlay-opacity":"","overlay-gradient":""}},"_joinchat":[]},"product_brand":[],"product_cat":[16,30],"product_tag":[92,93],"class_list":{"0":"post-2600","1":"product","2":"type-product","3":"status-publish","4":"has-post-thumbnail","6":"product_cat-damas","7":"product_cat-perfumeria","8":"product_tag-celebrate","9":"product_tag-now","10":"desktop-align-center","11":"tablet-align-left","12":"mobile-align-left","14":"first","15":"instock","16":"sale","17":"shipping-taxable","18":"purchasable","19":"product-type-simple"},"aioseo_notices":[],"jetpack_sharing_enabled":true,"_links":{"self":[{"href":"https:\/\/camilamoda.com\/index.php\/wp-json\/wp\/v2\/product\/2600","targetHints":{"allow":["GET"]}}],"collection":[{"href":"https:\/\/camilamoda.com\/index.php\/wp-json\/wp\/v2\/product"}],"about":[{"href":"https:\/\/camilamoda.com\/index.php\/wp-json\/wp\/v2\/types\/product"}],"replies":[{"embeddable":true,"href":"https:\/\/camilamoda.com\/index.php\/wp-json\/wp\/v2\/comments?post=2600"}],"wp:featuredmedia":[{"embeddable":true,"href":"https:\/\/camilamoda.com\/index.php\/wp-json\/wp\/v2\/media\/2601"}],"wp:attachment":[{"href":"https:\/\/camilamoda.com\/index.php\/wp-json\/wp\/v2\/media?parent=2600"}],"wp:term":[{"taxonomy":"product_brand","embeddable":true,"href":"https:\/\/camilamoda.com\/index.php\/wp-json\/wp\/v2\/product_brand?post=2600"},{"taxonomy":"product_cat","embeddable":true,"href":"https:\/\/camilamoda.com\/index.php\/wp-json\/wp\/v2\/product_cat?post=2600"},{"taxonomy":"product_tag","embeddable":true,"href":"https:\/\/camilamoda.com\/index.php\/wp-json\/wp\/v2\/product_tag?post=2600"}],"curies":[{"name":"wp","href":"https:\/\/api.w.org\/{rel}","templated":true}]}}