{"id":2572,"date":"2023-11-24T22:12:14","date_gmt":"2023-11-25T04:12:14","guid":{"rendered":"http:\/\/camilamoda.com\/?post_type=product&#038;p=2572"},"modified":"2023-11-25T09:09:04","modified_gmt":"2023-11-25T15:09:04","slug":"azzaro-chrome-eau-de-toilette","status":"publish","type":"product","link":"https:\/\/camilamoda.com\/index.php\/producto\/azzaro-chrome-eau-de-toilette\/","title":{"rendered":"Azzaro Chrome Eua de Toilette"},"content":{"rendered":"<p>Descripcion del producto<\/p>\n<div align=\"justify\">Chrome es una fragancia masculina que despierta emociones puras en torno a la familia. Inspirada en el valor de compartir, en los sue\u00f1os de una nueva generaci\u00f3n y en las experiencias de generaciones anteriores. Su aroma fresco es intenso e inolvidable. Contempor\u00e1neo y tradicional. Recuerda un d\u00eda soleado en la playa, donde un padre y su hijo disfrutan de la brisa del mar.<\/div>\n<p><b>FAMILIA OLFATIVA:<\/b>C\u00cdTRICO ACUATICO<\/p>\n<p><b>NOTAS DE LA FRAGANCIA:<\/b><\/p>\n<div align=\"justify\">\n<p><b>Notas de Salida:<\/b>\u00a0Romero, Pi\u00f1a, Nerol\u00ed, Bergamota y Lim\u00f3n.<\/p>\n<div align=\"justify\"><b>Notas de Coraz\u00f3n:<\/b>\u00a0Cilantro, Violeta Persa, Jazm\u00edn, Musgo de Roble.<\/div>\n<p><b>Notas de Fondo:<\/b>\u00a0S\u00e1ndalo, Hojas de Mate, Haba Tonka, Almizcle.<\/p>\n<\/div>\n","protected":false},"excerpt":{"rendered":"<p>Marca: Azzaro<\/p>\n<p>Contenido: 200ml<\/p>\n","protected":false},"featured_media":2575,"comment_status":"open","ping_status":"closed","template":"","meta":{"site-sidebar-layout":"default","site-content-layout":"","ast-site-content-layout":"default","site-content-style":"default","site-sidebar-style":"default","ast-global-header-display":"","ast-banner-title-visibility":"","ast-main-header-display":"","ast-hfb-above-header-display":"","ast-hfb-below-header-display":"","ast-hfb-mobile-header-display":"","site-post-title":"","ast-breadcrumbs-content":"","ast-featured-img":"","footer-sml-layout":"","ast-disable-related-posts":"","theme-transparent-header-meta":"default","adv-header-id-meta":"","stick-header-meta":"","header-above-stick-meta":"","header-main-stick-meta":"","header-below-stick-meta":"","astra-migrate-meta-layouts":"set","ast-page-background-enabled":"default","ast-page-background-meta":{"desktop":{"background-color":"","background-image":"","background-repeat":"repeat","background-position":"center center","background-size":"auto","background-attachment":"scroll","background-type":"","background-media":"","overlay-type":"","overlay-color":"","overlay-opacity":"","overlay-gradient":""},"tablet":{"background-color":"","background-image":"","background-repeat":"repeat","background-position":"center center","background-size":"auto","background-attachment":"scroll","background-type":"","background-media":"","overlay-type":"","overlay-color":"","overlay-opacity":"","overlay-gradient":""},"mobile":{"background-color":"","background-image":"","background-repeat":"repeat","background-position":"center center","background-size":"auto","background-attachment":"scroll","background-type":"","background-media":"","overlay-type":"","overlay-color":"","overlay-opacity":"","overlay-gradient":""}},"ast-content-background-meta":{"desktop":{"background-color":"var(--ast-global-color-5)","background-image":"","background-repeat":"repeat","background-position":"center center","background-size":"auto","background-attachment":"scroll","background-type":"","background-media":"","overlay-type":"","overlay-color":"","overlay-opacity":"","overlay-gradient":""},"tablet":{"background-color":"var(--ast-global-color-5)","background-image":"","background-repeat":"repeat","background-position":"center center","background-size":"auto","background-attachment":"scroll","background-type":"","background-media":"","overlay-type":"","overlay-color":"","overlay-opacity":"","overlay-gradient":""},"mobile":{"background-color":"var(--ast-global-color-5)","background-image":"","background-repeat":"repeat","background-position":"center center","background-size":"auto","background-attachment":"scroll","background-type":"","background-media":"","overlay-type":"","overlay-color":"","overlay-opacity":"","overlay-gradient":""}},"_joinchat":[]},"product_brand":[],"product_cat":[34,35],"product_tag":[],"class_list":{"0":"post-2572","1":"product","2":"type-product","3":"status-publish","4":"has-post-thumbnail","6":"product_cat-caballeros","7":"product_cat-perfumeria-ellos","8":"desktop-align-center","9":"tablet-align-left","10":"mobile-align-left","12":"first","13":"instock","14":"shipping-taxable","15":"purchasable","16":"product-type-simple"},"aioseo_notices":[],"jetpack_sharing_enabled":true,"_links":{"self":[{"href":"https:\/\/camilamoda.com\/index.php\/wp-json\/wp\/v2\/product\/2572","targetHints":{"allow":["GET"]}}],"collection":[{"href":"https:\/\/camilamoda.com\/index.php\/wp-json\/wp\/v2\/product"}],"about":[{"href":"https:\/\/camilamoda.com\/index.php\/wp-json\/wp\/v2\/types\/product"}],"replies":[{"embeddable":true,"href":"https:\/\/camilamoda.com\/index.php\/wp-json\/wp\/v2\/comments?post=2572"}],"wp:featuredmedia":[{"embeddable":true,"href":"https:\/\/camilamoda.com\/index.php\/wp-json\/wp\/v2\/media\/2575"}],"wp:attachment":[{"href":"https:\/\/camilamoda.com\/index.php\/wp-json\/wp\/v2\/media?parent=2572"}],"wp:term":[{"taxonomy":"product_brand","embeddable":true,"href":"https:\/\/camilamoda.com\/index.php\/wp-json\/wp\/v2\/product_brand?post=2572"},{"taxonomy":"product_cat","embeddable":true,"href":"https:\/\/camilamoda.com\/index.php\/wp-json\/wp\/v2\/product_cat?post=2572"},{"taxonomy":"product_tag","embeddable":true,"href":"https:\/\/camilamoda.com\/index.php\/wp-json\/wp\/v2\/product_tag?post=2572"}],"curies":[{"name":"wp","href":"https:\/\/api.w.org\/{rel}","templated":true}]}}