{"id":1062,"date":"2023-06-19T16:17:55","date_gmt":"2023-06-19T22:17:55","guid":{"rendered":"http:\/\/camilamoda.com\/?page_id=1062"},"modified":"2023-08-30T00:43:22","modified_gmt":"2023-08-30T06:43:22","slug":"politica-de-privacidad","status":"publish","type":"page","link":"https:\/\/camilamoda.com\/index.php\/politica-de-privacidad\/","title":{"rendered":"Politica de privacidad"},"content":{"rendered":"\t\t<div data-elementor-type=\"wp-page\" data-elementor-id=\"1062\" class=\"elementor elementor-1062\">\n\t\t\t\t\t\t<section class=\"elementor-section elementor-top-section elementor-element elementor-element-81848b3 elementor-section-boxed elementor-section-height-default elementor-section-height-default\" data-id=\"81848b3\" data-element_type=\"section\" data-e-type=\"section\" data-settings=\"{&quot;background_background&quot;:&quot;gradient&quot;}\">\n\t\t\t\t\t\t<div class=\"elementor-container elementor-column-gap-default\">\n\t\t\t\t\t<div class=\"elementor-column elementor-col-100 elementor-top-column elementor-element elementor-element-f0fe170\" data-id=\"f0fe170\" data-element_type=\"column\" data-e-type=\"column\">\n\t\t\t<div class=\"elementor-widget-wrap elementor-element-populated\">\n\t\t\t\t\t\t<div class=\"elementor-element elementor-element-c47d569 elementor-widget elementor-widget-text-editor\" data-id=\"c47d569\" data-element_type=\"widget\" data-e-type=\"widget\" data-widget_type=\"text-editor.default\">\n\t\t\t\t<div class=\"elementor-widget-container\">\n\t\t\t\t\t\t\t\t\t<h4><strong>\u00a0 \u00a0 \u00a0 \u00a0 \u00a0 \u00a0 \u00a0 \u00a0 \u00a0 \u00a0 \u00a0 \u00a0 \u00a0 \u00a0 \u00a0 \u00a0 \u00a0 \u00a0 \u00a0 \u00a0 \u00a0 \u00a0 \u00a0 \u00a0 \u00a0 \u00a0 \u00a0 \u00a0 Po<\/strong><b>litica de privacidad\u00a0<\/b><\/h4><p>Conocemos la importancia de mantener su informaci\u00f3n confidencial, tanto para ustedes como para nosotros.<\/p><p>Por ello, en camilamoda.com le brindamos la seguridad que la informaci\u00f3n que usted nos ha confiado ser\u00e1 utilizada \u00fanicamente para prop\u00f3sitos de mercadeo o promocionales. En ning\u00fan momento, camilamoda.com vender\u00e1 o proporcionar\u00e1 a ninguna compa\u00f1\u00eda o interesado la informaci\u00f3n total o parcial que nos ha proporcionado.<\/p><p>Si en cualquier momento desea que borremos su informaci\u00f3n de nuestros registros, puede comunicarse con nosotros a <a href=\"mailto:contacto@camilamoda.com\">contacto@camilamoda.com<\/a><\/p><p>comunic\u00e1ndonos sus nombres y apellidos, as\u00ed como las razones por las que desea ser excluido de nuestros registros.<\/p><p>Seg\u00fan nuestros T\u00e9rminos Legales: Camis Store se compromete a mantener la privacidad de toda la informaci\u00f3n proporcionada por un usuario del sitio de Internet y solamente revelarla si fuese requerida por una autoridad judicial competente.<\/p><h4>\u00a0 \u00a0 \u00a0 \u00a0 \u00a0 \u00a0 \u00a0 \u00a0 \u00a0 \u00a0 \u00a0 \u00a0 \u00a0 \u00a0 \u00a0 \u00a0 \u00a0 \u00a0 \u00a0 \u00a0 \u00a0 \u00a0 \u00a0 \u00a0 \u00a0 \u00a0 \u00a0 \u00a0 \u00a0 \u00a0<strong>T\u00e9rminos legales<\/strong><\/h4><p><b>Transferencia bancaria:<\/b><\/p><ul><li>Un agente se pondr\u00e1 en contacto con el cliente por medio de correo para confirmar el pedido y brindar la informaci\u00f3n necesaria para realizar el pago por transferencia electr\u00f3nica desde la banca en l\u00ednea, de banco a banco, no se aceptan dep\u00f3sitos con cheque.<\/li><li>El cliente tendr\u00e1 un m\u00e1ximo de 7 d\u00edas para realizar el pago de su pedido, si el pago no es efectuado se cancelar\u00e1.<\/li><li>El pedido ser\u00e1 procesado hasta que el pago est\u00e9 confirmado por medio del env\u00edo del comprobante de la transferencia electr\u00f3nica a la cuenta de ahorro brindada por la empresa.<\/li><li>Para tramitar una devoluci\u00f3n el cliente deber\u00e1 contactarse con departamento de servicio al cliente de tienda.<\/li><\/ul>\t\t\t\t\t\t\t\t<\/div>\n\t\t\t\t<\/div>\n\t\t\t\t\t<\/div>\n\t\t<\/div>\n\t\t\t\t\t<\/div>\n\t\t<\/section>\n\t\t\t\t<\/div>\n\t\t","protected":false},"excerpt":{"rendered":"<p>\u00a0 \u00a0 \u00a0 \u00a0 \u00a0 \u00a0 \u00a0 \u00a0 \u00a0 \u00a0 \u00a0 \u00a0 \u00a0 \u00a0 \u00a0 \u00a0 \u00a0 \u00a0 \u00a0 \u00a0 \u00a0 \u00a0 \u00a0 \u00a0 \u00a0 \u00a0 \u00a0 \u00a0 Politica de privacidad\u00a0 Conocemos la importancia de mantener su informaci\u00f3n confidencial, tanto para ustedes como para nosotros. Por ello, en camilamoda.com le brindamos la seguridad que la [&hellip;]<\/p>\n","protected":false},"author":1,"featured_media":0,"parent":0,"menu_order":0,"comment_status":"closed","ping_status":"closed","template":"","meta":{"site-sidebar-layout":"no-sidebar","site-content-layout":"page-builder","ast-site-content-layout":"default","site-content-style":"default","site-sidebar-style":"default","ast-global-header-display":"","ast-banner-title-visibility":"","ast-main-header-display":"","ast-hfb-above-header-display":"","ast-hfb-below-header-display":"","ast-hfb-mobile-header-display":"","site-post-title":"disabled","ast-breadcrumbs-content":"","ast-featured-img":"disabled","footer-sml-layout":"","ast-disable-related-posts":"","theme-transparent-header-meta":"","adv-header-id-meta":"","stick-header-meta":"","header-above-stick-meta":"","header-main-stick-meta":"","header-below-stick-meta":"","astra-migrate-meta-layouts":"default","ast-page-background-enabled":"default","ast-page-background-meta":{"desktop":{"background-color":"","background-image":"","background-repeat":"repeat","background-position":"center center","background-size":"auto","background-attachment":"scroll","background-type":"","background-media":"","overlay-type":"","overlay-color":"","overlay-opacity":"","overlay-gradient":""},"tablet":{"background-color":"","background-image":"","background-repeat":"repeat","background-position":"center center","background-size":"auto","background-attachment":"scroll","background-type":"","background-media":"","overlay-type":"","overlay-color":"","overlay-opacity":"","overlay-gradient":""},"mobile":{"background-color":"","background-image":"","background-repeat":"repeat","background-position":"center center","background-size":"auto","background-attachment":"scroll","background-type":"","background-media":"","overlay-type":"","overlay-color":"","overlay-opacity":"","overlay-gradient":""}},"ast-content-background-meta":{"desktop":{"background-color":"var(--ast-global-color-5)","background-image":"","background-repeat":"repeat","background-position":"center center","background-size":"auto","background-attachment":"scroll","background-type":"","background-media":"","overlay-type":"","overlay-color":"","overlay-opacity":"","overlay-gradient":""},"tablet":{"background-color":"var(--ast-global-color-5)","background-image":"","background-repeat":"repeat","background-position":"center center","background-size":"auto","background-attachment":"scroll","background-type":"","background-media":"","overlay-type":"","overlay-color":"","overlay-opacity":"","overlay-gradient":""},"mobile":{"background-color":"var(--ast-global-color-5)","background-image":"","background-repeat":"repeat","background-position":"center center","background-size":"auto","background-attachment":"scroll","background-type":"","background-media":"","overlay-type":"","overlay-color":"","overlay-opacity":"","overlay-gradient":""}},"_joinchat":[],"footnotes":""},"class_list":["post-1062","page","type-page","status-publish","hentry"],"aioseo_notices":[],"_hostinger_reach_plugin_has_subscription_block":false,"_hostinger_reach_plugin_is_elementor":false,"jetpack_sharing_enabled":true,"_links":{"self":[{"href":"https:\/\/camilamoda.com\/index.php\/wp-json\/wp\/v2\/pages\/1062","targetHints":{"allow":["GET"]}}],"collection":[{"href":"https:\/\/camilamoda.com\/index.php\/wp-json\/wp\/v2\/pages"}],"about":[{"href":"https:\/\/camilamoda.com\/index.php\/wp-json\/wp\/v2\/types\/page"}],"author":[{"embeddable":true,"href":"https:\/\/camilamoda.com\/index.php\/wp-json\/wp\/v2\/users\/1"}],"replies":[{"embeddable":true,"href":"https:\/\/camilamoda.com\/index.php\/wp-json\/wp\/v2\/comments?post=1062"}],"version-history":[{"count":25,"href":"https:\/\/camilamoda.com\/index.php\/wp-json\/wp\/v2\/pages\/1062\/revisions"}],"predecessor-version":[{"id":1866,"href":"https:\/\/camilamoda.com\/index.php\/wp-json\/wp\/v2\/pages\/1062\/revisions\/1866"}],"wp:attachment":[{"href":"https:\/\/camilamoda.com\/index.php\/wp-json\/wp\/v2\/media?parent=1062"}],"curies":[{"name":"wp","href":"https:\/\/api.w.org\/{rel}","templated":true}]}}