{"id":1060,"date":"2023-06-19T16:17:55","date_gmt":"2023-06-19T22:17:55","guid":{"rendered":"http:\/\/camilamoda.com\/?page_id=1060"},"modified":"2024-12-26T17:18:06","modified_gmt":"2024-12-26T23:18:06","slug":"terminos-y-condiciones","status":"publish","type":"page","link":"https:\/\/camilamoda.com\/index.php\/terminos-y-condiciones\/","title":{"rendered":"Terminos y condiciones"},"content":{"rendered":"\t\t<div data-elementor-type=\"wp-page\" data-elementor-id=\"1060\" class=\"elementor elementor-1060\">\n\t\t\t\t\t\t<section class=\"elementor-section elementor-top-section elementor-element elementor-element-5692e555 elementor-section-boxed elementor-section-height-default elementor-section-height-default\" data-id=\"5692e555\" data-element_type=\"section\" data-e-type=\"section\">\n\t\t\t\t\t\t<div class=\"elementor-container elementor-column-gap-default\">\n\t\t\t\t\t<div class=\"elementor-column elementor-col-100 elementor-top-column elementor-element elementor-element-46cd833\" data-id=\"46cd833\" data-element_type=\"column\" data-e-type=\"column\">\n\t\t\t<div class=\"elementor-widget-wrap elementor-element-populated\">\n\t\t\t\t\t\t<div class=\"elementor-element elementor-element-456a68e5 elementor-widget elementor-widget-text-editor\" data-id=\"456a68e5\" data-element_type=\"widget\" data-e-type=\"widget\" data-widget_type=\"text-editor.default\">\n\t\t\t\t<div class=\"elementor-widget-container\">\n\t\t\t\t\t\t\t\t\t<p>COMPRAS EN CAMILAMODA.COM Y WHATSAPP CAMILAMODA<\/p><p>\u00bfC\u00f3mo puedo realizar mi compra en Camilamoda.com?<br \/>\u2022 Ingresa en camilamoda.com<br \/>\u2022 Selecciona el producto que buscas y agr\u00e9galo a tu carrito<br \/>\u2022 Cuando termines, selecciona \u201cComprar\u201d<br \/>\u2022 Selecciona \u201cFinalizar Compra\u201d, Ingresa tus datos y realiza el pago.<\/p><p>\u00bfC\u00f3mo puedo realizar mi pedido en WhatsApp?<br \/>Selecciona el link e inicia la conversaci\u00f3n: Clic aqu\u00ed<\/p><p>\u00bfEn cu\u00e1nto tiempo llegar\u00e1 mi pedido?<br \/>Zona oriental: 3 d\u00edas<br \/>Interior del pa\u00eds: 5 d\u00edas<\/p><p>Compras en Estados Unidos, Canada, Francia, Espa\u00f1a y Singapur puede tardar de 15 a 22 dias la entrega.<\/p><p>\u00bfCu\u00e1nto cuesta el env\u00edo a domicilio?<br \/>El cobro de env\u00edo se basa en la distancia del municipio adonde vives.<br \/>Si tu pedido incluye mercader\u00eda de distintas sucursales, se cobrar\u00e1 m\u00e1s de un flete en base de donde provenga tu mercader\u00eda.<\/p><p class=\"lh-copy vtex-rich-text-0-x-paragraph vtex-rich-text-0-x-paragraph--content-devoluciones\">camilamoda.com pertenece a Sandra Ruiz con:<br \/>\u25a0 NIT: 1217-061286-101-1<br \/>\u25a0 Raz\u00f3n Social: Venta de prendas y accesorios de vestir<br \/>\u25a0 Domicilio: Quelepa, San Miguel, El Salvador<br \/>\u25a0 Tel\u00e9fono: (503)7150-7722<br \/>\u25a0 Correo Electr\u00f3nico:\u00a0<a class=\"vtex-rich-text-0-x-link vtex-rich-text-0-x-link--content-devoluciones\" href=\"contacto@camilamoda.com\">contacto@camilamoda.com<\/a><br \/>1.Restricci\u00f3n de Uso<br \/>Todo el contenido de este sitio es propiedad de Sandra Ruiz. El mismo no puede ser copiado, reproducido, duplicado, transmitido, vendido, publicado, distribuido o explotado de ninguna manera para prop\u00f3sitos comerciales, excepto que el usuario puede bajar y guardar en la memoria de su computadora una copia para su uso y referencia personal.<\/p><p class=\"lh-copy vtex-rich-text-0-x-paragraph vtex-rich-text-0-x-paragraph--content-devoluciones\">No est\u00e1 permitido el uso de nuestra p\u00e1gina para prop\u00f3sitos comerciales.<\/p><p class=\"lh-copy vtex-rich-text-0-x-paragraph vtex-rich-text-0-x-paragraph--content-devoluciones\">El uso indebido constituye violaci\u00f3n de los derechos de registro y propiedad intelectual, tanto de im\u00e1genes como de contenido.<br \/>2.Colores y Fotograf\u00edas<br \/>En\u00a0<a class=\"vtex-rich-text-0-x-link vtex-rich-text-0-x-link--content-devoluciones\" href=\"http:\/\/www.siman.com\/\">camilamoda.com<\/a>\u00a0hemos hecho nuestro mejor esfuerzo por desplegar de la manera m\u00e1s exacta posible los colores de los productos que aparecen en nuestro sitio. Sin embargo, ya que los colores que el usuario observe dependen de su monitor, no podemos garantizar que los colores que se observen en pantalla sean exactos.<\/p><p class=\"lh-copy vtex-rich-text-0-x-paragraph vtex-rich-text-0-x-paragraph--content-devoluciones\">Toda fotograf\u00eda ha sido tomada con el fin representar de la mejor manera las caracter\u00edsticas de cada producto, por lo que los accesorios usados para ambientar los productos no est\u00e1n incluidos y no forman parte de este. Por favor leer cuidadosamente la descripci\u00f3n de cada producto.<br \/>3.Precio(s) y costo(s) de env\u00edo<br \/>Camis Store, pone a disposici\u00f3n la tienda virtual <a class=\"vtex-rich-text-0-x-link vtex-rich-text-0-x-link--content-devoluciones\" href=\"http:\/\/www.siman.com\/\">camilamoda.com<\/a> donde puede realizar pedidos locales e internacionales, su tiempo de entrega depende tu pa\u00eds.<\/p><p class=\"lh-copy vtex-rich-text-0-x-paragraph vtex-rich-text-0-x-paragraph--content-devoluciones\">En caso de necesitar realizar un cambio en su pedido previo al despacho de este, podr\u00e1 hacerlo dentro de las primeras 12 horas, estas condiciones pueden ser:<\/p><p class=\"lh-copy vtex-rich-text-0-x-paragraph vtex-rich-text-0-x-paragraph--content-devoluciones\">\u25a0 Solicitar el Comprobante de Cr\u00e9dito Fiscal<br \/>\u25a0 Agregar o eliminar art\u00edculos de su pedido original<\/p><p class=\"lh-copy vtex-rich-text-0-x-paragraph vtex-rich-text-0-x-paragraph--content-devoluciones\">En caso se haya agotado el plazo de las 12 horas no se podr\u00e1 realizar ning\u00fan cambio en su pedido, de ser este necesario se podr\u00e1 cancelar y se deber\u00e1 generar uno nuevo bajo el precio mostrado en la p\u00e1gina de camilamoda.com al momento de hacer el nuevo pedido.<\/p><p class=\"lh-copy vtex-rich-text-0-x-paragraph vtex-rich-text-0-x-paragraph--content-devoluciones\">El pedido puede ser entregado en un plazo m\u00e1ximo de 30 d\u00edas calendarios los cuales ser\u00e1n contados a partir del d\u00eda siguiente de haber realizado la compra o puede extenderse con previo acuerdo con el cliente v\u00eda correo electr\u00f3nico o cualquier otro medio escrito.<br \/>4.Pedidos.<br \/>Camis Store, pone a disposici\u00f3n la tienda virtual <a class=\"vtex-rich-text-0-x-link vtex-rich-text-0-x-link--content-devoluciones\" href=\"http:\/\/www.siman.com\/\">camilamoda.com<\/a> donde puede realizar pedidos locales e internacionales.\u00a0<\/p><p class=\"lh-copy vtex-rich-text-0-x-paragraph vtex-rich-text-0-x-paragraph--content-devoluciones\">\u25a0 <br \/>5.Estados de Pedidos<br \/>La p\u00e1gina camilamoda<a class=\"vtex-rich-text-0-x-link vtex-rich-text-0-x-link--content-devoluciones\" href=\"http:\/\/www.siman.com\/\">.com<\/a>\u00a0cuenta con 5 estados de pedido:<\/p><p class=\"lh-copy vtex-rich-text-0-x-paragraph vtex-rich-text-0-x-paragraph--content-devoluciones\">\u25a0 Pendiente: todo pedido que ingrese aprobado tendr\u00e1 este estado hasta ser revisado<br \/>\u25a0 Procesando: Este estado lo obtiene el pedido cuando la transacci\u00f3n ha sido revisada y aprobada por el banco.<br \/>\u25a0 Enviado: Cuando el pedido ha sido enviado a la direcci\u00f3n indicada por el cliente.<br \/>\u25a0 Entregado: Cuando el pedido ha sido entregado al cliente.<br \/>\u25a0 Cancelado: Cuando el producto ha sido revocado.<\/p><p class=\"lh-copy vtex-rich-text-0-x-paragraph vtex-rich-text-0-x-paragraph--content-devoluciones\">Nos reservamos el derecho de rechazar \/ cancelar o de restringir las cantidades de cualquier pedido sin explicar los motivos, lo cual se notificar\u00e1 por medio de correo electr\u00f3nico basado en la direcci\u00f3n que se indic\u00f3 en el pedido.<br \/>6.Entregas\u00a0<br \/>Nuestro compromiso es entregar los pedidos dentro de un plazo que considere las siguientes condiciones:<\/p><p class=\"lh-copy vtex-rich-text-0-x-paragraph vtex-rich-text-0-x-paragraph--content-devoluciones\">\u25a0 Compras portables realizadas de las 0:00 am horas hasta la 1:00 pm estar\u00e1n listos para recoger en tienda el mismo d\u00eda, en caso de que no se contar\u00e1 con existencias de producto se le notificar\u00e1 al cliente dando las siguientes opciones:<\/p><p class=\"lh-copy vtex-rich-text-0-x-paragraph vtex-rich-text-0-x-paragraph--content-devoluciones\">\u2022 Comunicarle cuando se estar\u00e1 surtiendo el articulo para poder hacer la entrega<br \/>\u2022 Realizar un cambio equivalente a la compra y caracter\u00edsticas del producto comprado.<\/p><p class=\"lh-copy vtex-rich-text-0-x-paragraph vtex-rich-text-0-x-paragraph--content-devoluciones\">\u25a0 En caso de no llegar a un acuerdo se podr\u00e1 realizar la devoluci\u00f3n.\u00a0<\/p><p class=\"lh-copy vtex-rich-text-0-x-paragraph vtex-rich-text-0-x-paragraph--content-devoluciones\">\u25a0 Durante el proceso de compra en \u201cMi Carretilla\u201d se ver\u00e1 reflejado el precio de env\u00edo en base a la cuidad de destino y tipo de producto.<br \/>\u25a0 Si se visita al cliente y no hay nadie para recibir el producto, se dejar\u00e1 una nota como evidencia de que se visit\u00f3 a la persona. En caso de ser art\u00edculos grandes se contactar\u00e1 al cliente para agendar la visita dependiendo de la zona en la que se har\u00e1 la entrega de este.<br \/>\u25a0 Si no es posible realizar la entrega en el domicilio establecido por el cliente se podr\u00e1 coordinar la entrega en punto acordado por ambas partes<br \/>\u25a0 En temporadas de alta demanda comercial el pedido no est\u00e1 sujeto a ninguna promesa de entrega<br \/>\u25a0 En el caso de que el producto adquirido por el cliente tenga una demanda que rebase la capacidad de entrega de camilamoda no se estar\u00e1 sujeto a ninguna promesa de entrega con la obligaci\u00f3n de entregarlo lo m\u00e1s r\u00e1pido posible para la satisfacci\u00f3n del cliente<br \/>8.Tiempos de entrega<\/p><p class=\"lh-copy vtex-rich-text-0-x-paragraph vtex-rich-text-0-x-paragraph--content-devoluciones\">9.Ensamblaje de art\u00edculos<br \/>Si la compra requiere de ensamblaje este se programar\u00e1 posterior a la entrega del art\u00edculo, un ejecutivo de camilamoda.com se pondr\u00e1 en contacto para coordinar d\u00eda y hora de la visita. <br \/>10.Cr\u00e9dito fiscal<br \/>Para emitir cr\u00e9dito fiscal es necesario que se env\u00ede escaneada la tarjeta de IVA tanto el frente como el reverso de esta al correo\u00a0<a class=\"vtex-rich-text-0-x-link vtex-rich-text-0-x-link--content-devoluciones\" href=\"contacto@camilamoda.com\">c<\/a>ontacto@camilamoda.com, el pedido se procesar\u00e1 al momento de recibir esta informaci\u00f3n y no estar\u00eda sujeto a promesas de entrega.<br \/>11.M\u00e9todos de pagos y condiciones de uso<br \/>Actualmente se poseen los siguientes m\u00e9todos de pago en camilamoda.com:<\/p><p class=\"lh-copy vtex-rich-text-0-x-paragraph vtex-rich-text-0-x-paragraph--content-devoluciones\">\u25a0 Tarjetas de Cr\u00e9dito y D\u00e9bito (Visa, Mastercard, American Express)<\/p><p class=\"lh-copy vtex-rich-text-0-x-paragraph vtex-rich-text-0-x-paragraph--content-devoluciones\">\u2022Paypal<\/p><p class=\"lh-copy vtex-rich-text-0-x-paragraph vtex-rich-text-0-x-paragraph--content-devoluciones\"><span class=\"b vtex-rich-text-0-x-strong vtex-rich-text-0-x-strong--content-devoluciones\">Pago de contado:<\/span><br \/>\u2022 Si selecciona pagar al contado con tarjeta de d\u00e9bito o cr\u00e9dito debe asegurarse de poseer los fondos suficientes<br \/>\u2022 Ingresar la numeraci\u00f3n de la tarjeta seguido de la fecha de expiraci\u00f3n y numero de verificaci\u00f3n<\/p><p class=\"lh-copy vtex-rich-text-0-x-paragraph vtex-rich-text-0-x-paragraph--content-devoluciones\"><span class=\"b vtex-rich-text-0-x-strong vtex-rich-text-0-x-strong--content-devoluciones\">Pago meses sin intereses:<\/span><br \/>El pago a meses sin intereses no aplica para tarjetas de debito<br \/>\u2022 Si desea realizar pago a meses sin intereses el pedido debe ser de $150.00 en adelante y aplica \u00fanicamente en categor\u00edas seleccionadas.<br \/>\u2022 La opci\u00f3n de cuotas aplica \u00fanicamente con los bancos desplegados en el men\u00fa de selecci\u00f3n<br \/>\u2022 No se permiten devoluciones parciales, en caso de ser necesario se deber\u00e1 de cancelar todo el pedido y realizar una compra nueva bajo el precio mostrado en el sitio al momento de generar el nuevo pedido.<br \/>\u2022 No aplica para compras de certificados<br \/>\u2022 Un operador se pondr\u00e1 en contacto con el cliente para solicitar datos de la tarjeta y documento de identidad.<br \/>\u2022 El pedido ser\u00e1 procesado hasta que el pago este efectuado.<\/p><p class=\"lh-copy vtex-rich-text-0-x-paragraph vtex-rich-text-0-x-paragraph--content-devoluciones\">NOTA: En caso de necesitar una devoluci\u00f3n se puede solicitar a trav\u00e9s de nuestro servicio de atenci\u00f3n al cliente en sucursal, llamando al (503)71507722 la devoluci\u00f3n ser\u00e1 aplicada al tipo de tarjeta ingresada en el pedido.<\/p><p class=\"lh-copy vtex-rich-text-0-x-paragraph vtex-rich-text-0-x-paragraph--content-devoluciones\"><span class=\"b vtex-rich-text-0-x-strong vtex-rich-text-0-x-strong--content-devoluciones\">Pago en cuotas \/ Pago con puntos:<\/span><br \/>\u2022 El pago en cuotas sin intereses no aplica para tarjetas de debito.<br \/>\u2022 Si desea realizar pago a cuotas el pedido debe ser de $100.00 en adelante y aplica \u00fanicamente en categor\u00edas seleccionadas.<\/p>\t\t\t\t\t\t\t\t<\/div>\n\t\t\t\t<\/div>\n\t\t\t\t\t<\/div>\n\t\t<\/div>\n\t\t\t\t\t<\/div>\n\t\t<\/section>\n\t\t\t\t<section class=\"elementor-section elementor-top-section elementor-element elementor-element-7260b13 elementor-section-boxed elementor-section-height-default elementor-section-height-default\" data-id=\"7260b13\" data-element_type=\"section\" data-e-type=\"section\">\n\t\t\t\t\t\t<div class=\"elementor-container elementor-column-gap-default\">\n\t\t\t\t\t<div class=\"elementor-column elementor-col-100 elementor-top-column elementor-element elementor-element-964d2f5\" data-id=\"964d2f5\" data-element_type=\"column\" data-e-type=\"column\">\n\t\t\t<div class=\"elementor-widget-wrap elementor-element-populated\">\n\t\t\t\t\t\t\t<\/div>\n\t\t<\/div>\n\t\t\t\t\t<\/div>\n\t\t<\/section>\n\t\t\t\t<section class=\"elementor-section elementor-top-section elementor-element elementor-element-0f56d08 elementor-section-boxed elementor-section-height-default elementor-section-height-default\" data-id=\"0f56d08\" data-element_type=\"section\" data-e-type=\"section\">\n\t\t\t\t\t\t<div class=\"elementor-container elementor-column-gap-default\">\n\t\t\t\t\t<div class=\"elementor-column elementor-col-100 elementor-top-column elementor-element elementor-element-aa64995\" data-id=\"aa64995\" data-element_type=\"column\" data-e-type=\"column\">\n\t\t\t<div class=\"elementor-widget-wrap elementor-element-populated\">\n\t\t\t\t\t\t<section class=\"elementor-section elementor-inner-section elementor-element elementor-element-7c71e2d elementor-section-boxed elementor-section-height-default elementor-section-height-default\" data-id=\"7c71e2d\" data-element_type=\"section\" data-e-type=\"section\">\n\t\t\t\t\t\t<div class=\"elementor-container elementor-column-gap-default\">\n\t\t\t\t\t<div class=\"elementor-column elementor-col-50 elementor-inner-column elementor-element elementor-element-16b48da\" data-id=\"16b48da\" data-element_type=\"column\" data-e-type=\"column\">\n\t\t\t<div class=\"elementor-widget-wrap\">\n\t\t\t\t\t\t\t<\/div>\n\t\t<\/div>\n\t\t\t\t<div class=\"elementor-column elementor-col-50 elementor-inner-column elementor-element elementor-element-9ac7c60\" data-id=\"9ac7c60\" data-element_type=\"column\" data-e-type=\"column\">\n\t\t\t<div class=\"elementor-widget-wrap\">\n\t\t\t\t\t\t\t<\/div>\n\t\t<\/div>\n\t\t\t\t\t<\/div>\n\t\t<\/section>\n\t\t\t\t\t<\/div>\n\t\t<\/div>\n\t\t\t\t\t<\/div>\n\t\t<\/section>\n\t\t\t\t<\/div>\n\t\t","protected":false},"excerpt":{"rendered":"<p>COMPRAS EN CAMILAMODA.COM Y WHATSAPP CAMILAMODA \u00bfC\u00f3mo puedo realizar mi compra en Camilamoda.com?\u2022 Ingresa en camilamoda.com\u2022 Selecciona el producto que buscas y agr\u00e9galo a tu carrito\u2022 Cuando termines, selecciona \u201cComprar\u201d\u2022 Selecciona \u201cFinalizar Compra\u201d, Ingresa tus datos y realiza el pago. \u00bfC\u00f3mo puedo realizar mi pedido en WhatsApp?Selecciona el link e inicia la conversaci\u00f3n: Clic aqu\u00ed [&hellip;]<\/p>\n","protected":false},"author":1,"featured_media":0,"parent":0,"menu_order":0,"comment_status":"closed","ping_status":"closed","template":"","meta":{"site-sidebar-layout":"default","site-content-layout":"default","ast-site-content-layout":"default","site-content-style":"default","site-sidebar-style":"default","ast-global-header-display":"","ast-banner-title-visibility":"","ast-main-header-display":"","ast-hfb-above-header-display":"","ast-hfb-below-header-display":"","ast-hfb-mobile-header-display":"","site-post-title":"","ast-breadcrumbs-content":"","ast-featured-img":"","footer-sml-layout":"","ast-disable-related-posts":"","theme-transparent-header-meta":"default","adv-header-id-meta":"","stick-header-meta":"","header-above-stick-meta":"","header-main-stick-meta":"","header-below-stick-meta":"","astra-migrate-meta-layouts":"default","ast-page-background-enabled":"default","ast-page-background-meta":{"desktop":{"background-color":"","background-image":"","background-repeat":"repeat","background-position":"center center","background-size":"auto","background-attachment":"scroll","background-type":"","background-media":"","overlay-type":"","overlay-color":"","overlay-opacity":"","overlay-gradient":""},"tablet":{"background-color":"","background-image":"","background-repeat":"repeat","background-position":"center center","background-size":"auto","background-attachment":"scroll","background-type":"","background-media":"","overlay-type":"","overlay-color":"","overlay-opacity":"","overlay-gradient":""},"mobile":{"background-color":"","background-image":"","background-repeat":"repeat","background-position":"center center","background-size":"auto","background-attachment":"scroll","background-type":"","background-media":"","overlay-type":"","overlay-color":"","overlay-opacity":"","overlay-gradient":""}},"ast-content-background-meta":{"desktop":{"background-color":"var(--ast-global-color-5)","background-image":"","background-repeat":"repeat","background-position":"center center","background-size":"auto","background-attachment":"scroll","background-type":"","background-media":"","overlay-type":"","overlay-color":"","overlay-opacity":"","overlay-gradient":""},"tablet":{"background-color":"var(--ast-global-color-5)","background-image":"","background-repeat":"repeat","background-position":"center center","background-size":"auto","background-attachment":"scroll","background-type":"","background-media":"","overlay-type":"","overlay-color":"","overlay-opacity":"","overlay-gradient":""},"mobile":{"background-color":"var(--ast-global-color-5)","background-image":"","background-repeat":"repeat","background-position":"center center","background-size":"auto","background-attachment":"scroll","background-type":"","background-media":"","overlay-type":"","overlay-color":"","overlay-opacity":"","overlay-gradient":""}},"_joinchat":[],"footnotes":""},"class_list":["post-1060","page","type-page","status-publish","hentry"],"aioseo_notices":[],"_hostinger_reach_plugin_has_subscription_block":false,"_hostinger_reach_plugin_is_elementor":false,"jetpack_sharing_enabled":true,"_links":{"self":[{"href":"https:\/\/camilamoda.com\/index.php\/wp-json\/wp\/v2\/pages\/1060","targetHints":{"allow":["GET"]}}],"collection":[{"href":"https:\/\/camilamoda.com\/index.php\/wp-json\/wp\/v2\/pages"}],"about":[{"href":"https:\/\/camilamoda.com\/index.php\/wp-json\/wp\/v2\/types\/page"}],"author":[{"embeddable":true,"href":"https:\/\/camilamoda.com\/index.php\/wp-json\/wp\/v2\/users\/1"}],"replies":[{"embeddable":true,"href":"https:\/\/camilamoda.com\/index.php\/wp-json\/wp\/v2\/comments?post=1060"}],"version-history":[{"count":32,"href":"https:\/\/camilamoda.com\/index.php\/wp-json\/wp\/v2\/pages\/1060\/revisions"}],"predecessor-version":[{"id":4341,"href":"https:\/\/camilamoda.com\/index.php\/wp-json\/wp\/v2\/pages\/1060\/revisions\/4341"}],"wp:attachment":[{"href":"https:\/\/camilamoda.com\/index.php\/wp-json\/wp\/v2\/media?parent=1060"}],"curies":[{"name":"wp","href":"https:\/\/api.w.org\/{rel}","templated":true}]}}